{"id":2359,"date":"2021-09-18T09:55:49","date_gmt":"2021-09-18T07:55:49","guid":{"rendered":"https:\/\/racines.ovh\/?page_id=2359"},"modified":"2021-12-06T16:54:04","modified_gmt":"2021-12-06T15:54:04","slug":"la-recherche","status":"publish","type":"page","link":"https:\/\/gebnout.fr\/index.php\/la-recherche\/","title":{"rendered":"La Recherche"},"content":{"rendered":"\t\t<div data-elementor-type=\"wp-page\" data-elementor-id=\"2359\" class=\"elementor elementor-2359\">\n\t\t\t\t\t\t\t\t\t<section class=\"elementor-section elementor-top-section elementor-element elementor-element-d42413f elementor-section-full_width elementor-section-stretched elementor-section-height-default elementor-section-height-default\" data-id=\"d42413f\" data-element_type=\"section\" data-settings=\"{&quot;background_background&quot;:&quot;gradient&quot;,&quot;animation&quot;:&quot;none&quot;,&quot;stretch_section&quot;:&quot;section-stretched&quot;}\">\n\t\t\t\t\t\t<div class=\"elementor-container elementor-column-gap-default\">\n\t\t\t\t\t<div class=\"elementor-column elementor-col-100 elementor-top-column elementor-element elementor-element-8d6b3bf\" data-id=\"8d6b3bf\" data-element_type=\"column\">\n\t\t\t<div class=\"elementor-widget-wrap elementor-element-populated\">\n\t\t\t\t\t\t\t\t<div class=\"elementor-element elementor-element-1309a00 elementor-widget elementor-widget-spacer\" data-id=\"1309a00\" data-element_type=\"widget\" data-widget_type=\"spacer.default\">\n\t\t\t\t<div class=\"elementor-widget-container\">\n\t\t\t<style>\/*! elementor - v3.14.0 - 26-06-2023 *\/\n.elementor-column .elementor-spacer-inner{height:var(--spacer-size)}.e-con{--container-widget-width:100%}.e-con-inner>.elementor-widget-spacer,.e-con>.elementor-widget-spacer{width:var(--container-widget-width,var(--spacer-size));--align-self:var(--container-widget-align-self,initial);--flex-shrink:0}.e-con-inner>.elementor-widget-spacer>.elementor-widget-container,.e-con-inner>.elementor-widget-spacer>.elementor-widget-container>.elementor-spacer,.e-con>.elementor-widget-spacer>.elementor-widget-container,.e-con>.elementor-widget-spacer>.elementor-widget-container>.elementor-spacer{height:100%}.e-con-inner>.elementor-widget-spacer>.elementor-widget-container>.elementor-spacer>.elementor-spacer-inner,.e-con>.elementor-widget-spacer>.elementor-widget-container>.elementor-spacer>.elementor-spacer-inner{height:var(--container-widget-height,var(--spacer-size))}<\/style>\t\t<div class=\"elementor-spacer\">\n\t\t\t<div class=\"elementor-spacer-inner\"><\/div>\n\t\t<\/div>\n\t\t\t\t<\/div>\n\t\t\t\t<\/div>\n\t\t\t\t\t<\/div>\n\t\t<\/div>\n\t\t\t\t\t\t\t<\/div>\n\t\t<\/section>\n\t\t\t\t<section class=\"elementor-section elementor-top-section elementor-element elementor-element-5b45303 elementor-section-boxed elementor-section-height-default elementor-section-height-default\" data-id=\"5b45303\" data-element_type=\"section\">\n\t\t\t\t\t\t<div class=\"elementor-container elementor-column-gap-extended\">\n\t\t\t\t\t<div class=\"elementor-column elementor-col-100 elementor-top-column elementor-element elementor-element-b3b8c95\" data-id=\"b3b8c95\" data-element_type=\"column\">\n\t\t\t<div class=\"elementor-widget-wrap elementor-element-populated\">\n\t\t\t\t\t\t\t\t<div class=\"elementor-element elementor-element-f8a7cc1 elementor-widget elementor-widget-heading\" data-id=\"f8a7cc1\" data-element_type=\"widget\" data-widget_type=\"heading.default\">\n\t\t\t\t<div class=\"elementor-widget-container\">\n\t\t\t<style>\/*! elementor - v3.14.0 - 26-06-2023 *\/\n.elementor-heading-title{padding:0;margin:0;line-height:1}.elementor-widget-heading .elementor-heading-title[class*=elementor-size-]>a{color:inherit;font-size:inherit;line-height:inherit}.elementor-widget-heading .elementor-heading-title.elementor-size-small{font-size:15px}.elementor-widget-heading .elementor-heading-title.elementor-size-medium{font-size:19px}.elementor-widget-heading .elementor-heading-title.elementor-size-large{font-size:29px}.elementor-widget-heading .elementor-heading-title.elementor-size-xl{font-size:39px}.elementor-widget-heading .elementor-heading-title.elementor-size-xxl{font-size:59px}<\/style><h1 class=\"elementor-heading-title elementor-size-large\">La Recherche<\/h1>\t\t<\/div>\n\t\t\t\t<\/div>\n\t\t\t\t<div class=\"elementor-element elementor-element-575b4d5 elementor-widget elementor-widget-spacer\" data-id=\"575b4d5\" data-element_type=\"widget\" data-widget_type=\"spacer.default\">\n\t\t\t\t<div class=\"elementor-widget-container\">\n\t\t\t\t\t<div class=\"elementor-spacer\">\n\t\t\t<div class=\"elementor-spacer-inner\"><\/div>\n\t\t<\/div>\n\t\t\t\t<\/div>\n\t\t\t\t<\/div>\n\t\t\t\t<div class=\"elementor-element elementor-element-5428195 elementor-widget elementor-widget-text-editor\" data-id=\"5428195\" data-element_type=\"widget\" data-widget_type=\"text-editor.default\">\n\t\t\t\t<div class=\"elementor-widget-container\">\n\t\t\t<style>\/*! elementor - v3.14.0 - 26-06-2023 *\/\n.elementor-widget-text-editor.elementor-drop-cap-view-stacked .elementor-drop-cap{background-color:#69727d;color:#fff}.elementor-widget-text-editor.elementor-drop-cap-view-framed .elementor-drop-cap{color:#69727d;border:3px solid;background-color:transparent}.elementor-widget-text-editor:not(.elementor-drop-cap-view-default) .elementor-drop-cap{margin-top:8px}.elementor-widget-text-editor:not(.elementor-drop-cap-view-default) .elementor-drop-cap-letter{width:1em;height:1em}.elementor-widget-text-editor .elementor-drop-cap{float:left;text-align:center;line-height:1;font-size:50px}.elementor-widget-text-editor .elementor-drop-cap-letter{display:inline-block}<\/style>\t\t\t\t<p>En 1991, Rachel Serre a initi\u00e9 un espace de d\u00e9ploiement et d\u2019expression du vivant \u00e0 Baffour. Cet espace est le si\u00e8ge de la dynamique Geb-Nout.<\/p><p><span style=\"font-size: var(--bodyFontSize); font-weight: var(--bodyFontWeight); letter-spacing: var(--bodyLetterSpacing); text-transform: var(--bodyTextTransform); background-color: var(--nv-site-bg);\">La dynamique Geb-Nout repose sur une posture de recherche, <\/span><span style=\"font-size: var(--bodyFontSize); letter-spacing: var(--bodyLetterSpacing); text-transform: var(--bodyTextTransform); background-color: var(--nv-site-bg);\"><b>lib\u00e9r\u00e9e du connu<\/b><\/span><span style=\"font-size: var(--bodyFontSize); font-weight: var(--bodyFontWeight); letter-spacing: var(--bodyLetterSpacing); text-transform: var(--bodyTextTransform); background-color: var(--nv-site-bg);\">. Cette posture est pr\u00e9sente dans chaque aspect du lieu et en fait sa particularit\u00e9. Elle g\u00e9n\u00e8re un changement de paradigme quant \u00e0 l\u2019appr\u00e9hension de notre environnement.<\/span> <span style=\"font-size: var(--bodyFontSize); letter-spacing: var(--bodyLetterSpacing); text-transform: var(--bodyTextTransform); background-color: var(--nv-site-bg);\">Elle implique d\u2019<b>\u00eatre<\/b> au <b>contact<\/b><span style=\"font-weight: var(--bodyFontWeight);\"> de ce que nous avons souvent uniquement l\u2019habitude d\u2019analyser et de comparer suivant des r\u00e9f\u00e9rences pass\u00e9es.<\/span><\/span><\/p><p>En laissant place \u00e0 d\u2019autres fa\u00e7ons de percevoir la r\u00e9alit\u00e9 que par l\u2019unique \u201canalyse\u201d, l\u2019Homme enrichit sa perception du monde, et peut alors agir avec <b>cr\u00e9ativit\u00e9<\/b> au-del\u00e0 d\u2019id\u00e9aux ou de concepts r\u00e9pandus.<\/p><p>Voil\u00e0 plus de 30 ans que nous observons le v\u00e9g\u00e9tal. Il est l\u2019expression d\u2019une dynamique globale que nous appelons ici la vie, le <b>vivant<\/b>.\u00a0<\/p>\t\t\t\t\t\t<\/div>\n\t\t\t\t<\/div>\n\t\t\t\t<section class=\"elementor-section elementor-inner-section elementor-element elementor-element-7866f29 elementor-section-boxed elementor-section-height-default elementor-section-height-default\" data-id=\"7866f29\" data-element_type=\"section\">\n\t\t\t\t\t\t<div class=\"elementor-container elementor-column-gap-default\">\n\t\t\t\t\t<div class=\"elementor-column elementor-col-50 elementor-inner-column elementor-element elementor-element-6417bc8\" data-id=\"6417bc8\" data-element_type=\"column\">\n\t\t\t<div class=\"elementor-widget-wrap elementor-element-populated\">\n\t\t\t\t\t\t\t\t<div class=\"elementor-element elementor-element-5afc464 elementor-widget elementor-widget-image\" data-id=\"5afc464\" data-element_type=\"widget\" data-widget_type=\"image.default\">\n\t\t\t\t<div class=\"elementor-widget-container\">\n\t\t\t<style>\/*! elementor - v3.14.0 - 26-06-2023 *\/\n.elementor-widget-image{text-align:center}.elementor-widget-image a{display:inline-block}.elementor-widget-image a img[src$=\".svg\"]{width:48px}.elementor-widget-image img{vertical-align:middle;display:inline-block}<\/style>\t\t\t\t\t\t\t\t\t\t\t\t<img loading=\"lazy\" decoding=\"async\" width=\"768\" height=\"1024\" src=\"https:\/\/i0.wp.com\/gebnout.fr\/wp-content\/uploads\/2021\/09\/UNADJUSTEDNONRAW_thumb_efe.jpg?fit=768%2C1024&amp;ssl=1\" class=\"attachment-large size-large wp-image-2446\" alt=\"\" srcset=\"https:\/\/i0.wp.com\/gebnout.fr\/wp-content\/uploads\/2021\/09\/UNADJUSTEDNONRAW_thumb_efe.jpg?w=768&amp;ssl=1 768w, https:\/\/i0.wp.com\/gebnout.fr\/wp-content\/uploads\/2021\/09\/UNADJUSTEDNONRAW_thumb_efe.jpg?resize=225%2C300&amp;ssl=1 225w, https:\/\/i0.wp.com\/gebnout.fr\/wp-content\/uploads\/2021\/09\/UNADJUSTEDNONRAW_thumb_efe.jpg?resize=600%2C800&amp;ssl=1 600w\" sizes=\"(max-width: 768px) 100vw, 768px\" \/>\t\t\t\t\t\t\t\t\t\t\t\t\t\t\t<\/div>\n\t\t\t\t<\/div>\n\t\t\t\t\t<\/div>\n\t\t<\/div>\n\t\t\t\t<div class=\"elementor-column elementor-col-50 elementor-inner-column elementor-element elementor-element-4dc180a\" data-id=\"4dc180a\" data-element_type=\"column\">\n\t\t\t<div class=\"elementor-widget-wrap elementor-element-populated\">\n\t\t\t\t\t\t\t\t<div class=\"elementor-element elementor-element-cf50548 elementor-widget elementor-widget-text-editor\" data-id=\"cf50548\" data-element_type=\"widget\" data-widget_type=\"text-editor.default\">\n\t\t\t\t<div class=\"elementor-widget-container\">\n\t\t\t\t\t\t\t<p>Aujourd\u2019hui la dynamique Geb-Nout \u00e9volue et se structure pour :<\/p>\n<p><b>D\u00e9velopper la recherche&nbsp;:<\/b><br>&#8211; <b>pr\u00e9serve<\/b>r davantage d\u2019espaces naturelles d\u2019observation du v\u00e9g\u00e9tal<br>&#8211; agir pour l\u2019<b>adaptabilit\u00e9 <\/b>des v\u00e9g\u00e9taux dans un contexte climatique changeant<br>&#8211; recherche appliqu\u00e9e aux <b>soins<\/b> avec des pr\u00e9parations v\u00e9g\u00e9tales<br>&#8211; recherche sur la <b>dynamique<\/b> du vivant (ondes de forme, ph\u00e9nom\u00e8nes vibratoires et fr\u00e9quences, alchimie, origine de la mati\u00e8re\u2026)<\/p>\n<p><b>D\u00e9velopper la transmission et l\u2019apprentissage :<br><\/b><span style=\"background-color: var(--nv-site-bg); font-size: var(--bodyFontSize); letter-spacing: var(--bodyLetterSpacing); text-transform: var(--bodyTextTransform);\">&#8211; proposer un <b>espace<\/b> qui offre la possibilit\u00e9 aux <b>individus<\/b> de mettre leurs comp\u00e9tences au service du vivant<br>&#8211; mettre en place des cycles d\u2019<b>immersion <\/b>\/ formation sur 3 ans<br>&#8211; g\u00e9n\u00e9rer des activit\u00e9s tests exp\u00e9rimentation-production permettant d\u2019acter les <b>apprentissages<\/b><\/span><\/p>\t\t\t\t\t\t<\/div>\n\t\t\t\t<\/div>\n\t\t\t\t\t<\/div>\n\t\t<\/div>\n\t\t\t\t\t\t\t<\/div>\n\t\t<\/section>\n\t\t\t\t<div class=\"elementor-element elementor-element-7905471 elementor-widget elementor-widget-spacer\" data-id=\"7905471\" data-element_type=\"widget\" data-widget_type=\"spacer.default\">\n\t\t\t\t<div class=\"elementor-widget-container\">\n\t\t\t\t\t<div class=\"elementor-spacer\">\n\t\t\t<div class=\"elementor-spacer-inner\"><\/div>\n\t\t<\/div>\n\t\t\t\t<\/div>\n\t\t\t\t<\/div>\n\t\t\t\t<div class=\"elementor-element elementor-element-8522ffc elementor-widget elementor-widget-text-editor\" data-id=\"8522ffc\" data-element_type=\"widget\" data-widget_type=\"text-editor.default\">\n\t\t\t\t<div class=\"elementor-widget-container\">\n\t\t\t\t\t\t\t<p>La d\u00e9marche s\u2019appuie sur une approche de coop\u00e9ration et de mutualisation <b>hors fronti\u00e8res<\/b>. De fait, Geb-Nout rassemble des individus issus de milieux et de cultures diff\u00e9rents, anim\u00e9s par des savoir-faire riches de leurs sp\u00e9cificit\u00e9s : modes culturaux, modes de soins, techniques de constructions et d\u2019am\u00e9nagements, alimentation, etc.<\/p>\t\t\t\t\t\t<\/div>\n\t\t\t\t<\/div>\n\t\t\t\t<div class=\"elementor-element elementor-element-4187d4a elementor-widget elementor-widget-spacer\" data-id=\"4187d4a\" data-element_type=\"widget\" data-widget_type=\"spacer.default\">\n\t\t\t\t<div class=\"elementor-widget-container\">\n\t\t\t\t\t<div class=\"elementor-spacer\">\n\t\t\t<div class=\"elementor-spacer-inner\"><\/div>\n\t\t<\/div>\n\t\t\t\t<\/div>\n\t\t\t\t<\/div>\n\t\t\t\t\t<\/div>\n\t\t<\/div>\n\t\t\t\t\t\t\t<\/div>\n\t\t<\/section>\n\t\t\t\t\t\t\t<\/div>\n\t\t","protected":false},"excerpt":{"rendered":"<p>La Recherche En 1991, Rachel Serre a initi\u00e9 un espace de d\u00e9ploiement et d\u2019expression du vivant \u00e0 Baffour. Cet espace est le si\u00e8ge de la dynamique Geb-Nout. La dynamique Geb-Nout&hellip;&nbsp;<a href=\"https:\/\/gebnout.fr\/index.php\/la-recherche\/\" class=\"\" rel=\"bookmark\">Lire la suite &raquo;<span class=\"screen-reader-text\">La Recherche<\/span><\/a><\/p>\n","protected":false},"author":2,"featured_media":90,"parent":0,"menu_order":0,"comment_status":"closed","ping_status":"closed","template":"","meta":{"neve_meta_sidebar":"","neve_meta_container":"","neve_meta_enable_content_width":"","neve_meta_content_width":0,"neve_meta_title_alignment":"","neve_meta_author_avatar":"","neve_post_elements_order":"","neve_meta_disable_header":"","neve_meta_disable_footer":"","neve_meta_disable_title":"on","_ti_tpc_template_sync":false,"_ti_tpc_template_id":"","footnotes":""},"yoast_head":"<!-- This site is optimized with the Yoast SEO plugin v22.6 - https:\/\/yoast.com\/wordpress\/plugins\/seo\/ -->\n<title>La posture de recherche - Dynamique de Geb-Nout<\/title>\n<meta name=\"description\" content=\"La dynamique Gebnout \u00e9volue et se structure pour d\u00e9velopper la recherche, la transmission autour du vivant et du v\u00e9g\u00e9tal.\" \/>\n<meta name=\"robots\" content=\"index, follow, max-snippet:-1, max-image-preview:large, max-video-preview:-1\" \/>\n<link rel=\"canonical\" href=\"https:\/\/gebnout.fr\/index.php\/la-recherche\/\" \/>\n<meta property=\"og:locale\" content=\"fr_FR\" \/>\n<meta property=\"og:type\" content=\"article\" \/>\n<meta property=\"og:title\" content=\"La posture de recherche - Dynamique de Geb-Nout\" \/>\n<meta property=\"og:description\" content=\"La dynamique Gebnout \u00e9volue et se structure pour d\u00e9velopper la recherche, la transmission autour du vivant et du v\u00e9g\u00e9tal.\" \/>\n<meta property=\"og:url\" content=\"https:\/\/gebnout.fr\/index.php\/la-recherche\/\" \/>\n<meta property=\"og:site_name\" content=\"Geb Nout\" \/>\n<meta property=\"article:modified_time\" content=\"2021-12-06T15:54:04+00:00\" \/>\n<meta property=\"og:image\" content=\"https:\/\/i1.wp.com\/gebnout.fr\/wp-content\/uploads\/2017\/12\/BOULEAU-copie.jpeg?fit=480%2C640&ssl=1\" \/>\n\t<meta property=\"og:image:width\" content=\"480\" \/>\n\t<meta property=\"og:image:height\" content=\"640\" \/>\n\t<meta property=\"og:image:type\" content=\"image\/jpeg\" \/>\n<meta name=\"twitter:card\" content=\"summary_large_image\" \/>\n<meta name=\"twitter:label1\" content=\"Dur\u00e9e de lecture estim\u00e9e\" \/>\n\t<meta name=\"twitter:data1\" content=\"2 minutes\" \/>\n<script type=\"application\/ld+json\" class=\"yoast-schema-graph\">{\"@context\":\"https:\/\/schema.org\",\"@graph\":[{\"@type\":\"WebPage\",\"@id\":\"https:\/\/gebnout.fr\/index.php\/la-recherche\/\",\"url\":\"https:\/\/gebnout.fr\/index.php\/la-recherche\/\",\"name\":\"La posture de recherche - Dynamique de Geb-Nout\",\"isPartOf\":{\"@id\":\"https:\/\/gebnout.fr\/#website\"},\"primaryImageOfPage\":{\"@id\":\"https:\/\/gebnout.fr\/index.php\/la-recherche\/#primaryimage\"},\"image\":{\"@id\":\"https:\/\/gebnout.fr\/index.php\/la-recherche\/#primaryimage\"},\"thumbnailUrl\":\"https:\/\/i0.wp.com\/gebnout.fr\/wp-content\/uploads\/2017\/12\/BOULEAU-copie.jpeg?fit=480%2C640&ssl=1\",\"datePublished\":\"2021-09-18T07:55:49+00:00\",\"dateModified\":\"2021-12-06T15:54:04+00:00\",\"description\":\"La dynamique Gebnout \u00e9volue et se structure pour d\u00e9velopper la recherche, la transmission autour du vivant et du v\u00e9g\u00e9tal.\",\"breadcrumb\":{\"@id\":\"https:\/\/gebnout.fr\/index.php\/la-recherche\/#breadcrumb\"},\"inLanguage\":\"fr-FR\",\"potentialAction\":[{\"@type\":\"ReadAction\",\"target\":[\"https:\/\/gebnout.fr\/index.php\/la-recherche\/\"]}]},{\"@type\":\"ImageObject\",\"inLanguage\":\"fr-FR\",\"@id\":\"https:\/\/gebnout.fr\/index.php\/la-recherche\/#primaryimage\",\"url\":\"https:\/\/i0.wp.com\/gebnout.fr\/wp-content\/uploads\/2017\/12\/BOULEAU-copie.jpeg?fit=480%2C640&ssl=1\",\"contentUrl\":\"https:\/\/i0.wp.com\/gebnout.fr\/wp-content\/uploads\/2017\/12\/BOULEAU-copie.jpeg?fit=480%2C640&ssl=1\",\"width\":480,\"height\":640},{\"@type\":\"BreadcrumbList\",\"@id\":\"https:\/\/gebnout.fr\/index.php\/la-recherche\/#breadcrumb\",\"itemListElement\":[{\"@type\":\"ListItem\",\"position\":1,\"name\":\"Accueil\",\"item\":\"https:\/\/gebnout.fr\/\"},{\"@type\":\"ListItem\",\"position\":2,\"name\":\"La Recherche\"}]},{\"@type\":\"WebSite\",\"@id\":\"https:\/\/gebnout.fr\/#website\",\"url\":\"https:\/\/gebnout.fr\/\",\"name\":\"Geb Nout\",\"description\":\"Passeur de v\u00e9g\u00e9taux\",\"publisher\":{\"@id\":\"https:\/\/gebnout.fr\/#organization\"},\"potentialAction\":[{\"@type\":\"SearchAction\",\"target\":{\"@type\":\"EntryPoint\",\"urlTemplate\":\"https:\/\/gebnout.fr\/?s={search_term_string}\"},\"query-input\":\"required name=search_term_string\"}],\"inLanguage\":\"fr-FR\"},{\"@type\":\"Organization\",\"@id\":\"https:\/\/gebnout.fr\/#organization\",\"name\":\"Geb Nout\",\"url\":\"https:\/\/gebnout.fr\/\",\"logo\":{\"@type\":\"ImageObject\",\"inLanguage\":\"fr-FR\",\"@id\":\"https:\/\/gebnout.fr\/#\/schema\/logo\/image\/\",\"url\":\"https:\/\/i0.wp.com\/gebnout.fr\/wp-content\/uploads\/2023\/04\/bourgeon-cassis-e1708104877110.png?fit=100%2C114&ssl=1\",\"contentUrl\":\"https:\/\/i0.wp.com\/gebnout.fr\/wp-content\/uploads\/2023\/04\/bourgeon-cassis-e1708104877110.png?fit=100%2C114&ssl=1\",\"width\":100,\"height\":114,\"caption\":\"Geb Nout\"},\"image\":{\"@id\":\"https:\/\/gebnout.fr\/#\/schema\/logo\/image\/\"}}]}<\/script>\n<!-- \/ Yoast SEO plugin. -->","yoast_head_json":{"title":"La posture de recherche - Dynamique de Geb-Nout","description":"La dynamique Gebnout \u00e9volue et se structure pour d\u00e9velopper la recherche, la transmission autour du vivant et du v\u00e9g\u00e9tal.","robots":{"index":"index","follow":"follow","max-snippet":"max-snippet:-1","max-image-preview":"max-image-preview:large","max-video-preview":"max-video-preview:-1"},"canonical":"https:\/\/gebnout.fr\/index.php\/la-recherche\/","og_locale":"fr_FR","og_type":"article","og_title":"La posture de recherche - Dynamique de Geb-Nout","og_description":"La dynamique Gebnout \u00e9volue et se structure pour d\u00e9velopper la recherche, la transmission autour du vivant et du v\u00e9g\u00e9tal.","og_url":"https:\/\/gebnout.fr\/index.php\/la-recherche\/","og_site_name":"Geb Nout","article_modified_time":"2021-12-06T15:54:04+00:00","og_image":[{"width":480,"height":640,"url":"https:\/\/i1.wp.com\/gebnout.fr\/wp-content\/uploads\/2017\/12\/BOULEAU-copie.jpeg?fit=480%2C640&ssl=1","type":"image\/jpeg"}],"twitter_card":"summary_large_image","twitter_misc":{"Dur\u00e9e de lecture estim\u00e9e":"2 minutes"},"schema":{"@context":"https:\/\/schema.org","@graph":[{"@type":"WebPage","@id":"https:\/\/gebnout.fr\/index.php\/la-recherche\/","url":"https:\/\/gebnout.fr\/index.php\/la-recherche\/","name":"La posture de recherche - Dynamique de Geb-Nout","isPartOf":{"@id":"https:\/\/gebnout.fr\/#website"},"primaryImageOfPage":{"@id":"https:\/\/gebnout.fr\/index.php\/la-recherche\/#primaryimage"},"image":{"@id":"https:\/\/gebnout.fr\/index.php\/la-recherche\/#primaryimage"},"thumbnailUrl":"https:\/\/i0.wp.com\/gebnout.fr\/wp-content\/uploads\/2017\/12\/BOULEAU-copie.jpeg?fit=480%2C640&ssl=1","datePublished":"2021-09-18T07:55:49+00:00","dateModified":"2021-12-06T15:54:04+00:00","description":"La dynamique Gebnout \u00e9volue et se structure pour d\u00e9velopper la recherche, la transmission autour du vivant et du v\u00e9g\u00e9tal.","breadcrumb":{"@id":"https:\/\/gebnout.fr\/index.php\/la-recherche\/#breadcrumb"},"inLanguage":"fr-FR","potentialAction":[{"@type":"ReadAction","target":["https:\/\/gebnout.fr\/index.php\/la-recherche\/"]}]},{"@type":"ImageObject","inLanguage":"fr-FR","@id":"https:\/\/gebnout.fr\/index.php\/la-recherche\/#primaryimage","url":"https:\/\/i0.wp.com\/gebnout.fr\/wp-content\/uploads\/2017\/12\/BOULEAU-copie.jpeg?fit=480%2C640&ssl=1","contentUrl":"https:\/\/i0.wp.com\/gebnout.fr\/wp-content\/uploads\/2017\/12\/BOULEAU-copie.jpeg?fit=480%2C640&ssl=1","width":480,"height":640},{"@type":"BreadcrumbList","@id":"https:\/\/gebnout.fr\/index.php\/la-recherche\/#breadcrumb","itemListElement":[{"@type":"ListItem","position":1,"name":"Accueil","item":"https:\/\/gebnout.fr\/"},{"@type":"ListItem","position":2,"name":"La Recherche"}]},{"@type":"WebSite","@id":"https:\/\/gebnout.fr\/#website","url":"https:\/\/gebnout.fr\/","name":"Geb Nout","description":"Passeur de v\u00e9g\u00e9taux","publisher":{"@id":"https:\/\/gebnout.fr\/#organization"},"potentialAction":[{"@type":"SearchAction","target":{"@type":"EntryPoint","urlTemplate":"https:\/\/gebnout.fr\/?s={search_term_string}"},"query-input":"required name=search_term_string"}],"inLanguage":"fr-FR"},{"@type":"Organization","@id":"https:\/\/gebnout.fr\/#organization","name":"Geb Nout","url":"https:\/\/gebnout.fr\/","logo":{"@type":"ImageObject","inLanguage":"fr-FR","@id":"https:\/\/gebnout.fr\/#\/schema\/logo\/image\/","url":"https:\/\/i0.wp.com\/gebnout.fr\/wp-content\/uploads\/2023\/04\/bourgeon-cassis-e1708104877110.png?fit=100%2C114&ssl=1","contentUrl":"https:\/\/i0.wp.com\/gebnout.fr\/wp-content\/uploads\/2023\/04\/bourgeon-cassis-e1708104877110.png?fit=100%2C114&ssl=1","width":100,"height":114,"caption":"Geb Nout"},"image":{"@id":"https:\/\/gebnout.fr\/#\/schema\/logo\/image\/"}}]}},"jetpack_sharing_enabled":true,"_links":{"self":[{"href":"https:\/\/gebnout.fr\/index.php\/wp-json\/wp\/v2\/pages\/2359"}],"collection":[{"href":"https:\/\/gebnout.fr\/index.php\/wp-json\/wp\/v2\/pages"}],"about":[{"href":"https:\/\/gebnout.fr\/index.php\/wp-json\/wp\/v2\/types\/page"}],"author":[{"embeddable":true,"href":"https:\/\/gebnout.fr\/index.php\/wp-json\/wp\/v2\/users\/2"}],"replies":[{"embeddable":true,"href":"https:\/\/gebnout.fr\/index.php\/wp-json\/wp\/v2\/comments?post=2359"}],"version-history":[{"count":107,"href":"https:\/\/gebnout.fr\/index.php\/wp-json\/wp\/v2\/pages\/2359\/revisions"}],"predecessor-version":[{"id":4264,"href":"https:\/\/gebnout.fr\/index.php\/wp-json\/wp\/v2\/pages\/2359\/revisions\/4264"}],"wp:featuredmedia":[{"embeddable":true,"href":"https:\/\/gebnout.fr\/index.php\/wp-json\/wp\/v2\/media\/90"}],"wp:attachment":[{"href":"https:\/\/gebnout.fr\/index.php\/wp-json\/wp\/v2\/media?parent=2359"}],"curies":[{"name":"wp","href":"https:\/\/api.w.org\/{rel}","templated":true}]}}