{"id":392,"date":"2021-09-02T15:10:36","date_gmt":"2021-09-02T13:10:36","guid":{"rendered":"https:\/\/racines.ovh\/?page_id=392"},"modified":"2025-01-04T10:12:59","modified_gmt":"2025-01-04T09:12:59","slug":"lequipe","status":"publish","type":"page","link":"https:\/\/gebnout.fr\/index.php\/lequipe\/","title":{"rendered":"L&#8217;\u00e9quipe"},"content":{"rendered":"<h1>Les visages de Geb Nout<\/h1>\n<p>\t\t\t\t\t\t\t\t\t\t\t\t\t\t\t<img decoding=\"async\" width=\"150\" height=\"150\" src=\"https:\/\/i0.wp.com\/gebnout.fr\/wp-content\/uploads\/2024\/03\/PHOTO-2022-10-03-12-32-47-e1710671151673-150x150.jpg?resize=150%2C150&#038;ssl=1\" alt=\"\" loading=\"lazy\" srcset=\"https:\/\/i0.wp.com\/gebnout.fr\/wp-content\/uploads\/2024\/03\/PHOTO-2022-10-03-12-32-47-e1710671151673.jpg?resize=150%2C150&amp;ssl=1 150w, https:\/\/i0.wp.com\/gebnout.fr\/wp-content\/uploads\/2024\/03\/PHOTO-2022-10-03-12-32-47-e1710671151673.jpg?resize=300%2C300&amp;ssl=1 300w, https:\/\/i0.wp.com\/gebnout.fr\/wp-content\/uploads\/2024\/03\/PHOTO-2022-10-03-12-32-47-e1710671151673.jpg?resize=100%2C100&amp;ssl=1 100w, https:\/\/i0.wp.com\/gebnout.fr\/wp-content\/uploads\/2024\/03\/PHOTO-2022-10-03-12-32-47-e1710671151673.jpg?zoom=3&amp;resize=150%2C150&amp;ssl=1 450w\" sizes=\"(max-width: 150px) 100vw, 150px\" data-recalc-dims=\"1\" \/>\t\t\t\t\t\t\t\t\t\t\t\t\t\t\t<\/p>\n<h2>Rachel<\/h2>\n<p><b>Fondatrice<\/b> de Geb Nout, elle a une approche <b>suave<\/b> et <b>joyeuse<\/b> du v\u00e9g\u00e9tal.<\/p>\n<p>La diversit\u00e9 des exp\u00e9riences de Rachel qui lient alimentation, agriculture et sant\u00e9, est le socle d\u2019une approche <strong>multi-culturelle<\/strong> et<strong> transversale<\/strong> du v\u00e9g\u00e9tal avec lequel nous sommes tous intimement li\u00e9.<\/p>\n<p>Son travail toujours<strong> innovant<\/strong> et <strong>pr\u00e9curseur<\/strong> dans le milieu naturel, agricole et culinaire, est garant d&#8217;une richesse qui renoue avec une culture de la terre.<\/p>\n<p>\t\t\t\t\t\t\t\t\t\t\t\t\t\t\t<img decoding=\"async\" width=\"150\" height=\"150\" src=\"https:\/\/i0.wp.com\/gebnout.fr\/wp-content\/uploads\/2022\/04\/IMG_20190111_1644131-1-scaled-e1648912570860-150x150.jpg?resize=150%2C150&#038;ssl=1\" alt=\"Equipe Abdoulaye\" loading=\"lazy\" srcset=\"https:\/\/i0.wp.com\/gebnout.fr\/wp-content\/uploads\/2022\/04\/IMG_20190111_1644131-1-scaled-e1648912570860.jpg?resize=150%2C150&amp;ssl=1 150w, https:\/\/i0.wp.com\/gebnout.fr\/wp-content\/uploads\/2022\/04\/IMG_20190111_1644131-1-scaled-e1648912570860.jpg?resize=300%2C300&amp;ssl=1 300w, https:\/\/i0.wp.com\/gebnout.fr\/wp-content\/uploads\/2022\/04\/IMG_20190111_1644131-1-scaled-e1648912570860.jpg?resize=100%2C100&amp;ssl=1 100w\" sizes=\"(max-width: 150px) 100vw, 150px\" data-recalc-dims=\"1\" \/>\t\t\t\t\t\t\t\t\t\t\t\t\t\t\t<\/p>\n<h2>Abdoulaye<\/h2>\n<p><strong>Acteur essentiel<\/strong> de Geb Nout, il a une exp\u00e9rience hors du commun en <b>polyculture subsaharienne<\/b>.<\/p>\n<p>Le travail de Geb Nout sur l&#8217;<b>adaptabilit\u00e9<\/b> des v\u00e9g\u00e9taux s&#8217;appuie sur la capacit\u00e9 d&#8217;Abdoulaye \u00e0 initier un programme de culture et \u00e0 adapter des pratiques agricoles dans <b>divers biotopes<\/b> et <b>\u00e9cosyst\u00e8mes<\/b>.<\/p>\n<p>Parmis les activit\u00e9s de Rachel :<\/p>\n<ul>\n<li><b>Conservation dynamique<\/b> de semences depuis 35 ans (dont 250 vari\u00e9t\u00e9s de bl\u00e9s anciens originaires du monde entier)<\/li>\n<li>Initiatrice de jardins en <b>permaculture<\/b> et <b>agroforesterie naturelle<\/b> depuis 35 ans sur site sauvage et naturel<\/li>\n<li><b>Formatrice <\/b>en alimentation et sant\u00e9 par les plantes<\/li>\n<li><b>Soin <\/b>de type <a href=\"https:\/\/gebnout.fr\/index.php\/seance-naturopathie\/\" target=\"_blank\" rel=\"noopener\">naturopathie holistique<\/a><\/li>\n<\/ul>\n<p>Parmis les activit\u00e9s d&#8217;Abdoulaye :<\/p>\n<ul>\n<li>Am\u00e9nagement d&#8217;espaces de culture<\/li>\n<li>Innovation dans les techniques culturales alliant <b>tradition<\/b> et <b>cr\u00e9ation<\/b>.\u00a0<\/li>\n<li>Initiateur de <b>design<\/b> au sein des jardins et des serres.<\/li>\n<li>Recherche permanente de modes de<strong> partenariats<\/strong> pertinents entre populations hors fronti\u00e8res.<\/li>\n<\/ul>\n","protected":false},"excerpt":{"rendered":"<p>Les visages de Geb Nout Rachel Fondatrice de Geb Nout, elle a une approche suave et joyeuse du v\u00e9g\u00e9tal. La diversit\u00e9 des exp\u00e9riences de Rachel qui lient alimentation, agriculture et&hellip;&nbsp;<a href=\"https:\/\/gebnout.fr\/index.php\/lequipe\/\" class=\"\" rel=\"bookmark\">Lire la suite &raquo;<span class=\"screen-reader-text\">L&#8217;\u00e9quipe<\/span><\/a><\/p>\n","protected":false},"author":2,"featured_media":395,"parent":0,"menu_order":0,"comment_status":"closed","ping_status":"closed","template":"","meta":{"neve_meta_sidebar":"","neve_meta_container":"","neve_meta_enable_content_width":"","neve_meta_content_width":0,"neve_meta_title_alignment":"","neve_meta_author_avatar":"","neve_post_elements_order":"","neve_meta_disable_header":"","neve_meta_disable_footer":"","neve_meta_disable_title":"on","_ti_tpc_template_sync":false,"_ti_tpc_template_id":"","footnotes":""},"yoast_head":"<!-- This site is optimized with the Yoast SEO plugin v22.6 - https:\/\/yoast.com\/wordpress\/plugins\/seo\/ -->\n<title>L&#039;\u00e9quipe de Gebnout : mutualisation d&#039;\u00e9nergies au service du vivant<\/title>\n<meta name=\"description\" content=\"L&#039;\u00e9quipe de Gebnout vous accompagne pour vous lib\u00e9rer du connu, un changement de paradigme o\u00f9 le contact, le lien et l&#039;\u00e9prouv\u00e9 sont la base.\" \/>\n<meta name=\"robots\" content=\"index, follow, max-snippet:-1, max-image-preview:large, max-video-preview:-1\" \/>\n<link rel=\"canonical\" href=\"https:\/\/gebnout.fr\/index.php\/lequipe\/\" \/>\n<meta property=\"og:locale\" content=\"fr_FR\" \/>\n<meta property=\"og:type\" content=\"article\" \/>\n<meta property=\"og:title\" content=\"L&#039;\u00e9quipe de Gebnout : mutualisation d&#039;\u00e9nergies au service du vivant\" \/>\n<meta property=\"og:description\" content=\"L&#039;\u00e9quipe de Gebnout vous accompagne pour vous lib\u00e9rer du connu, un changement de paradigme o\u00f9 le contact, le lien et l&#039;\u00e9prouv\u00e9 sont la base.\" \/>\n<meta property=\"og:url\" content=\"https:\/\/gebnout.fr\/index.php\/lequipe\/\" \/>\n<meta property=\"og:site_name\" content=\"Geb Nout\" \/>\n<meta property=\"article:modified_time\" content=\"2025-01-04T09:12:59+00:00\" \/>\n<meta property=\"og:image\" content=\"https:\/\/gebnout.fr\/wp-content\/uploads\/2021\/09\/DSCN3138_bd.jpg\" \/>\n\t<meta property=\"og:image:width\" content=\"2000\" \/>\n\t<meta property=\"og:image:height\" content=\"1500\" \/>\n\t<meta property=\"og:image:type\" content=\"image\/jpeg\" \/>\n<meta name=\"twitter:card\" content=\"summary_large_image\" \/>\n<meta name=\"twitter:label1\" content=\"Dur\u00e9e de lecture estim\u00e9e\" \/>\n\t<meta name=\"twitter:data1\" content=\"2 minutes\" \/>\n<script type=\"application\/ld+json\" class=\"yoast-schema-graph\">{\"@context\":\"https:\/\/schema.org\",\"@graph\":[{\"@type\":\"WebPage\",\"@id\":\"https:\/\/gebnout.fr\/index.php\/lequipe\/\",\"url\":\"https:\/\/gebnout.fr\/index.php\/lequipe\/\",\"name\":\"L'\u00e9quipe de Gebnout : mutualisation d'\u00e9nergies au service du vivant\",\"isPartOf\":{\"@id\":\"https:\/\/gebnout.fr\/#website\"},\"primaryImageOfPage\":{\"@id\":\"https:\/\/gebnout.fr\/index.php\/lequipe\/#primaryimage\"},\"image\":{\"@id\":\"https:\/\/gebnout.fr\/index.php\/lequipe\/#primaryimage\"},\"thumbnailUrl\":\"https:\/\/i0.wp.com\/gebnout.fr\/wp-content\/uploads\/2021\/09\/DSCN3138_bd.jpg?fit=2000%2C1500&ssl=1\",\"datePublished\":\"2021-09-02T13:10:36+00:00\",\"dateModified\":\"2025-01-04T09:12:59+00:00\",\"description\":\"L'\u00e9quipe de Gebnout vous accompagne pour vous lib\u00e9rer du connu, un changement de paradigme o\u00f9 le contact, le lien et l'\u00e9prouv\u00e9 sont la base.\",\"breadcrumb\":{\"@id\":\"https:\/\/gebnout.fr\/index.php\/lequipe\/#breadcrumb\"},\"inLanguage\":\"fr-FR\",\"potentialAction\":[{\"@type\":\"ReadAction\",\"target\":[\"https:\/\/gebnout.fr\/index.php\/lequipe\/\"]}]},{\"@type\":\"ImageObject\",\"inLanguage\":\"fr-FR\",\"@id\":\"https:\/\/gebnout.fr\/index.php\/lequipe\/#primaryimage\",\"url\":\"https:\/\/i0.wp.com\/gebnout.fr\/wp-content\/uploads\/2021\/09\/DSCN3138_bd.jpg?fit=2000%2C1500&ssl=1\",\"contentUrl\":\"https:\/\/i0.wp.com\/gebnout.fr\/wp-content\/uploads\/2021\/09\/DSCN3138_bd.jpg?fit=2000%2C1500&ssl=1\",\"width\":2000,\"height\":1500,\"caption\":\"naturopathe rachel baffour la chaise dieu auvergne permaculture\"},{\"@type\":\"BreadcrumbList\",\"@id\":\"https:\/\/gebnout.fr\/index.php\/lequipe\/#breadcrumb\",\"itemListElement\":[{\"@type\":\"ListItem\",\"position\":1,\"name\":\"Accueil\",\"item\":\"https:\/\/gebnout.fr\/\"},{\"@type\":\"ListItem\",\"position\":2,\"name\":\"L&#8217;\u00e9quipe\"}]},{\"@type\":\"WebSite\",\"@id\":\"https:\/\/gebnout.fr\/#website\",\"url\":\"https:\/\/gebnout.fr\/\",\"name\":\"Geb Nout\",\"description\":\"Passeur de v\u00e9g\u00e9taux\",\"publisher\":{\"@id\":\"https:\/\/gebnout.fr\/#organization\"},\"potentialAction\":[{\"@type\":\"SearchAction\",\"target\":{\"@type\":\"EntryPoint\",\"urlTemplate\":\"https:\/\/gebnout.fr\/?s={search_term_string}\"},\"query-input\":\"required name=search_term_string\"}],\"inLanguage\":\"fr-FR\"},{\"@type\":\"Organization\",\"@id\":\"https:\/\/gebnout.fr\/#organization\",\"name\":\"Geb Nout\",\"url\":\"https:\/\/gebnout.fr\/\",\"logo\":{\"@type\":\"ImageObject\",\"inLanguage\":\"fr-FR\",\"@id\":\"https:\/\/gebnout.fr\/#\/schema\/logo\/image\/\",\"url\":\"https:\/\/i0.wp.com\/gebnout.fr\/wp-content\/uploads\/2023\/04\/bourgeon-cassis-e1708104877110.png?fit=100%2C114&ssl=1\",\"contentUrl\":\"https:\/\/i0.wp.com\/gebnout.fr\/wp-content\/uploads\/2023\/04\/bourgeon-cassis-e1708104877110.png?fit=100%2C114&ssl=1\",\"width\":100,\"height\":114,\"caption\":\"Geb Nout\"},\"image\":{\"@id\":\"https:\/\/gebnout.fr\/#\/schema\/logo\/image\/\"}}]}<\/script>\n<!-- \/ Yoast SEO plugin. -->","yoast_head_json":{"title":"L'\u00e9quipe de Gebnout : mutualisation d'\u00e9nergies au service du vivant","description":"L'\u00e9quipe de Gebnout vous accompagne pour vous lib\u00e9rer du connu, un changement de paradigme o\u00f9 le contact, le lien et l'\u00e9prouv\u00e9 sont la base.","robots":{"index":"index","follow":"follow","max-snippet":"max-snippet:-1","max-image-preview":"max-image-preview:large","max-video-preview":"max-video-preview:-1"},"canonical":"https:\/\/gebnout.fr\/index.php\/lequipe\/","og_locale":"fr_FR","og_type":"article","og_title":"L'\u00e9quipe de Gebnout : mutualisation d'\u00e9nergies au service du vivant","og_description":"L'\u00e9quipe de Gebnout vous accompagne pour vous lib\u00e9rer du connu, un changement de paradigme o\u00f9 le contact, le lien et l'\u00e9prouv\u00e9 sont la base.","og_url":"https:\/\/gebnout.fr\/index.php\/lequipe\/","og_site_name":"Geb Nout","article_modified_time":"2025-01-04T09:12:59+00:00","og_image":[{"width":2000,"height":1500,"url":"https:\/\/gebnout.fr\/wp-content\/uploads\/2021\/09\/DSCN3138_bd.jpg","type":"image\/jpeg"}],"twitter_card":"summary_large_image","twitter_misc":{"Dur\u00e9e de lecture estim\u00e9e":"2 minutes"},"schema":{"@context":"https:\/\/schema.org","@graph":[{"@type":"WebPage","@id":"https:\/\/gebnout.fr\/index.php\/lequipe\/","url":"https:\/\/gebnout.fr\/index.php\/lequipe\/","name":"L'\u00e9quipe de Gebnout : mutualisation d'\u00e9nergies au service du vivant","isPartOf":{"@id":"https:\/\/gebnout.fr\/#website"},"primaryImageOfPage":{"@id":"https:\/\/gebnout.fr\/index.php\/lequipe\/#primaryimage"},"image":{"@id":"https:\/\/gebnout.fr\/index.php\/lequipe\/#primaryimage"},"thumbnailUrl":"https:\/\/i0.wp.com\/gebnout.fr\/wp-content\/uploads\/2021\/09\/DSCN3138_bd.jpg?fit=2000%2C1500&ssl=1","datePublished":"2021-09-02T13:10:36+00:00","dateModified":"2025-01-04T09:12:59+00:00","description":"L'\u00e9quipe de Gebnout vous accompagne pour vous lib\u00e9rer du connu, un changement de paradigme o\u00f9 le contact, le lien et l'\u00e9prouv\u00e9 sont la base.","breadcrumb":{"@id":"https:\/\/gebnout.fr\/index.php\/lequipe\/#breadcrumb"},"inLanguage":"fr-FR","potentialAction":[{"@type":"ReadAction","target":["https:\/\/gebnout.fr\/index.php\/lequipe\/"]}]},{"@type":"ImageObject","inLanguage":"fr-FR","@id":"https:\/\/gebnout.fr\/index.php\/lequipe\/#primaryimage","url":"https:\/\/i0.wp.com\/gebnout.fr\/wp-content\/uploads\/2021\/09\/DSCN3138_bd.jpg?fit=2000%2C1500&ssl=1","contentUrl":"https:\/\/i0.wp.com\/gebnout.fr\/wp-content\/uploads\/2021\/09\/DSCN3138_bd.jpg?fit=2000%2C1500&ssl=1","width":2000,"height":1500,"caption":"naturopathe rachel baffour la chaise dieu auvergne permaculture"},{"@type":"BreadcrumbList","@id":"https:\/\/gebnout.fr\/index.php\/lequipe\/#breadcrumb","itemListElement":[{"@type":"ListItem","position":1,"name":"Accueil","item":"https:\/\/gebnout.fr\/"},{"@type":"ListItem","position":2,"name":"L&#8217;\u00e9quipe"}]},{"@type":"WebSite","@id":"https:\/\/gebnout.fr\/#website","url":"https:\/\/gebnout.fr\/","name":"Geb Nout","description":"Passeur de v\u00e9g\u00e9taux","publisher":{"@id":"https:\/\/gebnout.fr\/#organization"},"potentialAction":[{"@type":"SearchAction","target":{"@type":"EntryPoint","urlTemplate":"https:\/\/gebnout.fr\/?s={search_term_string}"},"query-input":"required name=search_term_string"}],"inLanguage":"fr-FR"},{"@type":"Organization","@id":"https:\/\/gebnout.fr\/#organization","name":"Geb Nout","url":"https:\/\/gebnout.fr\/","logo":{"@type":"ImageObject","inLanguage":"fr-FR","@id":"https:\/\/gebnout.fr\/#\/schema\/logo\/image\/","url":"https:\/\/i0.wp.com\/gebnout.fr\/wp-content\/uploads\/2023\/04\/bourgeon-cassis-e1708104877110.png?fit=100%2C114&ssl=1","contentUrl":"https:\/\/i0.wp.com\/gebnout.fr\/wp-content\/uploads\/2023\/04\/bourgeon-cassis-e1708104877110.png?fit=100%2C114&ssl=1","width":100,"height":114,"caption":"Geb Nout"},"image":{"@id":"https:\/\/gebnout.fr\/#\/schema\/logo\/image\/"}}]}},"jetpack_sharing_enabled":true,"_links":{"self":[{"href":"https:\/\/gebnout.fr\/index.php\/wp-json\/wp\/v2\/pages\/392"}],"collection":[{"href":"https:\/\/gebnout.fr\/index.php\/wp-json\/wp\/v2\/pages"}],"about":[{"href":"https:\/\/gebnout.fr\/index.php\/wp-json\/wp\/v2\/types\/page"}],"author":[{"embeddable":true,"href":"https:\/\/gebnout.fr\/index.php\/wp-json\/wp\/v2\/users\/2"}],"replies":[{"embeddable":true,"href":"https:\/\/gebnout.fr\/index.php\/wp-json\/wp\/v2\/comments?post=392"}],"version-history":[{"count":201,"href":"https:\/\/gebnout.fr\/index.php\/wp-json\/wp\/v2\/pages\/392\/revisions"}],"predecessor-version":[{"id":11408,"href":"https:\/\/gebnout.fr\/index.php\/wp-json\/wp\/v2\/pages\/392\/revisions\/11408"}],"wp:featuredmedia":[{"embeddable":true,"href":"https:\/\/gebnout.fr\/index.php\/wp-json\/wp\/v2\/media\/395"}],"wp:attachment":[{"href":"https:\/\/gebnout.fr\/index.php\/wp-json\/wp\/v2\/media?parent=392"}],"curies":[{"name":"wp","href":"https:\/\/api.w.org\/{rel}","templated":true}]}}