{"id":10859,"date":"2024-02-16T18:50:12","date_gmt":"2024-02-16T17:50:12","guid":{"rendered":"https:\/\/gebnout.fr\/?post_type=product&#038;p=10859"},"modified":"2024-11-10T20:49:39","modified_gmt":"2024-11-10T19:49:39","slug":"patch-a-signature-vibratoire-lot-de-6","status":"publish","type":"product","link":"https:\/\/gebnout.fr\/index.php\/produit\/patch-a-signature-vibratoire-lot-de-6\/","title":{"rendered":"Patch \u00e0 signature vibratoire &#8211; lot de 6"},"content":{"rendered":"","protected":false},"excerpt":{"rendered":"<p>Le patch \u00e0 signature vibratoire COLLAGENE ne pr\u00e9sente pas de principe actif. Il peut \u00eatre class\u00e9 dans les dispositifs de th\u00e9rapie fr\u00e9quentielle. Il est issu d&#8217;une collaboration de recherche entre Geb Nout et <a href=\"https:\/\/bruno-braida-equilivie.fr\/\">Equilivie<\/a>.<\/p>\n<p>Ce patch de r\u00e9\u00e9quilibrage bien-\u00eatre est n\u00e9 d&#8217;une perception-sensation dont la porte d&#8217;entr\u00e9e est le collag\u00e8ne : un toucher, une texture, de la fluidit\u00e9, l&#8217;acceptation d&#8217;\u00eatre non limit\u00e9.<\/p>\n<p>Ce dispositif est porteur d&#8217;une qualit\u00e9 d&#8217;\u00eatre qui fait \u00e9cho \u00e0 de la clart\u00e9 mentale et de la prise de d\u00e9cision.<\/p>\n<p>C&#8217;est un dispositif adh\u00e9sif souple, de fine \u00e9paisseur et de 2cm de diam\u00e8tre. Sa couleur transparente le rend discret.<\/p>\n<p><strong>Mode d&#8217;application<\/strong> : Collez le patch deux doigts sous le nombril. Laissez-le en place aussi longtemps que vous le souhaitez.<\/p>\n","protected":false},"featured_media":10908,"comment_status":"open","ping_status":"closed","template":"","meta":{"neve_meta_sidebar":"","neve_meta_container":"","neve_meta_enable_content_width":"off","neve_meta_content_width":100,"neve_meta_title_alignment":"","neve_meta_author_avatar":"","neve_post_elements_order":"","neve_meta_disable_header":"","neve_meta_disable_footer":"","neve_meta_disable_title":"","_ti_tpc_template_sync":false,"_ti_tpc_template_id":""},"product_cat":[68],"product_tag":[],"yoast_head":"<!-- This site is optimized with the Yoast SEO plugin v22.6 - https:\/\/yoast.com\/wordpress\/plugins\/seo\/ -->\n<title>Patch \u00e0 signature vibratoire - lot de 6 - Geb Nout<\/title>\n<meta name=\"description\" content=\"Patch \u00e0 signature vibratoire collag\u00e8ne. Il peut \u00eatre class\u00e9 dans les dispositifs de th\u00e9rapie fr\u00e9quentielle. Dispositif adh\u00e9sif souple, de fine \u00e9paisseur et de 2cm de diam\u00e8tre. Sa couleur transparente le rend discret.\" \/>\n<meta name=\"robots\" content=\"index, follow, max-snippet:-1, max-image-preview:large, max-video-preview:-1\" \/>\n<link rel=\"canonical\" href=\"https:\/\/gebnout.fr\/index.php\/produit\/patch-a-signature-vibratoire-lot-de-6\/\" \/>\n<meta property=\"og:locale\" content=\"fr_FR\" \/>\n<meta property=\"og:type\" content=\"article\" \/>\n<meta property=\"og:title\" content=\"Patch \u00e0 signature vibratoire - lot de 6 - Geb Nout\" \/>\n<meta property=\"og:description\" content=\"Patch \u00e0 signature vibratoire collag\u00e8ne. Il peut \u00eatre class\u00e9 dans les dispositifs de th\u00e9rapie fr\u00e9quentielle. Dispositif adh\u00e9sif souple, de fine \u00e9paisseur et de 2cm de diam\u00e8tre. Sa couleur transparente le rend discret.\" \/>\n<meta property=\"og:url\" content=\"https:\/\/gebnout.fr\/index.php\/produit\/patch-a-signature-vibratoire-lot-de-6\/\" \/>\n<meta property=\"og:site_name\" content=\"Geb Nout\" \/>\n<meta property=\"article:modified_time\" content=\"2024-11-10T19:49:39+00:00\" \/>\n<meta property=\"og:image\" content=\"https:\/\/gebnout.fr\/wp-content\/uploads\/2024\/02\/IMG_2712-1-scaled-e1708196160324.jpg\" \/>\n\t<meta property=\"og:image:width\" content=\"1299\" \/>\n\t<meta property=\"og:image:height\" content=\"1990\" \/>\n\t<meta property=\"og:image:type\" content=\"image\/jpeg\" \/>\n<meta name=\"twitter:card\" content=\"summary_large_image\" \/>\n<script type=\"application\/ld+json\" class=\"yoast-schema-graph\">{\"@context\":\"https:\/\/schema.org\",\"@graph\":[{\"@type\":\"WebPage\",\"@id\":\"https:\/\/gebnout.fr\/index.php\/produit\/patch-a-signature-vibratoire-lot-de-6\/\",\"url\":\"https:\/\/gebnout.fr\/index.php\/produit\/patch-a-signature-vibratoire-lot-de-6\/\",\"name\":\"Patch \u00e0 signature vibratoire - lot de 6 - Geb Nout\",\"isPartOf\":{\"@id\":\"https:\/\/gebnout.fr\/#website\"},\"primaryImageOfPage\":{\"@id\":\"https:\/\/gebnout.fr\/index.php\/produit\/patch-a-signature-vibratoire-lot-de-6\/#primaryimage\"},\"image\":{\"@id\":\"https:\/\/gebnout.fr\/index.php\/produit\/patch-a-signature-vibratoire-lot-de-6\/#primaryimage\"},\"thumbnailUrl\":\"https:\/\/i0.wp.com\/gebnout.fr\/wp-content\/uploads\/2024\/02\/IMG_2712-1-scaled-e1708196160324.jpg?fit=1299%2C1990&ssl=1\",\"datePublished\":\"2024-02-16T17:50:12+00:00\",\"dateModified\":\"2024-11-10T19:49:39+00:00\",\"description\":\"Patch \u00e0 signature vibratoire collag\u00e8ne. Il peut \u00eatre class\u00e9 dans les dispositifs de th\u00e9rapie fr\u00e9quentielle. Dispositif adh\u00e9sif souple, de fine \u00e9paisseur et de 2cm de diam\u00e8tre. Sa couleur transparente le rend discret.\",\"breadcrumb\":{\"@id\":\"https:\/\/gebnout.fr\/index.php\/produit\/patch-a-signature-vibratoire-lot-de-6\/#breadcrumb\"},\"inLanguage\":\"fr-FR\",\"potentialAction\":[{\"@type\":\"ReadAction\",\"target\":[\"https:\/\/gebnout.fr\/index.php\/produit\/patch-a-signature-vibratoire-lot-de-6\/\"]}]},{\"@type\":\"ImageObject\",\"inLanguage\":\"fr-FR\",\"@id\":\"https:\/\/gebnout.fr\/index.php\/produit\/patch-a-signature-vibratoire-lot-de-6\/#primaryimage\",\"url\":\"https:\/\/i0.wp.com\/gebnout.fr\/wp-content\/uploads\/2024\/02\/IMG_2712-1-scaled-e1708196160324.jpg?fit=1299%2C1990&ssl=1\",\"contentUrl\":\"https:\/\/i0.wp.com\/gebnout.fr\/wp-content\/uploads\/2024\/02\/IMG_2712-1-scaled-e1708196160324.jpg?fit=1299%2C1990&ssl=1\",\"width\":1299,\"height\":1990},{\"@type\":\"BreadcrumbList\",\"@id\":\"https:\/\/gebnout.fr\/index.php\/produit\/patch-a-signature-vibratoire-lot-de-6\/#breadcrumb\",\"itemListElement\":[{\"@type\":\"ListItem\",\"position\":1,\"name\":\"Accueil\",\"item\":\"https:\/\/gebnout.fr\/\"},{\"@type\":\"ListItem\",\"position\":2,\"name\":\"Boutique\",\"item\":\"https:\/\/gebnout.fr\/index.php\/boutique\/\"},{\"@type\":\"ListItem\",\"position\":3,\"name\":\"Patch \u00e0 signature vibratoire &#8211; lot de 6\"}]},{\"@type\":\"WebSite\",\"@id\":\"https:\/\/gebnout.fr\/#website\",\"url\":\"https:\/\/gebnout.fr\/\",\"name\":\"Geb Nout\",\"description\":\"Passeur de v\u00e9g\u00e9taux\",\"publisher\":{\"@id\":\"https:\/\/gebnout.fr\/#organization\"},\"potentialAction\":[{\"@type\":\"SearchAction\",\"target\":{\"@type\":\"EntryPoint\",\"urlTemplate\":\"https:\/\/gebnout.fr\/?s={search_term_string}\"},\"query-input\":\"required name=search_term_string\"}],\"inLanguage\":\"fr-FR\"},{\"@type\":\"Organization\",\"@id\":\"https:\/\/gebnout.fr\/#organization\",\"name\":\"Geb Nout\",\"url\":\"https:\/\/gebnout.fr\/\",\"logo\":{\"@type\":\"ImageObject\",\"inLanguage\":\"fr-FR\",\"@id\":\"https:\/\/gebnout.fr\/#\/schema\/logo\/image\/\",\"url\":\"https:\/\/i0.wp.com\/gebnout.fr\/wp-content\/uploads\/2023\/04\/bourgeon-cassis-e1708104877110.png?fit=100%2C114&ssl=1\",\"contentUrl\":\"https:\/\/i0.wp.com\/gebnout.fr\/wp-content\/uploads\/2023\/04\/bourgeon-cassis-e1708104877110.png?fit=100%2C114&ssl=1\",\"width\":100,\"height\":114,\"caption\":\"Geb Nout\"},\"image\":{\"@id\":\"https:\/\/gebnout.fr\/#\/schema\/logo\/image\/\"}}]}<\/script>\n<!-- \/ Yoast SEO plugin. -->","yoast_head_json":{"title":"Patch \u00e0 signature vibratoire - lot de 6 - Geb Nout","description":"Patch \u00e0 signature vibratoire collag\u00e8ne. Il peut \u00eatre class\u00e9 dans les dispositifs de th\u00e9rapie fr\u00e9quentielle. Dispositif adh\u00e9sif souple, de fine \u00e9paisseur et de 2cm de diam\u00e8tre. Sa couleur transparente le rend discret.","robots":{"index":"index","follow":"follow","max-snippet":"max-snippet:-1","max-image-preview":"max-image-preview:large","max-video-preview":"max-video-preview:-1"},"canonical":"https:\/\/gebnout.fr\/index.php\/produit\/patch-a-signature-vibratoire-lot-de-6\/","og_locale":"fr_FR","og_type":"article","og_title":"Patch \u00e0 signature vibratoire - lot de 6 - Geb Nout","og_description":"Patch \u00e0 signature vibratoire collag\u00e8ne. Il peut \u00eatre class\u00e9 dans les dispositifs de th\u00e9rapie fr\u00e9quentielle. Dispositif adh\u00e9sif souple, de fine \u00e9paisseur et de 2cm de diam\u00e8tre. Sa couleur transparente le rend discret.","og_url":"https:\/\/gebnout.fr\/index.php\/produit\/patch-a-signature-vibratoire-lot-de-6\/","og_site_name":"Geb Nout","article_modified_time":"2024-11-10T19:49:39+00:00","og_image":[{"width":1299,"height":1990,"url":"https:\/\/gebnout.fr\/wp-content\/uploads\/2024\/02\/IMG_2712-1-scaled-e1708196160324.jpg","type":"image\/jpeg"}],"twitter_card":"summary_large_image","schema":{"@context":"https:\/\/schema.org","@graph":[{"@type":"WebPage","@id":"https:\/\/gebnout.fr\/index.php\/produit\/patch-a-signature-vibratoire-lot-de-6\/","url":"https:\/\/gebnout.fr\/index.php\/produit\/patch-a-signature-vibratoire-lot-de-6\/","name":"Patch \u00e0 signature vibratoire - lot de 6 - Geb Nout","isPartOf":{"@id":"https:\/\/gebnout.fr\/#website"},"primaryImageOfPage":{"@id":"https:\/\/gebnout.fr\/index.php\/produit\/patch-a-signature-vibratoire-lot-de-6\/#primaryimage"},"image":{"@id":"https:\/\/gebnout.fr\/index.php\/produit\/patch-a-signature-vibratoire-lot-de-6\/#primaryimage"},"thumbnailUrl":"https:\/\/i0.wp.com\/gebnout.fr\/wp-content\/uploads\/2024\/02\/IMG_2712-1-scaled-e1708196160324.jpg?fit=1299%2C1990&ssl=1","datePublished":"2024-02-16T17:50:12+00:00","dateModified":"2024-11-10T19:49:39+00:00","description":"Patch \u00e0 signature vibratoire collag\u00e8ne. Il peut \u00eatre class\u00e9 dans les dispositifs de th\u00e9rapie fr\u00e9quentielle. Dispositif adh\u00e9sif souple, de fine \u00e9paisseur et de 2cm de diam\u00e8tre. Sa couleur transparente le rend discret.","breadcrumb":{"@id":"https:\/\/gebnout.fr\/index.php\/produit\/patch-a-signature-vibratoire-lot-de-6\/#breadcrumb"},"inLanguage":"fr-FR","potentialAction":[{"@type":"ReadAction","target":["https:\/\/gebnout.fr\/index.php\/produit\/patch-a-signature-vibratoire-lot-de-6\/"]}]},{"@type":"ImageObject","inLanguage":"fr-FR","@id":"https:\/\/gebnout.fr\/index.php\/produit\/patch-a-signature-vibratoire-lot-de-6\/#primaryimage","url":"https:\/\/i0.wp.com\/gebnout.fr\/wp-content\/uploads\/2024\/02\/IMG_2712-1-scaled-e1708196160324.jpg?fit=1299%2C1990&ssl=1","contentUrl":"https:\/\/i0.wp.com\/gebnout.fr\/wp-content\/uploads\/2024\/02\/IMG_2712-1-scaled-e1708196160324.jpg?fit=1299%2C1990&ssl=1","width":1299,"height":1990},{"@type":"BreadcrumbList","@id":"https:\/\/gebnout.fr\/index.php\/produit\/patch-a-signature-vibratoire-lot-de-6\/#breadcrumb","itemListElement":[{"@type":"ListItem","position":1,"name":"Accueil","item":"https:\/\/gebnout.fr\/"},{"@type":"ListItem","position":2,"name":"Boutique","item":"https:\/\/gebnout.fr\/index.php\/boutique\/"},{"@type":"ListItem","position":3,"name":"Patch \u00e0 signature vibratoire &#8211; lot de 6"}]},{"@type":"WebSite","@id":"https:\/\/gebnout.fr\/#website","url":"https:\/\/gebnout.fr\/","name":"Geb Nout","description":"Passeur de v\u00e9g\u00e9taux","publisher":{"@id":"https:\/\/gebnout.fr\/#organization"},"potentialAction":[{"@type":"SearchAction","target":{"@type":"EntryPoint","urlTemplate":"https:\/\/gebnout.fr\/?s={search_term_string}"},"query-input":"required name=search_term_string"}],"inLanguage":"fr-FR"},{"@type":"Organization","@id":"https:\/\/gebnout.fr\/#organization","name":"Geb Nout","url":"https:\/\/gebnout.fr\/","logo":{"@type":"ImageObject","inLanguage":"fr-FR","@id":"https:\/\/gebnout.fr\/#\/schema\/logo\/image\/","url":"https:\/\/i0.wp.com\/gebnout.fr\/wp-content\/uploads\/2023\/04\/bourgeon-cassis-e1708104877110.png?fit=100%2C114&ssl=1","contentUrl":"https:\/\/i0.wp.com\/gebnout.fr\/wp-content\/uploads\/2023\/04\/bourgeon-cassis-e1708104877110.png?fit=100%2C114&ssl=1","width":100,"height":114,"caption":"Geb Nout"},"image":{"@id":"https:\/\/gebnout.fr\/#\/schema\/logo\/image\/"}}]}},"jetpack_sharing_enabled":true,"_links":{"self":[{"href":"https:\/\/gebnout.fr\/index.php\/wp-json\/wp\/v2\/product\/10859"}],"collection":[{"href":"https:\/\/gebnout.fr\/index.php\/wp-json\/wp\/v2\/product"}],"about":[{"href":"https:\/\/gebnout.fr\/index.php\/wp-json\/wp\/v2\/types\/product"}],"replies":[{"embeddable":true,"href":"https:\/\/gebnout.fr\/index.php\/wp-json\/wp\/v2\/comments?post=10859"}],"version-history":[{"count":5,"href":"https:\/\/gebnout.fr\/index.php\/wp-json\/wp\/v2\/product\/10859\/revisions"}],"predecessor-version":[{"id":10874,"href":"https:\/\/gebnout.fr\/index.php\/wp-json\/wp\/v2\/product\/10859\/revisions\/10874"}],"wp:featuredmedia":[{"embeddable":true,"href":"https:\/\/gebnout.fr\/index.php\/wp-json\/wp\/v2\/media\/10908"}],"wp:attachment":[{"href":"https:\/\/gebnout.fr\/index.php\/wp-json\/wp\/v2\/media?parent=10859"}],"wp:term":[{"taxonomy":"product_cat","embeddable":true,"href":"https:\/\/gebnout.fr\/index.php\/wp-json\/wp\/v2\/product_cat?post=10859"},{"taxonomy":"product_tag","embeddable":true,"href":"https:\/\/gebnout.fr\/index.php\/wp-json\/wp\/v2\/product_tag?post=10859"}],"curies":[{"name":"wp","href":"https:\/\/api.w.org\/{rel}","templated":true}]}}