{"id":2845,"date":"2021-10-03T09:59:45","date_gmt":"2021-10-03T07:59:45","guid":{"rendered":"https:\/\/racines.ovh\/?post_type=product&#038;p=2845"},"modified":"2024-02-12T11:24:00","modified_gmt":"2024-02-12T10:24:00","slug":"pain-sorgho","status":"publish","type":"product","link":"https:\/\/gebnout.fr\/index.php\/produit\/pain-sorgho\/","title":{"rendered":"Pain au levain &#8211; Sorgho"},"content":{"rendered":"<p><strong>Tout commence dans le sol et le grain \u2026<\/strong><br \/>\n<strong>Un aliment \u00e0 part enti\u00e8re, source de sant\u00e9 et de plaisir &#8230;<\/strong><\/p>\n<p><strong>Des c\u00e9r\u00e9ales :<\/strong> Pr\u00e9serv\u00e9s et multipli\u00e9s,riches en nutriments essentiels, acides amin\u00e9s, vitamines et pauvres en gluten. Le moulin de type Astrier respecte et garantit par ses meules de pierre \u00e0 vitesse de rotation lente de restituer une tr\u00e9s grande qualit\u00e9.<br \/>\n<strong>Des ingr\u00e9dients s\u00e9lectionn\u00e9s :<\/strong>\u00a0Un levain de trente ans d\u2019\u00e2ge, l&#8217;eau de source, une farine fra\u00eechement moulue.<br \/>\n<strong>Un savoir faire \u00e9prouv\u00e9 :<\/strong> Un p\u00e9trissage \u00e0 la main. Une cuisson au four \u00e0 bois chauff\u00e9 au H\u00eatre. Une patience joyeuse pour accompagner toutes les phases d\u2019\u00e9laboration&#8230; avec beaucoup de\u00a0<strong>JOIE<\/strong>\u00a0et d\u2019<strong>AMOUR<\/strong><br \/>\n<strong>Une invitation :<\/strong>\u00a0A se laisser surprendre et accompagner par ces pains sans cesse nouveaux, aux saveurs typ\u00e9es<\/p>\n<p>Une nourriture riche de sens<\/p>\n<p>&nbsp;<\/p>\n","protected":false},"excerpt":{"rendered":"<p>Partez en voyage avec ce pain au Sorgho, une c\u00e9r\u00e9ale d\u2019origine africaine sans gluten et cultiv\u00e9e sur nos terres en Auvergne.<\/p>\n<p>Plaisir des papilles avec sa couleur rose et onctuosit\u00e9 en bouche.<\/p>\n<p>Un subtil ar\u00f4me d&#8217;humus et de cacao.<\/p>\n<p>Composition : sorgho, bl\u00e9 ancien, levain<\/p>\n<p>&nbsp;<\/p>\n","protected":false},"featured_media":2771,"comment_status":"open","ping_status":"closed","template":"","meta":{"neve_meta_sidebar":"","neve_meta_container":"contained","neve_meta_enable_content_width":"off","neve_meta_content_width":100,"neve_meta_title_alignment":"","neve_meta_author_avatar":"","neve_post_elements_order":"","neve_meta_disable_header":"","neve_meta_disable_footer":"","neve_meta_disable_title":"","_ti_tpc_template_sync":false,"_ti_tpc_template_id":""},"product_cat":[51],"product_tag":[],"yoast_head":"<!-- This site is optimized with the Yoast SEO plugin v22.6 - https:\/\/yoast.com\/wordpress\/plugins\/seo\/ -->\n<title>Pain sorgho au levain<\/title>\n<meta name=\"description\" content=\"D\u00e9couvrez notre pain au levain au sorgho. C\u00e9r\u00e9ale sans gluten originaire d&#039;Afrique que nous cultivons en Auvergne. Exp\u00e9rience unique.\" \/>\n<meta name=\"robots\" content=\"index, follow, max-snippet:-1, max-image-preview:large, max-video-preview:-1\" \/>\n<link rel=\"canonical\" href=\"https:\/\/gebnout.fr\/index.php\/produit\/pain-sorgho\/\" \/>\n<meta property=\"og:locale\" content=\"fr_FR\" \/>\n<meta property=\"og:type\" content=\"article\" \/>\n<meta property=\"og:title\" content=\"Pain sorgho au levain\" \/>\n<meta property=\"og:description\" content=\"D\u00e9couvrez notre pain au levain au sorgho. C\u00e9r\u00e9ale sans gluten originaire d&#039;Afrique que nous cultivons en Auvergne. Exp\u00e9rience unique.\" \/>\n<meta property=\"og:url\" content=\"https:\/\/gebnout.fr\/index.php\/produit\/pain-sorgho\/\" \/>\n<meta property=\"og:site_name\" content=\"Geb Nout\" \/>\n<meta property=\"article:modified_time\" content=\"2024-02-12T10:24:00+00:00\" \/>\n<meta property=\"og:image\" content=\"https:\/\/gebnout.fr\/wp-content\/uploads\/2021\/09\/sorgho-scaled.jpg\" \/>\n\t<meta property=\"og:image:width\" content=\"2560\" \/>\n\t<meta property=\"og:image:height\" content=\"1440\" \/>\n\t<meta property=\"og:image:type\" content=\"image\/jpeg\" \/>\n<meta name=\"twitter:card\" content=\"summary_large_image\" \/>\n<meta name=\"twitter:label1\" content=\"Dur\u00e9e de lecture estim\u00e9e\" \/>\n\t<meta name=\"twitter:data1\" content=\"1 minute\" \/>\n<script type=\"application\/ld+json\" class=\"yoast-schema-graph\">{\"@context\":\"https:\/\/schema.org\",\"@graph\":[{\"@type\":\"WebPage\",\"@id\":\"https:\/\/gebnout.fr\/index.php\/produit\/pain-sorgho\/\",\"url\":\"https:\/\/gebnout.fr\/index.php\/produit\/pain-sorgho\/\",\"name\":\"Pain sorgho au levain\",\"isPartOf\":{\"@id\":\"https:\/\/gebnout.fr\/#website\"},\"primaryImageOfPage\":{\"@id\":\"https:\/\/gebnout.fr\/index.php\/produit\/pain-sorgho\/#primaryimage\"},\"image\":{\"@id\":\"https:\/\/gebnout.fr\/index.php\/produit\/pain-sorgho\/#primaryimage\"},\"thumbnailUrl\":\"https:\/\/i0.wp.com\/gebnout.fr\/wp-content\/uploads\/2021\/09\/sorgho-scaled.jpg?fit=2560%2C1440&ssl=1\",\"datePublished\":\"2021-10-03T07:59:45+00:00\",\"dateModified\":\"2024-02-12T10:24:00+00:00\",\"description\":\"D\u00e9couvrez notre pain au levain au sorgho. C\u00e9r\u00e9ale sans gluten originaire d'Afrique que nous cultivons en Auvergne. Exp\u00e9rience unique.\",\"breadcrumb\":{\"@id\":\"https:\/\/gebnout.fr\/index.php\/produit\/pain-sorgho\/#breadcrumb\"},\"inLanguage\":\"fr-FR\",\"potentialAction\":[{\"@type\":\"ReadAction\",\"target\":[\"https:\/\/gebnout.fr\/index.php\/produit\/pain-sorgho\/\"]}]},{\"@type\":\"ImageObject\",\"inLanguage\":\"fr-FR\",\"@id\":\"https:\/\/gebnout.fr\/index.php\/produit\/pain-sorgho\/#primaryimage\",\"url\":\"https:\/\/i0.wp.com\/gebnout.fr\/wp-content\/uploads\/2021\/09\/sorgho-scaled.jpg?fit=2560%2C1440&ssl=1\",\"contentUrl\":\"https:\/\/i0.wp.com\/gebnout.fr\/wp-content\/uploads\/2021\/09\/sorgho-scaled.jpg?fit=2560%2C1440&ssl=1\",\"width\":2560,\"height\":1440},{\"@type\":\"BreadcrumbList\",\"@id\":\"https:\/\/gebnout.fr\/index.php\/produit\/pain-sorgho\/#breadcrumb\",\"itemListElement\":[{\"@type\":\"ListItem\",\"position\":1,\"name\":\"Accueil\",\"item\":\"https:\/\/gebnout.fr\/\"},{\"@type\":\"ListItem\",\"position\":2,\"name\":\"Boutique\",\"item\":\"https:\/\/gebnout.fr\/index.php\/boutique\/\"},{\"@type\":\"ListItem\",\"position\":3,\"name\":\"Pain au levain &#8211; Sorgho\"}]},{\"@type\":\"WebSite\",\"@id\":\"https:\/\/gebnout.fr\/#website\",\"url\":\"https:\/\/gebnout.fr\/\",\"name\":\"Geb Nout\",\"description\":\"Passeur de v\u00e9g\u00e9taux\",\"publisher\":{\"@id\":\"https:\/\/gebnout.fr\/#organization\"},\"potentialAction\":[{\"@type\":\"SearchAction\",\"target\":{\"@type\":\"EntryPoint\",\"urlTemplate\":\"https:\/\/gebnout.fr\/?s={search_term_string}\"},\"query-input\":\"required name=search_term_string\"}],\"inLanguage\":\"fr-FR\"},{\"@type\":\"Organization\",\"@id\":\"https:\/\/gebnout.fr\/#organization\",\"name\":\"Geb Nout\",\"url\":\"https:\/\/gebnout.fr\/\",\"logo\":{\"@type\":\"ImageObject\",\"inLanguage\":\"fr-FR\",\"@id\":\"https:\/\/gebnout.fr\/#\/schema\/logo\/image\/\",\"url\":\"https:\/\/i0.wp.com\/gebnout.fr\/wp-content\/uploads\/2023\/04\/bourgeon-cassis-e1708104877110.png?fit=100%2C114&ssl=1\",\"contentUrl\":\"https:\/\/i0.wp.com\/gebnout.fr\/wp-content\/uploads\/2023\/04\/bourgeon-cassis-e1708104877110.png?fit=100%2C114&ssl=1\",\"width\":100,\"height\":114,\"caption\":\"Geb Nout\"},\"image\":{\"@id\":\"https:\/\/gebnout.fr\/#\/schema\/logo\/image\/\"}}]}<\/script>\n<!-- \/ Yoast SEO plugin. -->","yoast_head_json":{"title":"Pain sorgho au levain","description":"D\u00e9couvrez notre pain au levain au sorgho. C\u00e9r\u00e9ale sans gluten originaire d'Afrique que nous cultivons en Auvergne. Exp\u00e9rience unique.","robots":{"index":"index","follow":"follow","max-snippet":"max-snippet:-1","max-image-preview":"max-image-preview:large","max-video-preview":"max-video-preview:-1"},"canonical":"https:\/\/gebnout.fr\/index.php\/produit\/pain-sorgho\/","og_locale":"fr_FR","og_type":"article","og_title":"Pain sorgho au levain","og_description":"D\u00e9couvrez notre pain au levain au sorgho. C\u00e9r\u00e9ale sans gluten originaire d'Afrique que nous cultivons en Auvergne. Exp\u00e9rience unique.","og_url":"https:\/\/gebnout.fr\/index.php\/produit\/pain-sorgho\/","og_site_name":"Geb Nout","article_modified_time":"2024-02-12T10:24:00+00:00","og_image":[{"width":2560,"height":1440,"url":"https:\/\/gebnout.fr\/wp-content\/uploads\/2021\/09\/sorgho-scaled.jpg","type":"image\/jpeg"}],"twitter_card":"summary_large_image","twitter_misc":{"Dur\u00e9e de lecture estim\u00e9e":"1 minute"},"schema":{"@context":"https:\/\/schema.org","@graph":[{"@type":"WebPage","@id":"https:\/\/gebnout.fr\/index.php\/produit\/pain-sorgho\/","url":"https:\/\/gebnout.fr\/index.php\/produit\/pain-sorgho\/","name":"Pain sorgho au levain","isPartOf":{"@id":"https:\/\/gebnout.fr\/#website"},"primaryImageOfPage":{"@id":"https:\/\/gebnout.fr\/index.php\/produit\/pain-sorgho\/#primaryimage"},"image":{"@id":"https:\/\/gebnout.fr\/index.php\/produit\/pain-sorgho\/#primaryimage"},"thumbnailUrl":"https:\/\/i0.wp.com\/gebnout.fr\/wp-content\/uploads\/2021\/09\/sorgho-scaled.jpg?fit=2560%2C1440&ssl=1","datePublished":"2021-10-03T07:59:45+00:00","dateModified":"2024-02-12T10:24:00+00:00","description":"D\u00e9couvrez notre pain au levain au sorgho. C\u00e9r\u00e9ale sans gluten originaire d'Afrique que nous cultivons en Auvergne. Exp\u00e9rience unique.","breadcrumb":{"@id":"https:\/\/gebnout.fr\/index.php\/produit\/pain-sorgho\/#breadcrumb"},"inLanguage":"fr-FR","potentialAction":[{"@type":"ReadAction","target":["https:\/\/gebnout.fr\/index.php\/produit\/pain-sorgho\/"]}]},{"@type":"ImageObject","inLanguage":"fr-FR","@id":"https:\/\/gebnout.fr\/index.php\/produit\/pain-sorgho\/#primaryimage","url":"https:\/\/i0.wp.com\/gebnout.fr\/wp-content\/uploads\/2021\/09\/sorgho-scaled.jpg?fit=2560%2C1440&ssl=1","contentUrl":"https:\/\/i0.wp.com\/gebnout.fr\/wp-content\/uploads\/2021\/09\/sorgho-scaled.jpg?fit=2560%2C1440&ssl=1","width":2560,"height":1440},{"@type":"BreadcrumbList","@id":"https:\/\/gebnout.fr\/index.php\/produit\/pain-sorgho\/#breadcrumb","itemListElement":[{"@type":"ListItem","position":1,"name":"Accueil","item":"https:\/\/gebnout.fr\/"},{"@type":"ListItem","position":2,"name":"Boutique","item":"https:\/\/gebnout.fr\/index.php\/boutique\/"},{"@type":"ListItem","position":3,"name":"Pain au levain &#8211; Sorgho"}]},{"@type":"WebSite","@id":"https:\/\/gebnout.fr\/#website","url":"https:\/\/gebnout.fr\/","name":"Geb Nout","description":"Passeur de v\u00e9g\u00e9taux","publisher":{"@id":"https:\/\/gebnout.fr\/#organization"},"potentialAction":[{"@type":"SearchAction","target":{"@type":"EntryPoint","urlTemplate":"https:\/\/gebnout.fr\/?s={search_term_string}"},"query-input":"required name=search_term_string"}],"inLanguage":"fr-FR"},{"@type":"Organization","@id":"https:\/\/gebnout.fr\/#organization","name":"Geb Nout","url":"https:\/\/gebnout.fr\/","logo":{"@type":"ImageObject","inLanguage":"fr-FR","@id":"https:\/\/gebnout.fr\/#\/schema\/logo\/image\/","url":"https:\/\/i0.wp.com\/gebnout.fr\/wp-content\/uploads\/2023\/04\/bourgeon-cassis-e1708104877110.png?fit=100%2C114&ssl=1","contentUrl":"https:\/\/i0.wp.com\/gebnout.fr\/wp-content\/uploads\/2023\/04\/bourgeon-cassis-e1708104877110.png?fit=100%2C114&ssl=1","width":100,"height":114,"caption":"Geb Nout"},"image":{"@id":"https:\/\/gebnout.fr\/#\/schema\/logo\/image\/"}}]}},"jetpack_sharing_enabled":true,"_links":{"self":[{"href":"https:\/\/gebnout.fr\/index.php\/wp-json\/wp\/v2\/product\/2845"}],"collection":[{"href":"https:\/\/gebnout.fr\/index.php\/wp-json\/wp\/v2\/product"}],"about":[{"href":"https:\/\/gebnout.fr\/index.php\/wp-json\/wp\/v2\/types\/product"}],"replies":[{"embeddable":true,"href":"https:\/\/gebnout.fr\/index.php\/wp-json\/wp\/v2\/comments?post=2845"}],"version-history":[{"count":3,"href":"https:\/\/gebnout.fr\/index.php\/wp-json\/wp\/v2\/product\/2845\/revisions"}],"predecessor-version":[{"id":4069,"href":"https:\/\/gebnout.fr\/index.php\/wp-json\/wp\/v2\/product\/2845\/revisions\/4069"}],"wp:featuredmedia":[{"embeddable":true,"href":"https:\/\/gebnout.fr\/index.php\/wp-json\/wp\/v2\/media\/2771"}],"wp:attachment":[{"href":"https:\/\/gebnout.fr\/index.php\/wp-json\/wp\/v2\/media?parent=2845"}],"wp:term":[{"taxonomy":"product_cat","embeddable":true,"href":"https:\/\/gebnout.fr\/index.php\/wp-json\/wp\/v2\/product_cat?post=2845"},{"taxonomy":"product_tag","embeddable":true,"href":"https:\/\/gebnout.fr\/index.php\/wp-json\/wp\/v2\/product_tag?post=2845"}],"curies":[{"name":"wp","href":"https:\/\/api.w.org\/{rel}","templated":true}]}}