{"id":2866,"date":"2021-10-03T11:23:37","date_gmt":"2021-10-03T09:23:37","guid":{"rendered":"https:\/\/racines.ovh\/?post_type=product&#038;p=2866"},"modified":"2023-01-09T10:22:42","modified_gmt":"2023-01-09T09:22:42","slug":"farine-aux-plantes","status":"publish","type":"product","link":"https:\/\/gebnout.fr\/index.php\/produit\/farine-aux-plantes\/","title":{"rendered":"Farine de bl\u00e9s anciens aux plantes"},"content":{"rendered":"<p>Id\u00e9e recette : P\u00e2te \u00e0 tarte \u00e0 la farine aux plantes<\/p>\n<p>Pour une tarte<\/p>\n<p>&#8211; 200 g de farine de poulard\/plantes<br \/>\n&#8211; 10 cl d\u2019huile d\u2019olive<br \/>\n&#8211; eau<br \/>\n&#8211; une pinc\u00e9e d\u2019\u00e9merveillement<\/p>\n<p>M\u00e9langez l\u2019huile et la farine. Ajouter de l\u2019eau petit \u00e0 petit jusqu\u2019\u00e0 obtenir une boule homog\u00e8ne. Etalez la p\u00e2te en vous servant d\u2019un rouleau \u00e0 p\u00e2tisserie p\u00e2te. Dressez la p\u00e2te dans un moule puis garnissez-la d\u2019un appareil \u0153ufs \/ lait v\u00e9g\u00e9tal \/ l\u00e9gumes selon la saison et vos envies.<\/p>\n<p>&nbsp;<\/p>\n","protected":false},"excerpt":{"rendered":"<p><strong>Poids net : 800g<\/strong><\/p>\n<p>Mariage de notre farine de Poulard pur (vari\u00e9t\u00e9 de bl\u00e9 ancien pauvre en gluten) pass\u00e9e sur moulin \u00e0 meule de pierre et de plantes cultiv\u00e9es, s\u00e9ch\u00e9es et mises en poudre.<\/p>\n<p>Couleurs = bonheur et saveurs<\/p>\n<p>PR\u00c9PARATION pour r\u00e9aliser \u00e0 la maison vos biscuits, g\u00e2teaux, cr\u00eapes, p\u00e2tes \u00e0 tarte \u2026.<\/p>\n<p>Les farines ci-dessous sont \u00e0 titre indicatif, en fonction de la saison et de nos envies, nous r\u00e9alisons des farines au thym, \u00e0 la menthe, \u00e0 l\u2019ortie, au shiso, aux fleurs de lavande, aux p\u00e9tales de tournesol\u2026<\/p>\n<p>Recettes au dos du paquet &#8211; une moyen de varier les plaisirs et bienfaits<\/p>\n<p>&nbsp;<\/p>\n","protected":false},"featured_media":2838,"comment_status":"open","ping_status":"closed","template":"","meta":{"neve_meta_sidebar":"","neve_meta_container":"contained","neve_meta_enable_content_width":"off","neve_meta_content_width":100,"neve_meta_title_alignment":"","neve_meta_author_avatar":"","neve_post_elements_order":"","neve_meta_disable_header":"","neve_meta_disable_footer":"","neve_meta_disable_title":"","_ti_tpc_template_sync":false,"_ti_tpc_template_id":""},"product_cat":[51],"product_tag":[],"yoast_head":"<!-- This site is optimized with the Yoast SEO plugin v22.6 - https:\/\/yoast.com\/wordpress\/plugins\/seo\/ -->\n<title>Farine de plantes poudre de plantes - Poulard<\/title>\n<meta name=\"description\" content=\"Venez d\u00e9guster dans un lieu pr\u00e9serv\u00e9, un de nos produits : la farine de plantes, pass\u00e9e sur moulin \u00e0 meule de pierre, le bonheur en cuisine\" \/>\n<meta name=\"robots\" content=\"index, follow, max-snippet:-1, max-image-preview:large, max-video-preview:-1\" \/>\n<link rel=\"canonical\" href=\"https:\/\/gebnout.fr\/index.php\/produit\/farine-aux-plantes\/\" \/>\n<meta property=\"og:locale\" content=\"fr_FR\" \/>\n<meta property=\"og:type\" content=\"article\" \/>\n<meta property=\"og:title\" content=\"Farine de plantes poudre de plantes - Poulard\" \/>\n<meta property=\"og:description\" content=\"Venez d\u00e9guster dans un lieu pr\u00e9serv\u00e9, un de nos produits : la farine de plantes, pass\u00e9e sur moulin \u00e0 meule de pierre, le bonheur en cuisine\" \/>\n<meta property=\"og:url\" content=\"https:\/\/gebnout.fr\/index.php\/produit\/farine-aux-plantes\/\" \/>\n<meta property=\"og:site_name\" content=\"Geb Nout\" \/>\n<meta property=\"article:modified_time\" content=\"2023-01-09T09:22:42+00:00\" \/>\n<meta property=\"og:image\" content=\"https:\/\/gebnout.fr\/wp-content\/uploads\/2021\/10\/farine-scaled.jpg\" \/>\n\t<meta property=\"og:image:width\" content=\"1440\" \/>\n\t<meta property=\"og:image:height\" content=\"2560\" \/>\n\t<meta property=\"og:image:type\" content=\"image\/jpeg\" \/>\n<meta name=\"twitter:card\" content=\"summary_large_image\" \/>\n<meta name=\"twitter:label1\" content=\"Dur\u00e9e de lecture estim\u00e9e\" \/>\n\t<meta name=\"twitter:data1\" content=\"1 minute\" \/>\n<script type=\"application\/ld+json\" class=\"yoast-schema-graph\">{\"@context\":\"https:\/\/schema.org\",\"@graph\":[{\"@type\":\"WebPage\",\"@id\":\"https:\/\/gebnout.fr\/index.php\/produit\/farine-aux-plantes\/\",\"url\":\"https:\/\/gebnout.fr\/index.php\/produit\/farine-aux-plantes\/\",\"name\":\"Farine de plantes poudre de plantes - Poulard\",\"isPartOf\":{\"@id\":\"https:\/\/gebnout.fr\/#website\"},\"primaryImageOfPage\":{\"@id\":\"https:\/\/gebnout.fr\/index.php\/produit\/farine-aux-plantes\/#primaryimage\"},\"image\":{\"@id\":\"https:\/\/gebnout.fr\/index.php\/produit\/farine-aux-plantes\/#primaryimage\"},\"thumbnailUrl\":\"https:\/\/i0.wp.com\/gebnout.fr\/wp-content\/uploads\/2021\/10\/farine-scaled.jpg?fit=1440%2C2560&ssl=1\",\"datePublished\":\"2021-10-03T09:23:37+00:00\",\"dateModified\":\"2023-01-09T09:22:42+00:00\",\"description\":\"Venez d\u00e9guster dans un lieu pr\u00e9serv\u00e9, un de nos produits : la farine de plantes, pass\u00e9e sur moulin \u00e0 meule de pierre, le bonheur en cuisine\",\"breadcrumb\":{\"@id\":\"https:\/\/gebnout.fr\/index.php\/produit\/farine-aux-plantes\/#breadcrumb\"},\"inLanguage\":\"fr-FR\",\"potentialAction\":[{\"@type\":\"ReadAction\",\"target\":[\"https:\/\/gebnout.fr\/index.php\/produit\/farine-aux-plantes\/\"]}]},{\"@type\":\"ImageObject\",\"inLanguage\":\"fr-FR\",\"@id\":\"https:\/\/gebnout.fr\/index.php\/produit\/farine-aux-plantes\/#primaryimage\",\"url\":\"https:\/\/i0.wp.com\/gebnout.fr\/wp-content\/uploads\/2021\/10\/farine-scaled.jpg?fit=1440%2C2560&ssl=1\",\"contentUrl\":\"https:\/\/i0.wp.com\/gebnout.fr\/wp-content\/uploads\/2021\/10\/farine-scaled.jpg?fit=1440%2C2560&ssl=1\",\"width\":1440,\"height\":2560},{\"@type\":\"BreadcrumbList\",\"@id\":\"https:\/\/gebnout.fr\/index.php\/produit\/farine-aux-plantes\/#breadcrumb\",\"itemListElement\":[{\"@type\":\"ListItem\",\"position\":1,\"name\":\"Accueil\",\"item\":\"https:\/\/gebnout.fr\/\"},{\"@type\":\"ListItem\",\"position\":2,\"name\":\"Boutique\",\"item\":\"https:\/\/gebnout.fr\/index.php\/boutique\/\"},{\"@type\":\"ListItem\",\"position\":3,\"name\":\"Farine de bl\u00e9s anciens aux plantes\"}]},{\"@type\":\"WebSite\",\"@id\":\"https:\/\/gebnout.fr\/#website\",\"url\":\"https:\/\/gebnout.fr\/\",\"name\":\"Geb Nout\",\"description\":\"Passeur de v\u00e9g\u00e9taux\",\"publisher\":{\"@id\":\"https:\/\/gebnout.fr\/#organization\"},\"potentialAction\":[{\"@type\":\"SearchAction\",\"target\":{\"@type\":\"EntryPoint\",\"urlTemplate\":\"https:\/\/gebnout.fr\/?s={search_term_string}\"},\"query-input\":\"required name=search_term_string\"}],\"inLanguage\":\"fr-FR\"},{\"@type\":\"Organization\",\"@id\":\"https:\/\/gebnout.fr\/#organization\",\"name\":\"Geb Nout\",\"url\":\"https:\/\/gebnout.fr\/\",\"logo\":{\"@type\":\"ImageObject\",\"inLanguage\":\"fr-FR\",\"@id\":\"https:\/\/gebnout.fr\/#\/schema\/logo\/image\/\",\"url\":\"https:\/\/i0.wp.com\/gebnout.fr\/wp-content\/uploads\/2023\/04\/bourgeon-cassis-e1708104877110.png?fit=100%2C114&ssl=1\",\"contentUrl\":\"https:\/\/i0.wp.com\/gebnout.fr\/wp-content\/uploads\/2023\/04\/bourgeon-cassis-e1708104877110.png?fit=100%2C114&ssl=1\",\"width\":100,\"height\":114,\"caption\":\"Geb Nout\"},\"image\":{\"@id\":\"https:\/\/gebnout.fr\/#\/schema\/logo\/image\/\"}}]}<\/script>\n<!-- \/ Yoast SEO plugin. -->","yoast_head_json":{"title":"Farine de plantes poudre de plantes - Poulard","description":"Venez d\u00e9guster dans un lieu pr\u00e9serv\u00e9, un de nos produits : la farine de plantes, pass\u00e9e sur moulin \u00e0 meule de pierre, le bonheur en cuisine","robots":{"index":"index","follow":"follow","max-snippet":"max-snippet:-1","max-image-preview":"max-image-preview:large","max-video-preview":"max-video-preview:-1"},"canonical":"https:\/\/gebnout.fr\/index.php\/produit\/farine-aux-plantes\/","og_locale":"fr_FR","og_type":"article","og_title":"Farine de plantes poudre de plantes - Poulard","og_description":"Venez d\u00e9guster dans un lieu pr\u00e9serv\u00e9, un de nos produits : la farine de plantes, pass\u00e9e sur moulin \u00e0 meule de pierre, le bonheur en cuisine","og_url":"https:\/\/gebnout.fr\/index.php\/produit\/farine-aux-plantes\/","og_site_name":"Geb Nout","article_modified_time":"2023-01-09T09:22:42+00:00","og_image":[{"width":1440,"height":2560,"url":"https:\/\/gebnout.fr\/wp-content\/uploads\/2021\/10\/farine-scaled.jpg","type":"image\/jpeg"}],"twitter_card":"summary_large_image","twitter_misc":{"Dur\u00e9e de lecture estim\u00e9e":"1 minute"},"schema":{"@context":"https:\/\/schema.org","@graph":[{"@type":"WebPage","@id":"https:\/\/gebnout.fr\/index.php\/produit\/farine-aux-plantes\/","url":"https:\/\/gebnout.fr\/index.php\/produit\/farine-aux-plantes\/","name":"Farine de plantes poudre de plantes - Poulard","isPartOf":{"@id":"https:\/\/gebnout.fr\/#website"},"primaryImageOfPage":{"@id":"https:\/\/gebnout.fr\/index.php\/produit\/farine-aux-plantes\/#primaryimage"},"image":{"@id":"https:\/\/gebnout.fr\/index.php\/produit\/farine-aux-plantes\/#primaryimage"},"thumbnailUrl":"https:\/\/i0.wp.com\/gebnout.fr\/wp-content\/uploads\/2021\/10\/farine-scaled.jpg?fit=1440%2C2560&ssl=1","datePublished":"2021-10-03T09:23:37+00:00","dateModified":"2023-01-09T09:22:42+00:00","description":"Venez d\u00e9guster dans un lieu pr\u00e9serv\u00e9, un de nos produits : la farine de plantes, pass\u00e9e sur moulin \u00e0 meule de pierre, le bonheur en cuisine","breadcrumb":{"@id":"https:\/\/gebnout.fr\/index.php\/produit\/farine-aux-plantes\/#breadcrumb"},"inLanguage":"fr-FR","potentialAction":[{"@type":"ReadAction","target":["https:\/\/gebnout.fr\/index.php\/produit\/farine-aux-plantes\/"]}]},{"@type":"ImageObject","inLanguage":"fr-FR","@id":"https:\/\/gebnout.fr\/index.php\/produit\/farine-aux-plantes\/#primaryimage","url":"https:\/\/i0.wp.com\/gebnout.fr\/wp-content\/uploads\/2021\/10\/farine-scaled.jpg?fit=1440%2C2560&ssl=1","contentUrl":"https:\/\/i0.wp.com\/gebnout.fr\/wp-content\/uploads\/2021\/10\/farine-scaled.jpg?fit=1440%2C2560&ssl=1","width":1440,"height":2560},{"@type":"BreadcrumbList","@id":"https:\/\/gebnout.fr\/index.php\/produit\/farine-aux-plantes\/#breadcrumb","itemListElement":[{"@type":"ListItem","position":1,"name":"Accueil","item":"https:\/\/gebnout.fr\/"},{"@type":"ListItem","position":2,"name":"Boutique","item":"https:\/\/gebnout.fr\/index.php\/boutique\/"},{"@type":"ListItem","position":3,"name":"Farine de bl\u00e9s anciens aux plantes"}]},{"@type":"WebSite","@id":"https:\/\/gebnout.fr\/#website","url":"https:\/\/gebnout.fr\/","name":"Geb Nout","description":"Passeur de v\u00e9g\u00e9taux","publisher":{"@id":"https:\/\/gebnout.fr\/#organization"},"potentialAction":[{"@type":"SearchAction","target":{"@type":"EntryPoint","urlTemplate":"https:\/\/gebnout.fr\/?s={search_term_string}"},"query-input":"required name=search_term_string"}],"inLanguage":"fr-FR"},{"@type":"Organization","@id":"https:\/\/gebnout.fr\/#organization","name":"Geb Nout","url":"https:\/\/gebnout.fr\/","logo":{"@type":"ImageObject","inLanguage":"fr-FR","@id":"https:\/\/gebnout.fr\/#\/schema\/logo\/image\/","url":"https:\/\/i0.wp.com\/gebnout.fr\/wp-content\/uploads\/2023\/04\/bourgeon-cassis-e1708104877110.png?fit=100%2C114&ssl=1","contentUrl":"https:\/\/i0.wp.com\/gebnout.fr\/wp-content\/uploads\/2023\/04\/bourgeon-cassis-e1708104877110.png?fit=100%2C114&ssl=1","width":100,"height":114,"caption":"Geb Nout"},"image":{"@id":"https:\/\/gebnout.fr\/#\/schema\/logo\/image\/"}}]}},"jetpack_sharing_enabled":true,"_links":{"self":[{"href":"https:\/\/gebnout.fr\/index.php\/wp-json\/wp\/v2\/product\/2866"}],"collection":[{"href":"https:\/\/gebnout.fr\/index.php\/wp-json\/wp\/v2\/product"}],"about":[{"href":"https:\/\/gebnout.fr\/index.php\/wp-json\/wp\/v2\/types\/product"}],"replies":[{"embeddable":true,"href":"https:\/\/gebnout.fr\/index.php\/wp-json\/wp\/v2\/comments?post=2866"}],"version-history":[{"count":7,"href":"https:\/\/gebnout.fr\/index.php\/wp-json\/wp\/v2\/product\/2866\/revisions"}],"predecessor-version":[{"id":8931,"href":"https:\/\/gebnout.fr\/index.php\/wp-json\/wp\/v2\/product\/2866\/revisions\/8931"}],"wp:featuredmedia":[{"embeddable":true,"href":"https:\/\/gebnout.fr\/index.php\/wp-json\/wp\/v2\/media\/2838"}],"wp:attachment":[{"href":"https:\/\/gebnout.fr\/index.php\/wp-json\/wp\/v2\/media?parent=2866"}],"wp:term":[{"taxonomy":"product_cat","embeddable":true,"href":"https:\/\/gebnout.fr\/index.php\/wp-json\/wp\/v2\/product_cat?post=2866"},{"taxonomy":"product_tag","embeddable":true,"href":"https:\/\/gebnout.fr\/index.php\/wp-json\/wp\/v2\/product_tag?post=2866"}],"curies":[{"name":"wp","href":"https:\/\/api.w.org\/{rel}","templated":true}]}}