{"id":2874,"date":"2021-10-03T11:44:19","date_gmt":"2021-10-03T09:44:19","guid":{"rendered":"https:\/\/racines.ovh\/?post_type=product&#038;p=2874"},"modified":"2023-10-28T14:51:39","modified_gmt":"2023-10-28T12:51:39","slug":"kaviar-vegetal-sauvage","status":"publish","type":"product","link":"https:\/\/gebnout.fr\/index.php\/produit\/kaviar-vegetal-sauvage\/","title":{"rendered":"Kaviar v\u00e9g\u00e9tal sauvage"},"content":{"rendered":"<p>&nbsp;<\/p>\n<p>&nbsp;<\/p>\n","protected":false},"excerpt":{"rendered":"<p><strong>Poids net : environ 200g<\/strong><\/p>\n<p>Faites vous accompagner par la force des rythmes de la Nature.<\/p>\n<p>Un m\u00e9lange de<strong>\u00a080 % d&#8217;ortie fra\u00eeche<\/strong>, de plantes sauvages gorg\u00e9es de sels min\u00e9raux, oligo \u00e9l\u00e9ments naturels et d&#8217;aromatiques, broy\u00e9s crus avec de l&#8217;huile d&#8217;olive et du vinaigre de cidre&#8230;<\/p>\n<p>Ce kaviar v\u00e9g\u00e9tal contribue \u00e0 une bonne digestion, apporte de la vitalit\u00e9, par la haute teneur en silice de l&#8217;ortie, de ses nombreux min\u00e9raux et de sa prot\u00e9ine v\u00e9g\u00e9tale.<\/p>\n<p><strong>A d\u00e9guster<\/strong>\u00a0sur du pain en tapenade, pain d&#8217;\u00e9pice&#8230; avec une c\u00e9r\u00e9ale : riz , p\u00e2tes\u2026\u00a0d\u00e9lay\u00e9 dans votre vinaigrette.<\/p>\n<p>Un moyen simple de b\u00e9n\u00e9ficier de la vitalit\u00e9 des plantes de Printemps.<\/p>\n","protected":false},"featured_media":6610,"comment_status":"open","ping_status":"closed","template":"","meta":{"neve_meta_sidebar":"","neve_meta_container":"contained","neve_meta_enable_content_width":"off","neve_meta_content_width":100,"neve_meta_title_alignment":"","neve_meta_author_avatar":"","neve_post_elements_order":"","neve_meta_disable_header":"","neve_meta_disable_footer":"","neve_meta_disable_title":"","_ti_tpc_template_sync":false,"_ti_tpc_template_id":""},"product_cat":[51],"product_tag":[],"yoast_head":"<!-- This site is optimized with the Yoast SEO plugin v22.6 - https:\/\/yoast.com\/wordpress\/plugins\/seo\/ -->\n<title>Kaviar v\u00e9g\u00e9tal sauvage - m\u00e9lange de plantes et 80 % d&#039;ortieK<\/title>\n<meta name=\"description\" content=\"D\u00e9gustez le kaviar v\u00e9g\u00e9tal cru, m\u00e9lange de plantes toniques et d&#039;ortie. Vitalit\u00e9 des plantes du Printemps. Label Nature et Progr\u00e8s\" \/>\n<meta name=\"robots\" content=\"index, follow, max-snippet:-1, max-image-preview:large, max-video-preview:-1\" \/>\n<link rel=\"canonical\" href=\"https:\/\/gebnout.fr\/index.php\/produit\/kaviar-vegetal-sauvage\/\" \/>\n<meta property=\"og:locale\" content=\"fr_FR\" \/>\n<meta property=\"og:type\" content=\"article\" \/>\n<meta property=\"og:title\" content=\"Kaviar v\u00e9g\u00e9tal sauvage - m\u00e9lange de plantes et 80 % d&#039;ortieK\" \/>\n<meta property=\"og:description\" content=\"D\u00e9gustez le kaviar v\u00e9g\u00e9tal cru, m\u00e9lange de plantes toniques et d&#039;ortie. Vitalit\u00e9 des plantes du Printemps. Label Nature et Progr\u00e8s\" \/>\n<meta property=\"og:url\" content=\"https:\/\/gebnout.fr\/index.php\/produit\/kaviar-vegetal-sauvage\/\" \/>\n<meta property=\"og:site_name\" content=\"Geb Nout\" \/>\n<meta property=\"article:modified_time\" content=\"2023-10-28T12:51:39+00:00\" \/>\n<meta property=\"og:image\" content=\"https:\/\/gebnout.fr\/wp-content\/uploads\/2021\/10\/20220512_1529291-scaled.jpg\" \/>\n\t<meta property=\"og:image:width\" content=\"1440\" \/>\n\t<meta property=\"og:image:height\" content=\"2560\" \/>\n\t<meta property=\"og:image:type\" content=\"image\/jpeg\" \/>\n<meta name=\"twitter:card\" content=\"summary_large_image\" \/>\n<script type=\"application\/ld+json\" class=\"yoast-schema-graph\">{\"@context\":\"https:\/\/schema.org\",\"@graph\":[{\"@type\":\"WebPage\",\"@id\":\"https:\/\/gebnout.fr\/index.php\/produit\/kaviar-vegetal-sauvage\/\",\"url\":\"https:\/\/gebnout.fr\/index.php\/produit\/kaviar-vegetal-sauvage\/\",\"name\":\"Kaviar v\u00e9g\u00e9tal sauvage - m\u00e9lange de plantes et 80 % d'ortieK\",\"isPartOf\":{\"@id\":\"https:\/\/gebnout.fr\/#website\"},\"primaryImageOfPage\":{\"@id\":\"https:\/\/gebnout.fr\/index.php\/produit\/kaviar-vegetal-sauvage\/#primaryimage\"},\"image\":{\"@id\":\"https:\/\/gebnout.fr\/index.php\/produit\/kaviar-vegetal-sauvage\/#primaryimage\"},\"thumbnailUrl\":\"https:\/\/i0.wp.com\/gebnout.fr\/wp-content\/uploads\/2021\/10\/20220512_1529291-scaled.jpg?fit=1440%2C2560&ssl=1\",\"datePublished\":\"2021-10-03T09:44:19+00:00\",\"dateModified\":\"2023-10-28T12:51:39+00:00\",\"description\":\"D\u00e9gustez le kaviar v\u00e9g\u00e9tal cru, m\u00e9lange de plantes toniques et d'ortie. Vitalit\u00e9 des plantes du Printemps. Label Nature et Progr\u00e8s\",\"breadcrumb\":{\"@id\":\"https:\/\/gebnout.fr\/index.php\/produit\/kaviar-vegetal-sauvage\/#breadcrumb\"},\"inLanguage\":\"fr-FR\",\"potentialAction\":[{\"@type\":\"ReadAction\",\"target\":[\"https:\/\/gebnout.fr\/index.php\/produit\/kaviar-vegetal-sauvage\/\"]}]},{\"@type\":\"ImageObject\",\"inLanguage\":\"fr-FR\",\"@id\":\"https:\/\/gebnout.fr\/index.php\/produit\/kaviar-vegetal-sauvage\/#primaryimage\",\"url\":\"https:\/\/i0.wp.com\/gebnout.fr\/wp-content\/uploads\/2021\/10\/20220512_1529291-scaled.jpg?fit=1440%2C2560&ssl=1\",\"contentUrl\":\"https:\/\/i0.wp.com\/gebnout.fr\/wp-content\/uploads\/2021\/10\/20220512_1529291-scaled.jpg?fit=1440%2C2560&ssl=1\",\"width\":1440,\"height\":2560},{\"@type\":\"BreadcrumbList\",\"@id\":\"https:\/\/gebnout.fr\/index.php\/produit\/kaviar-vegetal-sauvage\/#breadcrumb\",\"itemListElement\":[{\"@type\":\"ListItem\",\"position\":1,\"name\":\"Accueil\",\"item\":\"https:\/\/gebnout.fr\/\"},{\"@type\":\"ListItem\",\"position\":2,\"name\":\"Boutique\",\"item\":\"https:\/\/gebnout.fr\/index.php\/boutique\/\"},{\"@type\":\"ListItem\",\"position\":3,\"name\":\"Kaviar v\u00e9g\u00e9tal sauvage\"}]},{\"@type\":\"WebSite\",\"@id\":\"https:\/\/gebnout.fr\/#website\",\"url\":\"https:\/\/gebnout.fr\/\",\"name\":\"Geb Nout\",\"description\":\"Passeur de v\u00e9g\u00e9taux\",\"publisher\":{\"@id\":\"https:\/\/gebnout.fr\/#organization\"},\"potentialAction\":[{\"@type\":\"SearchAction\",\"target\":{\"@type\":\"EntryPoint\",\"urlTemplate\":\"https:\/\/gebnout.fr\/?s={search_term_string}\"},\"query-input\":\"required name=search_term_string\"}],\"inLanguage\":\"fr-FR\"},{\"@type\":\"Organization\",\"@id\":\"https:\/\/gebnout.fr\/#organization\",\"name\":\"Geb Nout\",\"url\":\"https:\/\/gebnout.fr\/\",\"logo\":{\"@type\":\"ImageObject\",\"inLanguage\":\"fr-FR\",\"@id\":\"https:\/\/gebnout.fr\/#\/schema\/logo\/image\/\",\"url\":\"https:\/\/i0.wp.com\/gebnout.fr\/wp-content\/uploads\/2023\/04\/bourgeon-cassis-e1708104877110.png?fit=100%2C114&ssl=1\",\"contentUrl\":\"https:\/\/i0.wp.com\/gebnout.fr\/wp-content\/uploads\/2023\/04\/bourgeon-cassis-e1708104877110.png?fit=100%2C114&ssl=1\",\"width\":100,\"height\":114,\"caption\":\"Geb Nout\"},\"image\":{\"@id\":\"https:\/\/gebnout.fr\/#\/schema\/logo\/image\/\"}}]}<\/script>\n<!-- \/ Yoast SEO plugin. -->","yoast_head_json":{"title":"Kaviar v\u00e9g\u00e9tal sauvage - m\u00e9lange de plantes et 80 % d'ortieK","description":"D\u00e9gustez le kaviar v\u00e9g\u00e9tal cru, m\u00e9lange de plantes toniques et d'ortie. Vitalit\u00e9 des plantes du Printemps. Label Nature et Progr\u00e8s","robots":{"index":"index","follow":"follow","max-snippet":"max-snippet:-1","max-image-preview":"max-image-preview:large","max-video-preview":"max-video-preview:-1"},"canonical":"https:\/\/gebnout.fr\/index.php\/produit\/kaviar-vegetal-sauvage\/","og_locale":"fr_FR","og_type":"article","og_title":"Kaviar v\u00e9g\u00e9tal sauvage - m\u00e9lange de plantes et 80 % d'ortieK","og_description":"D\u00e9gustez le kaviar v\u00e9g\u00e9tal cru, m\u00e9lange de plantes toniques et d'ortie. Vitalit\u00e9 des plantes du Printemps. Label Nature et Progr\u00e8s","og_url":"https:\/\/gebnout.fr\/index.php\/produit\/kaviar-vegetal-sauvage\/","og_site_name":"Geb Nout","article_modified_time":"2023-10-28T12:51:39+00:00","og_image":[{"width":1440,"height":2560,"url":"https:\/\/gebnout.fr\/wp-content\/uploads\/2021\/10\/20220512_1529291-scaled.jpg","type":"image\/jpeg"}],"twitter_card":"summary_large_image","schema":{"@context":"https:\/\/schema.org","@graph":[{"@type":"WebPage","@id":"https:\/\/gebnout.fr\/index.php\/produit\/kaviar-vegetal-sauvage\/","url":"https:\/\/gebnout.fr\/index.php\/produit\/kaviar-vegetal-sauvage\/","name":"Kaviar v\u00e9g\u00e9tal sauvage - m\u00e9lange de plantes et 80 % d'ortieK","isPartOf":{"@id":"https:\/\/gebnout.fr\/#website"},"primaryImageOfPage":{"@id":"https:\/\/gebnout.fr\/index.php\/produit\/kaviar-vegetal-sauvage\/#primaryimage"},"image":{"@id":"https:\/\/gebnout.fr\/index.php\/produit\/kaviar-vegetal-sauvage\/#primaryimage"},"thumbnailUrl":"https:\/\/i0.wp.com\/gebnout.fr\/wp-content\/uploads\/2021\/10\/20220512_1529291-scaled.jpg?fit=1440%2C2560&ssl=1","datePublished":"2021-10-03T09:44:19+00:00","dateModified":"2023-10-28T12:51:39+00:00","description":"D\u00e9gustez le kaviar v\u00e9g\u00e9tal cru, m\u00e9lange de plantes toniques et d'ortie. Vitalit\u00e9 des plantes du Printemps. Label Nature et Progr\u00e8s","breadcrumb":{"@id":"https:\/\/gebnout.fr\/index.php\/produit\/kaviar-vegetal-sauvage\/#breadcrumb"},"inLanguage":"fr-FR","potentialAction":[{"@type":"ReadAction","target":["https:\/\/gebnout.fr\/index.php\/produit\/kaviar-vegetal-sauvage\/"]}]},{"@type":"ImageObject","inLanguage":"fr-FR","@id":"https:\/\/gebnout.fr\/index.php\/produit\/kaviar-vegetal-sauvage\/#primaryimage","url":"https:\/\/i0.wp.com\/gebnout.fr\/wp-content\/uploads\/2021\/10\/20220512_1529291-scaled.jpg?fit=1440%2C2560&ssl=1","contentUrl":"https:\/\/i0.wp.com\/gebnout.fr\/wp-content\/uploads\/2021\/10\/20220512_1529291-scaled.jpg?fit=1440%2C2560&ssl=1","width":1440,"height":2560},{"@type":"BreadcrumbList","@id":"https:\/\/gebnout.fr\/index.php\/produit\/kaviar-vegetal-sauvage\/#breadcrumb","itemListElement":[{"@type":"ListItem","position":1,"name":"Accueil","item":"https:\/\/gebnout.fr\/"},{"@type":"ListItem","position":2,"name":"Boutique","item":"https:\/\/gebnout.fr\/index.php\/boutique\/"},{"@type":"ListItem","position":3,"name":"Kaviar v\u00e9g\u00e9tal sauvage"}]},{"@type":"WebSite","@id":"https:\/\/gebnout.fr\/#website","url":"https:\/\/gebnout.fr\/","name":"Geb Nout","description":"Passeur de v\u00e9g\u00e9taux","publisher":{"@id":"https:\/\/gebnout.fr\/#organization"},"potentialAction":[{"@type":"SearchAction","target":{"@type":"EntryPoint","urlTemplate":"https:\/\/gebnout.fr\/?s={search_term_string}"},"query-input":"required name=search_term_string"}],"inLanguage":"fr-FR"},{"@type":"Organization","@id":"https:\/\/gebnout.fr\/#organization","name":"Geb Nout","url":"https:\/\/gebnout.fr\/","logo":{"@type":"ImageObject","inLanguage":"fr-FR","@id":"https:\/\/gebnout.fr\/#\/schema\/logo\/image\/","url":"https:\/\/i0.wp.com\/gebnout.fr\/wp-content\/uploads\/2023\/04\/bourgeon-cassis-e1708104877110.png?fit=100%2C114&ssl=1","contentUrl":"https:\/\/i0.wp.com\/gebnout.fr\/wp-content\/uploads\/2023\/04\/bourgeon-cassis-e1708104877110.png?fit=100%2C114&ssl=1","width":100,"height":114,"caption":"Geb Nout"},"image":{"@id":"https:\/\/gebnout.fr\/#\/schema\/logo\/image\/"}}]}},"jetpack_sharing_enabled":true,"_links":{"self":[{"href":"https:\/\/gebnout.fr\/index.php\/wp-json\/wp\/v2\/product\/2874"}],"collection":[{"href":"https:\/\/gebnout.fr\/index.php\/wp-json\/wp\/v2\/product"}],"about":[{"href":"https:\/\/gebnout.fr\/index.php\/wp-json\/wp\/v2\/types\/product"}],"replies":[{"embeddable":true,"href":"https:\/\/gebnout.fr\/index.php\/wp-json\/wp\/v2\/comments?post=2874"}],"version-history":[{"count":7,"href":"https:\/\/gebnout.fr\/index.php\/wp-json\/wp\/v2\/product\/2874\/revisions"}],"predecessor-version":[{"id":3217,"href":"https:\/\/gebnout.fr\/index.php\/wp-json\/wp\/v2\/product\/2874\/revisions\/3217"}],"wp:featuredmedia":[{"embeddable":true,"href":"https:\/\/gebnout.fr\/index.php\/wp-json\/wp\/v2\/media\/6610"}],"wp:attachment":[{"href":"https:\/\/gebnout.fr\/index.php\/wp-json\/wp\/v2\/media?parent=2874"}],"wp:term":[{"taxonomy":"product_cat","embeddable":true,"href":"https:\/\/gebnout.fr\/index.php\/wp-json\/wp\/v2\/product_cat?post=2874"},{"taxonomy":"product_tag","embeddable":true,"href":"https:\/\/gebnout.fr\/index.php\/wp-json\/wp\/v2\/product_tag?post=2874"}],"curies":[{"name":"wp","href":"https:\/\/api.w.org\/{rel}","templated":true}]}}