{"id":2880,"date":"2021-10-03T12:06:51","date_gmt":"2021-10-03T10:06:51","guid":{"rendered":"https:\/\/racines.ovh\/?post_type=product&#038;p=2880"},"modified":"2023-10-28T14:51:22","modified_gmt":"2023-10-28T12:51:22","slug":"aromate-sauvage","status":"publish","type":"product","link":"https:\/\/gebnout.fr\/index.php\/produit\/aromate-sauvage\/","title":{"rendered":"Aromate sauvage"},"content":{"rendered":"<p>&nbsp;<\/p>\n<p>&nbsp;<\/p>\n","protected":false},"excerpt":{"rendered":"<p><strong>Poids net : 30g<\/strong><\/p>\n<p>Les Aromates Sauvages sont des biens pr\u00e9cieux afin de rester en relation avec notre TERRE nourrici\u00e8re tout au long de l&#8217;ann\u00e9e.<\/p>\n<p>Outre les bienfaits, les aromates sauvages sauront parfumer, \u00e9gayer tous vos plats cuits et crus.<\/p>\n<p>La richesse des plantes sauvages :<br \/>\nde l&#8217;ortie, du pissenlit, de la consoude, du plantain, fr\u00eane<\/p>\n<p>Mari\u00e9 \u00e0 des aromatiques : thym, romarin, sauge, armoise, origan, menthe<br \/>\nvont enrichir vos plats, ravir vos papilles et pr\u00e9server votre sant\u00e9.<\/p>\n<p><strong>Invitez la Nature dans votre assiette.<\/strong><\/p>\n<p><em>Les produits pr\u00e9sent\u00e9s ne sont qu&#8217;\u00e0 titre d&#8217;exemple, nous nous adaptons \u00e0 ce que la NATURE nous offre.<\/em><\/p>\n","protected":false},"featured_media":10823,"comment_status":"open","ping_status":"closed","template":"","meta":{"neve_meta_sidebar":"","neve_meta_container":"contained","neve_meta_enable_content_width":"off","neve_meta_content_width":100,"neve_meta_title_alignment":"","neve_meta_author_avatar":"","neve_post_elements_order":"","neve_meta_disable_header":"","neve_meta_disable_footer":"","neve_meta_disable_title":"","_ti_tpc_template_sync":false,"_ti_tpc_template_id":""},"product_cat":[51],"product_tag":[],"yoast_head":"<!-- This site is optimized with the Yoast SEO plugin v22.6 - https:\/\/yoast.com\/wordpress\/plugins\/seo\/ -->\n<title>Aromate sauvage<\/title>\n<meta name=\"description\" content=\"Pour une cuisine saine,\u00a0riche, dynamique et joyeuse. A saupoudrer\u00a0dans vos plats crus ou cuits, soupes, f\u00e9culents, l\u00e9gumes, salades \u2026\" \/>\n<meta name=\"robots\" content=\"index, follow, max-snippet:-1, max-image-preview:large, max-video-preview:-1\" \/>\n<link rel=\"canonical\" href=\"https:\/\/gebnout.fr\/index.php\/produit\/aromate-sauvage\/\" \/>\n<meta property=\"og:locale\" content=\"fr_FR\" \/>\n<meta property=\"og:type\" content=\"article\" \/>\n<meta property=\"og:title\" content=\"Aromate sauvage\" \/>\n<meta property=\"og:description\" content=\"Pour une cuisine saine,\u00a0riche, dynamique et joyeuse. A saupoudrer\u00a0dans vos plats crus ou cuits, soupes, f\u00e9culents, l\u00e9gumes, salades \u2026\" \/>\n<meta property=\"og:url\" content=\"https:\/\/gebnout.fr\/index.php\/produit\/aromate-sauvage\/\" \/>\n<meta property=\"og:site_name\" content=\"Geb Nout\" \/>\n<meta property=\"article:modified_time\" content=\"2023-10-28T12:51:22+00:00\" \/>\n<meta property=\"og:image\" content=\"https:\/\/gebnout.fr\/wp-content\/uploads\/2021\/10\/aromate-sauvage-scaled.jpg\" \/>\n\t<meta property=\"og:image:width\" content=\"1828\" \/>\n\t<meta property=\"og:image:height\" content=\"2560\" \/>\n\t<meta property=\"og:image:type\" content=\"image\/jpeg\" \/>\n<meta name=\"twitter:card\" content=\"summary_large_image\" \/>\n<script type=\"application\/ld+json\" class=\"yoast-schema-graph\">{\"@context\":\"https:\/\/schema.org\",\"@graph\":[{\"@type\":\"WebPage\",\"@id\":\"https:\/\/gebnout.fr\/index.php\/produit\/aromate-sauvage\/\",\"url\":\"https:\/\/gebnout.fr\/index.php\/produit\/aromate-sauvage\/\",\"name\":\"Aromate sauvage\",\"isPartOf\":{\"@id\":\"https:\/\/gebnout.fr\/#website\"},\"primaryImageOfPage\":{\"@id\":\"https:\/\/gebnout.fr\/index.php\/produit\/aromate-sauvage\/#primaryimage\"},\"image\":{\"@id\":\"https:\/\/gebnout.fr\/index.php\/produit\/aromate-sauvage\/#primaryimage\"},\"thumbnailUrl\":\"https:\/\/i0.wp.com\/gebnout.fr\/wp-content\/uploads\/2021\/10\/poudre-plante-1.png?fit=994%2C585&ssl=1\",\"datePublished\":\"2021-10-03T10:06:51+00:00\",\"dateModified\":\"2023-10-28T12:51:22+00:00\",\"description\":\"Pour une cuisine saine,\u00a0riche, dynamique et joyeuse. A saupoudrer\u00a0dans vos plats crus ou cuits, soupes, f\u00e9culents, l\u00e9gumes, salades \u2026\",\"breadcrumb\":{\"@id\":\"https:\/\/gebnout.fr\/index.php\/produit\/aromate-sauvage\/#breadcrumb\"},\"inLanguage\":\"fr-FR\",\"potentialAction\":[{\"@type\":\"ReadAction\",\"target\":[\"https:\/\/gebnout.fr\/index.php\/produit\/aromate-sauvage\/\"]}]},{\"@type\":\"ImageObject\",\"inLanguage\":\"fr-FR\",\"@id\":\"https:\/\/gebnout.fr\/index.php\/produit\/aromate-sauvage\/#primaryimage\",\"url\":\"https:\/\/i0.wp.com\/gebnout.fr\/wp-content\/uploads\/2021\/10\/poudre-plante-1.png?fit=994%2C585&ssl=1\",\"contentUrl\":\"https:\/\/i0.wp.com\/gebnout.fr\/wp-content\/uploads\/2021\/10\/poudre-plante-1.png?fit=994%2C585&ssl=1\",\"width\":994,\"height\":585},{\"@type\":\"BreadcrumbList\",\"@id\":\"https:\/\/gebnout.fr\/index.php\/produit\/aromate-sauvage\/#breadcrumb\",\"itemListElement\":[{\"@type\":\"ListItem\",\"position\":1,\"name\":\"Accueil\",\"item\":\"https:\/\/gebnout.fr\/\"},{\"@type\":\"ListItem\",\"position\":2,\"name\":\"Boutique\",\"item\":\"https:\/\/gebnout.fr\/index.php\/boutique\/\"},{\"@type\":\"ListItem\",\"position\":3,\"name\":\"Aromate sauvage\"}]},{\"@type\":\"WebSite\",\"@id\":\"https:\/\/gebnout.fr\/#website\",\"url\":\"https:\/\/gebnout.fr\/\",\"name\":\"Geb Nout\",\"description\":\"Passeur de v\u00e9g\u00e9taux\",\"publisher\":{\"@id\":\"https:\/\/gebnout.fr\/#organization\"},\"potentialAction\":[{\"@type\":\"SearchAction\",\"target\":{\"@type\":\"EntryPoint\",\"urlTemplate\":\"https:\/\/gebnout.fr\/?s={search_term_string}\"},\"query-input\":\"required name=search_term_string\"}],\"inLanguage\":\"fr-FR\"},{\"@type\":\"Organization\",\"@id\":\"https:\/\/gebnout.fr\/#organization\",\"name\":\"Geb Nout\",\"url\":\"https:\/\/gebnout.fr\/\",\"logo\":{\"@type\":\"ImageObject\",\"inLanguage\":\"fr-FR\",\"@id\":\"https:\/\/gebnout.fr\/#\/schema\/logo\/image\/\",\"url\":\"https:\/\/i0.wp.com\/gebnout.fr\/wp-content\/uploads\/2023\/04\/bourgeon-cassis-e1708104877110.png?fit=100%2C114&ssl=1\",\"contentUrl\":\"https:\/\/i0.wp.com\/gebnout.fr\/wp-content\/uploads\/2023\/04\/bourgeon-cassis-e1708104877110.png?fit=100%2C114&ssl=1\",\"width\":100,\"height\":114,\"caption\":\"Geb Nout\"},\"image\":{\"@id\":\"https:\/\/gebnout.fr\/#\/schema\/logo\/image\/\"}}]}<\/script>\n<!-- \/ Yoast SEO plugin. -->","yoast_head_json":{"title":"Aromate sauvage","description":"Pour une cuisine saine,\u00a0riche, dynamique et joyeuse. A saupoudrer\u00a0dans vos plats crus ou cuits, soupes, f\u00e9culents, l\u00e9gumes, salades \u2026","robots":{"index":"index","follow":"follow","max-snippet":"max-snippet:-1","max-image-preview":"max-image-preview:large","max-video-preview":"max-video-preview:-1"},"canonical":"https:\/\/gebnout.fr\/index.php\/produit\/aromate-sauvage\/","og_locale":"fr_FR","og_type":"article","og_title":"Aromate sauvage","og_description":"Pour une cuisine saine,\u00a0riche, dynamique et joyeuse. A saupoudrer\u00a0dans vos plats crus ou cuits, soupes, f\u00e9culents, l\u00e9gumes, salades \u2026","og_url":"https:\/\/gebnout.fr\/index.php\/produit\/aromate-sauvage\/","og_site_name":"Geb Nout","article_modified_time":"2023-10-28T12:51:22+00:00","og_image":[{"width":1828,"height":2560,"url":"https:\/\/gebnout.fr\/wp-content\/uploads\/2021\/10\/aromate-sauvage-scaled.jpg","type":"image\/jpeg"}],"twitter_card":"summary_large_image","schema":{"@context":"https:\/\/schema.org","@graph":[{"@type":"WebPage","@id":"https:\/\/gebnout.fr\/index.php\/produit\/aromate-sauvage\/","url":"https:\/\/gebnout.fr\/index.php\/produit\/aromate-sauvage\/","name":"Aromate sauvage","isPartOf":{"@id":"https:\/\/gebnout.fr\/#website"},"primaryImageOfPage":{"@id":"https:\/\/gebnout.fr\/index.php\/produit\/aromate-sauvage\/#primaryimage"},"image":{"@id":"https:\/\/gebnout.fr\/index.php\/produit\/aromate-sauvage\/#primaryimage"},"thumbnailUrl":"https:\/\/i0.wp.com\/gebnout.fr\/wp-content\/uploads\/2021\/10\/poudre-plante-1.png?fit=994%2C585&ssl=1","datePublished":"2021-10-03T10:06:51+00:00","dateModified":"2023-10-28T12:51:22+00:00","description":"Pour une cuisine saine,\u00a0riche, dynamique et joyeuse. A saupoudrer\u00a0dans vos plats crus ou cuits, soupes, f\u00e9culents, l\u00e9gumes, salades \u2026","breadcrumb":{"@id":"https:\/\/gebnout.fr\/index.php\/produit\/aromate-sauvage\/#breadcrumb"},"inLanguage":"fr-FR","potentialAction":[{"@type":"ReadAction","target":["https:\/\/gebnout.fr\/index.php\/produit\/aromate-sauvage\/"]}]},{"@type":"ImageObject","inLanguage":"fr-FR","@id":"https:\/\/gebnout.fr\/index.php\/produit\/aromate-sauvage\/#primaryimage","url":"https:\/\/i0.wp.com\/gebnout.fr\/wp-content\/uploads\/2021\/10\/poudre-plante-1.png?fit=994%2C585&ssl=1","contentUrl":"https:\/\/i0.wp.com\/gebnout.fr\/wp-content\/uploads\/2021\/10\/poudre-plante-1.png?fit=994%2C585&ssl=1","width":994,"height":585},{"@type":"BreadcrumbList","@id":"https:\/\/gebnout.fr\/index.php\/produit\/aromate-sauvage\/#breadcrumb","itemListElement":[{"@type":"ListItem","position":1,"name":"Accueil","item":"https:\/\/gebnout.fr\/"},{"@type":"ListItem","position":2,"name":"Boutique","item":"https:\/\/gebnout.fr\/index.php\/boutique\/"},{"@type":"ListItem","position":3,"name":"Aromate sauvage"}]},{"@type":"WebSite","@id":"https:\/\/gebnout.fr\/#website","url":"https:\/\/gebnout.fr\/","name":"Geb Nout","description":"Passeur de v\u00e9g\u00e9taux","publisher":{"@id":"https:\/\/gebnout.fr\/#organization"},"potentialAction":[{"@type":"SearchAction","target":{"@type":"EntryPoint","urlTemplate":"https:\/\/gebnout.fr\/?s={search_term_string}"},"query-input":"required name=search_term_string"}],"inLanguage":"fr-FR"},{"@type":"Organization","@id":"https:\/\/gebnout.fr\/#organization","name":"Geb Nout","url":"https:\/\/gebnout.fr\/","logo":{"@type":"ImageObject","inLanguage":"fr-FR","@id":"https:\/\/gebnout.fr\/#\/schema\/logo\/image\/","url":"https:\/\/i0.wp.com\/gebnout.fr\/wp-content\/uploads\/2023\/04\/bourgeon-cassis-e1708104877110.png?fit=100%2C114&ssl=1","contentUrl":"https:\/\/i0.wp.com\/gebnout.fr\/wp-content\/uploads\/2023\/04\/bourgeon-cassis-e1708104877110.png?fit=100%2C114&ssl=1","width":100,"height":114,"caption":"Geb Nout"},"image":{"@id":"https:\/\/gebnout.fr\/#\/schema\/logo\/image\/"}}]}},"jetpack_sharing_enabled":true,"_links":{"self":[{"href":"https:\/\/gebnout.fr\/index.php\/wp-json\/wp\/v2\/product\/2880"}],"collection":[{"href":"https:\/\/gebnout.fr\/index.php\/wp-json\/wp\/v2\/product"}],"about":[{"href":"https:\/\/gebnout.fr\/index.php\/wp-json\/wp\/v2\/types\/product"}],"replies":[{"embeddable":true,"href":"https:\/\/gebnout.fr\/index.php\/wp-json\/wp\/v2\/comments?post=2880"}],"version-history":[{"count":5,"href":"https:\/\/gebnout.fr\/index.php\/wp-json\/wp\/v2\/product\/2880\/revisions"}],"predecessor-version":[{"id":10824,"href":"https:\/\/gebnout.fr\/index.php\/wp-json\/wp\/v2\/product\/2880\/revisions\/10824"}],"wp:featuredmedia":[{"embeddable":true,"href":"https:\/\/gebnout.fr\/index.php\/wp-json\/wp\/v2\/media\/10823"}],"wp:attachment":[{"href":"https:\/\/gebnout.fr\/index.php\/wp-json\/wp\/v2\/media?parent=2880"}],"wp:term":[{"taxonomy":"product_cat","embeddable":true,"href":"https:\/\/gebnout.fr\/index.php\/wp-json\/wp\/v2\/product_cat?post=2880"},{"taxonomy":"product_tag","embeddable":true,"href":"https:\/\/gebnout.fr\/index.php\/wp-json\/wp\/v2\/product_tag?post=2880"}],"curies":[{"name":"wp","href":"https:\/\/api.w.org\/{rel}","templated":true}]}}