{"id":2934,"date":"2021-10-22T10:49:48","date_gmt":"2021-10-22T08:49:48","guid":{"rendered":"https:\/\/racines.ovh\/?post_type=product&#038;p=2934"},"modified":"2024-02-12T11:45:16","modified_gmt":"2024-02-12T10:45:16","slug":"cristalline","status":"publish","type":"product","link":"https:\/\/gebnout.fr\/index.php\/produit\/cristalline\/","title":{"rendered":"Cristalline"},"content":{"rendered":"<p>&nbsp;<\/p>\n","protected":false},"excerpt":{"rendered":"<section class=\"category-description\">\n<div class=\"description\">\n<p><strong>Douceur de fleurs au sirop d&#8217;agave &#8211; 200ml<\/strong><\/p>\n<p>Les Fleurs merveilles de la nature, pour aiguiser votre curiosit\u00e9 et celle de vos enfants<\/p>\n<p>A poser sur du pain ou des biscuits fleurs, \u00e0 d\u00e9guster avec un fromage de ch\u00e8vre ou avec un yaourt. Comme une confiture ou une gel\u00e9e, mais aux fleurs !<\/p>\n<p>Bien d\u00e9marrer la journ\u00e9e avec :<br \/>\n&#8211; Romarin \u2013 Pissenlit<br \/>\n&#8211; Sauge \u2013 Menthe<br \/>\n&#8211; Thym \u2013 Sauge Sclar\u00e9e<\/p>\n<p>La douceur du go\u00fbter avec :<br \/>\n&#8211; Rose \u2013 Agastache<br \/>\n&#8211; Monarde &#8211; Agastache<\/p>\n<p>Ces d\u00e9licieuses gel\u00e9es, d&#8217;essences complexes, de\u00a0<strong>saveurs subtiles<\/strong>\u00a0sont aussi le\u00a0garant de notre \u00ab Bien Etre \u00bb.<br \/>\nNourriture cristalline par les pigments de toutes les fleurs.<\/p>\n<p><em>La composition de nos produits pr\u00e9sent\u00e9s n&#8217;est qu&#8217;\u00e0 titre d&#8217;exemple, nous nous adaptons \u00e0 ce que la NATURE nous offre.<\/em><\/p>\n<\/div>\n<\/section>\n","protected":false},"featured_media":2839,"comment_status":"open","ping_status":"closed","template":"","meta":{"neve_meta_sidebar":"","neve_meta_container":"contained","neve_meta_enable_content_width":"off","neve_meta_content_width":100,"neve_meta_title_alignment":"","neve_meta_author_avatar":"","neve_post_elements_order":"","neve_meta_disable_header":"","neve_meta_disable_footer":"","neve_meta_disable_title":"","_ti_tpc_template_sync":false,"_ti_tpc_template_id":""},"product_cat":[51],"product_tag":[],"yoast_head":"<!-- This site is optimized with the Yoast SEO plugin v22.6 - https:\/\/yoast.com\/wordpress\/plugins\/seo\/ -->\n<title>Cristalline de Geb-Nout - L&#039;\u00e9merveillement par tous les sens<\/title>\n<meta name=\"description\" content=\"Une gel\u00e9e de fleurs et plantes. Retrouvez la lumi\u00e8re et la douceur du v\u00e9g\u00e9tal dans une composition l\u00e9g\u00e8re et ensoleill\u00e9e.\" \/>\n<meta name=\"robots\" content=\"index, follow, max-snippet:-1, max-image-preview:large, max-video-preview:-1\" \/>\n<link rel=\"canonical\" href=\"https:\/\/gebnout.fr\/index.php\/produit\/cristalline\/\" \/>\n<meta property=\"og:locale\" content=\"fr_FR\" \/>\n<meta property=\"og:type\" content=\"article\" \/>\n<meta property=\"og:title\" content=\"Cristalline de Geb-Nout - L&#039;\u00e9merveillement par tous les sens\" \/>\n<meta property=\"og:description\" content=\"Une gel\u00e9e de fleurs et plantes. Retrouvez la lumi\u00e8re et la douceur du v\u00e9g\u00e9tal dans une composition l\u00e9g\u00e8re et ensoleill\u00e9e.\" \/>\n<meta property=\"og:url\" content=\"https:\/\/gebnout.fr\/index.php\/produit\/cristalline\/\" \/>\n<meta property=\"og:site_name\" content=\"Geb Nout\" \/>\n<meta property=\"article:modified_time\" content=\"2024-02-12T10:45:16+00:00\" \/>\n<meta property=\"og:image\" content=\"https:\/\/gebnout.fr\/wp-content\/uploads\/2021\/10\/cristalline-scaled.jpg\" \/>\n\t<meta property=\"og:image:width\" content=\"1440\" \/>\n\t<meta property=\"og:image:height\" content=\"2560\" \/>\n\t<meta property=\"og:image:type\" content=\"image\/jpeg\" \/>\n<meta name=\"twitter:card\" content=\"summary_large_image\" \/>\n<script type=\"application\/ld+json\" class=\"yoast-schema-graph\">{\"@context\":\"https:\/\/schema.org\",\"@graph\":[{\"@type\":\"WebPage\",\"@id\":\"https:\/\/gebnout.fr\/index.php\/produit\/cristalline\/\",\"url\":\"https:\/\/gebnout.fr\/index.php\/produit\/cristalline\/\",\"name\":\"Cristalline de Geb-Nout - L'\u00e9merveillement par tous les sens\",\"isPartOf\":{\"@id\":\"https:\/\/gebnout.fr\/#website\"},\"primaryImageOfPage\":{\"@id\":\"https:\/\/gebnout.fr\/index.php\/produit\/cristalline\/#primaryimage\"},\"image\":{\"@id\":\"https:\/\/gebnout.fr\/index.php\/produit\/cristalline\/#primaryimage\"},\"thumbnailUrl\":\"https:\/\/i0.wp.com\/gebnout.fr\/wp-content\/uploads\/2021\/10\/cristalline-scaled.jpg?fit=1440%2C2560&ssl=1\",\"datePublished\":\"2021-10-22T08:49:48+00:00\",\"dateModified\":\"2024-02-12T10:45:16+00:00\",\"description\":\"Une gel\u00e9e de fleurs et plantes. Retrouvez la lumi\u00e8re et la douceur du v\u00e9g\u00e9tal dans une composition l\u00e9g\u00e8re et ensoleill\u00e9e.\",\"breadcrumb\":{\"@id\":\"https:\/\/gebnout.fr\/index.php\/produit\/cristalline\/#breadcrumb\"},\"inLanguage\":\"fr-FR\",\"potentialAction\":[{\"@type\":\"ReadAction\",\"target\":[\"https:\/\/gebnout.fr\/index.php\/produit\/cristalline\/\"]}]},{\"@type\":\"ImageObject\",\"inLanguage\":\"fr-FR\",\"@id\":\"https:\/\/gebnout.fr\/index.php\/produit\/cristalline\/#primaryimage\",\"url\":\"https:\/\/i0.wp.com\/gebnout.fr\/wp-content\/uploads\/2021\/10\/cristalline-scaled.jpg?fit=1440%2C2560&ssl=1\",\"contentUrl\":\"https:\/\/i0.wp.com\/gebnout.fr\/wp-content\/uploads\/2021\/10\/cristalline-scaled.jpg?fit=1440%2C2560&ssl=1\",\"width\":1440,\"height\":2560},{\"@type\":\"BreadcrumbList\",\"@id\":\"https:\/\/gebnout.fr\/index.php\/produit\/cristalline\/#breadcrumb\",\"itemListElement\":[{\"@type\":\"ListItem\",\"position\":1,\"name\":\"Accueil\",\"item\":\"https:\/\/gebnout.fr\/\"},{\"@type\":\"ListItem\",\"position\":2,\"name\":\"Boutique\",\"item\":\"https:\/\/gebnout.fr\/index.php\/boutique\/\"},{\"@type\":\"ListItem\",\"position\":3,\"name\":\"Cristalline\"}]},{\"@type\":\"WebSite\",\"@id\":\"https:\/\/gebnout.fr\/#website\",\"url\":\"https:\/\/gebnout.fr\/\",\"name\":\"Geb Nout\",\"description\":\"Passeur de v\u00e9g\u00e9taux\",\"publisher\":{\"@id\":\"https:\/\/gebnout.fr\/#organization\"},\"potentialAction\":[{\"@type\":\"SearchAction\",\"target\":{\"@type\":\"EntryPoint\",\"urlTemplate\":\"https:\/\/gebnout.fr\/?s={search_term_string}\"},\"query-input\":\"required name=search_term_string\"}],\"inLanguage\":\"fr-FR\"},{\"@type\":\"Organization\",\"@id\":\"https:\/\/gebnout.fr\/#organization\",\"name\":\"Geb Nout\",\"url\":\"https:\/\/gebnout.fr\/\",\"logo\":{\"@type\":\"ImageObject\",\"inLanguage\":\"fr-FR\",\"@id\":\"https:\/\/gebnout.fr\/#\/schema\/logo\/image\/\",\"url\":\"https:\/\/i0.wp.com\/gebnout.fr\/wp-content\/uploads\/2023\/04\/bourgeon-cassis-e1708104877110.png?fit=100%2C114&ssl=1\",\"contentUrl\":\"https:\/\/i0.wp.com\/gebnout.fr\/wp-content\/uploads\/2023\/04\/bourgeon-cassis-e1708104877110.png?fit=100%2C114&ssl=1\",\"width\":100,\"height\":114,\"caption\":\"Geb Nout\"},\"image\":{\"@id\":\"https:\/\/gebnout.fr\/#\/schema\/logo\/image\/\"}}]}<\/script>\n<!-- \/ Yoast SEO plugin. -->","yoast_head_json":{"title":"Cristalline de Geb-Nout - L'\u00e9merveillement par tous les sens","description":"Une gel\u00e9e de fleurs et plantes. Retrouvez la lumi\u00e8re et la douceur du v\u00e9g\u00e9tal dans une composition l\u00e9g\u00e8re et ensoleill\u00e9e.","robots":{"index":"index","follow":"follow","max-snippet":"max-snippet:-1","max-image-preview":"max-image-preview:large","max-video-preview":"max-video-preview:-1"},"canonical":"https:\/\/gebnout.fr\/index.php\/produit\/cristalline\/","og_locale":"fr_FR","og_type":"article","og_title":"Cristalline de Geb-Nout - L'\u00e9merveillement par tous les sens","og_description":"Une gel\u00e9e de fleurs et plantes. Retrouvez la lumi\u00e8re et la douceur du v\u00e9g\u00e9tal dans une composition l\u00e9g\u00e8re et ensoleill\u00e9e.","og_url":"https:\/\/gebnout.fr\/index.php\/produit\/cristalline\/","og_site_name":"Geb Nout","article_modified_time":"2024-02-12T10:45:16+00:00","og_image":[{"width":1440,"height":2560,"url":"https:\/\/gebnout.fr\/wp-content\/uploads\/2021\/10\/cristalline-scaled.jpg","type":"image\/jpeg"}],"twitter_card":"summary_large_image","schema":{"@context":"https:\/\/schema.org","@graph":[{"@type":"WebPage","@id":"https:\/\/gebnout.fr\/index.php\/produit\/cristalline\/","url":"https:\/\/gebnout.fr\/index.php\/produit\/cristalline\/","name":"Cristalline de Geb-Nout - L'\u00e9merveillement par tous les sens","isPartOf":{"@id":"https:\/\/gebnout.fr\/#website"},"primaryImageOfPage":{"@id":"https:\/\/gebnout.fr\/index.php\/produit\/cristalline\/#primaryimage"},"image":{"@id":"https:\/\/gebnout.fr\/index.php\/produit\/cristalline\/#primaryimage"},"thumbnailUrl":"https:\/\/i0.wp.com\/gebnout.fr\/wp-content\/uploads\/2021\/10\/cristalline-scaled.jpg?fit=1440%2C2560&ssl=1","datePublished":"2021-10-22T08:49:48+00:00","dateModified":"2024-02-12T10:45:16+00:00","description":"Une gel\u00e9e de fleurs et plantes. Retrouvez la lumi\u00e8re et la douceur du v\u00e9g\u00e9tal dans une composition l\u00e9g\u00e8re et ensoleill\u00e9e.","breadcrumb":{"@id":"https:\/\/gebnout.fr\/index.php\/produit\/cristalline\/#breadcrumb"},"inLanguage":"fr-FR","potentialAction":[{"@type":"ReadAction","target":["https:\/\/gebnout.fr\/index.php\/produit\/cristalline\/"]}]},{"@type":"ImageObject","inLanguage":"fr-FR","@id":"https:\/\/gebnout.fr\/index.php\/produit\/cristalline\/#primaryimage","url":"https:\/\/i0.wp.com\/gebnout.fr\/wp-content\/uploads\/2021\/10\/cristalline-scaled.jpg?fit=1440%2C2560&ssl=1","contentUrl":"https:\/\/i0.wp.com\/gebnout.fr\/wp-content\/uploads\/2021\/10\/cristalline-scaled.jpg?fit=1440%2C2560&ssl=1","width":1440,"height":2560},{"@type":"BreadcrumbList","@id":"https:\/\/gebnout.fr\/index.php\/produit\/cristalline\/#breadcrumb","itemListElement":[{"@type":"ListItem","position":1,"name":"Accueil","item":"https:\/\/gebnout.fr\/"},{"@type":"ListItem","position":2,"name":"Boutique","item":"https:\/\/gebnout.fr\/index.php\/boutique\/"},{"@type":"ListItem","position":3,"name":"Cristalline"}]},{"@type":"WebSite","@id":"https:\/\/gebnout.fr\/#website","url":"https:\/\/gebnout.fr\/","name":"Geb Nout","description":"Passeur de v\u00e9g\u00e9taux","publisher":{"@id":"https:\/\/gebnout.fr\/#organization"},"potentialAction":[{"@type":"SearchAction","target":{"@type":"EntryPoint","urlTemplate":"https:\/\/gebnout.fr\/?s={search_term_string}"},"query-input":"required name=search_term_string"}],"inLanguage":"fr-FR"},{"@type":"Organization","@id":"https:\/\/gebnout.fr\/#organization","name":"Geb Nout","url":"https:\/\/gebnout.fr\/","logo":{"@type":"ImageObject","inLanguage":"fr-FR","@id":"https:\/\/gebnout.fr\/#\/schema\/logo\/image\/","url":"https:\/\/i0.wp.com\/gebnout.fr\/wp-content\/uploads\/2023\/04\/bourgeon-cassis-e1708104877110.png?fit=100%2C114&ssl=1","contentUrl":"https:\/\/i0.wp.com\/gebnout.fr\/wp-content\/uploads\/2023\/04\/bourgeon-cassis-e1708104877110.png?fit=100%2C114&ssl=1","width":100,"height":114,"caption":"Geb Nout"},"image":{"@id":"https:\/\/gebnout.fr\/#\/schema\/logo\/image\/"}}]}},"jetpack_sharing_enabled":true,"_links":{"self":[{"href":"https:\/\/gebnout.fr\/index.php\/wp-json\/wp\/v2\/product\/2934"}],"collection":[{"href":"https:\/\/gebnout.fr\/index.php\/wp-json\/wp\/v2\/product"}],"about":[{"href":"https:\/\/gebnout.fr\/index.php\/wp-json\/wp\/v2\/types\/product"}],"replies":[{"embeddable":true,"href":"https:\/\/gebnout.fr\/index.php\/wp-json\/wp\/v2\/comments?post=2934"}],"version-history":[{"count":5,"href":"https:\/\/gebnout.fr\/index.php\/wp-json\/wp\/v2\/product\/2934\/revisions"}],"predecessor-version":[{"id":3998,"href":"https:\/\/gebnout.fr\/index.php\/wp-json\/wp\/v2\/product\/2934\/revisions\/3998"}],"wp:featuredmedia":[{"embeddable":true,"href":"https:\/\/gebnout.fr\/index.php\/wp-json\/wp\/v2\/media\/2839"}],"wp:attachment":[{"href":"https:\/\/gebnout.fr\/index.php\/wp-json\/wp\/v2\/media?parent=2934"}],"wp:term":[{"taxonomy":"product_cat","embeddable":true,"href":"https:\/\/gebnout.fr\/index.php\/wp-json\/wp\/v2\/product_cat?post=2934"},{"taxonomy":"product_tag","embeddable":true,"href":"https:\/\/gebnout.fr\/index.php\/wp-json\/wp\/v2\/product_tag?post=2934"}],"curies":[{"name":"wp","href":"https:\/\/api.w.org\/{rel}","templated":true}]}}