{"id":2938,"date":"2021-10-22T13:22:48","date_gmt":"2021-10-22T11:22:48","guid":{"rendered":"https:\/\/racines.ovh\/?post_type=product&#038;p=2938"},"modified":"2023-10-28T14:50:30","modified_gmt":"2023-10-28T12:50:30","slug":"kombucha","status":"publish","type":"product","link":"https:\/\/gebnout.fr\/index.php\/produit\/kombucha\/","title":{"rendered":"Kombucha"},"content":{"rendered":"","protected":false},"excerpt":{"rendered":"<p><strong>Quantit\u00e9 : 75 cl<\/strong><\/p>\n<p>Thym- Agastache-G\u00e9ranium Rosat-Serpolet-Aub\u00e9pine&#8230;<br \/>\nPlaisir des couleurs et des saveurs&#8230;<\/p>\n<p>Boisson lacto-ferment\u00e9e traditionnelle d\u2019Orient, \u00e0 base de th\u00e9, plantes et une faible dose de sucre. P\u00e9tillante, d\u00e9salt\u00e9rante et \u00e0 l\u2019ar\u00f4me d\u00e9licat de plantes, on l\u2019appr\u00e9cie tout au long de la journ\u00e9e, surtout au moment de l\u2019ap\u00e9ritif.<\/p>\n<p>Pleine de bact\u00e9ries saines qui renforcent le syst\u00e8me et apportent du dynamisme.<\/p>\n<p>Les &#8220;parfums&#8221; sont \u00e0 titre indicatifs, car nos\u00a0<strong>kombuchas aux plantes<\/strong> suivent la dynamique du moment. Ainsi, chaque semaine, les m\u00e8res de kombucha sont mises en fermentation dans une infusion diff\u00e9rente, afin de surprendre vos sensations et de recevoir la dynamique des plantes.<\/p>\n","protected":false},"featured_media":2799,"comment_status":"open","ping_status":"closed","template":"","meta":{"neve_meta_sidebar":"","neve_meta_container":"contained","neve_meta_enable_content_width":"off","neve_meta_content_width":100,"neve_meta_title_alignment":"","neve_meta_author_avatar":"","neve_post_elements_order":"","neve_meta_disable_header":"","neve_meta_disable_footer":"","neve_meta_disable_title":"","_ti_tpc_template_sync":false,"_ti_tpc_template_id":""},"product_cat":[51],"product_tag":[],"yoast_head":"<!-- This site is optimized with the Yoast SEO plugin v22.6 - https:\/\/yoast.com\/wordpress\/plugins\/seo\/ -->\n<title>Kombucha aux plantes<\/title>\n<meta name=\"description\" content=\"Boisson lactoferment\u00e9e, \u00e0 base de th\u00e9, plantes et une faible dose de sucre. P\u00e9tillante, d\u00e9salt\u00e9rante et \u00e0 l\u2019ar\u00f4me d\u00e9licat de plantes.\" \/>\n<meta name=\"robots\" content=\"index, follow, max-snippet:-1, max-image-preview:large, max-video-preview:-1\" \/>\n<link rel=\"canonical\" href=\"https:\/\/gebnout.fr\/index.php\/produit\/kombucha\/\" \/>\n<meta property=\"og:locale\" content=\"fr_FR\" \/>\n<meta property=\"og:type\" content=\"article\" \/>\n<meta property=\"og:title\" content=\"Kombucha aux plantes\" \/>\n<meta property=\"og:description\" content=\"Boisson lactoferment\u00e9e, \u00e0 base de th\u00e9, plantes et une faible dose de sucre. P\u00e9tillante, d\u00e9salt\u00e9rante et \u00e0 l\u2019ar\u00f4me d\u00e9licat de plantes.\" \/>\n<meta property=\"og:url\" content=\"https:\/\/gebnout.fr\/index.php\/produit\/kombucha\/\" \/>\n<meta property=\"og:site_name\" content=\"Geb Nout\" \/>\n<meta property=\"article:modified_time\" content=\"2023-10-28T12:50:30+00:00\" \/>\n<meta property=\"og:image\" content=\"https:\/\/gebnout.fr\/wp-content\/uploads\/2021\/10\/kombucha-scaled.jpg\" \/>\n\t<meta property=\"og:image:width\" content=\"1424\" \/>\n\t<meta property=\"og:image:height\" content=\"2560\" \/>\n\t<meta property=\"og:image:type\" content=\"image\/jpeg\" \/>\n<meta name=\"twitter:card\" content=\"summary_large_image\" \/>\n<script type=\"application\/ld+json\" class=\"yoast-schema-graph\">{\"@context\":\"https:\/\/schema.org\",\"@graph\":[{\"@type\":\"WebPage\",\"@id\":\"https:\/\/gebnout.fr\/index.php\/produit\/kombucha\/\",\"url\":\"https:\/\/gebnout.fr\/index.php\/produit\/kombucha\/\",\"name\":\"Kombucha aux plantes\",\"isPartOf\":{\"@id\":\"https:\/\/gebnout.fr\/#website\"},\"primaryImageOfPage\":{\"@id\":\"https:\/\/gebnout.fr\/index.php\/produit\/kombucha\/#primaryimage\"},\"image\":{\"@id\":\"https:\/\/gebnout.fr\/index.php\/produit\/kombucha\/#primaryimage\"},\"thumbnailUrl\":\"https:\/\/i0.wp.com\/gebnout.fr\/wp-content\/uploads\/2021\/10\/kombucha-scaled.jpg?fit=1424%2C2560&ssl=1\",\"datePublished\":\"2021-10-22T11:22:48+00:00\",\"dateModified\":\"2023-10-28T12:50:30+00:00\",\"description\":\"Boisson lactoferment\u00e9e, \u00e0 base de th\u00e9, plantes et une faible dose de sucre. P\u00e9tillante, d\u00e9salt\u00e9rante et \u00e0 l\u2019ar\u00f4me d\u00e9licat de plantes.\",\"breadcrumb\":{\"@id\":\"https:\/\/gebnout.fr\/index.php\/produit\/kombucha\/#breadcrumb\"},\"inLanguage\":\"fr-FR\",\"potentialAction\":[{\"@type\":\"ReadAction\",\"target\":[\"https:\/\/gebnout.fr\/index.php\/produit\/kombucha\/\"]}]},{\"@type\":\"ImageObject\",\"inLanguage\":\"fr-FR\",\"@id\":\"https:\/\/gebnout.fr\/index.php\/produit\/kombucha\/#primaryimage\",\"url\":\"https:\/\/i0.wp.com\/gebnout.fr\/wp-content\/uploads\/2021\/10\/kombucha-scaled.jpg?fit=1424%2C2560&ssl=1\",\"contentUrl\":\"https:\/\/i0.wp.com\/gebnout.fr\/wp-content\/uploads\/2021\/10\/kombucha-scaled.jpg?fit=1424%2C2560&ssl=1\",\"width\":1424,\"height\":2560},{\"@type\":\"BreadcrumbList\",\"@id\":\"https:\/\/gebnout.fr\/index.php\/produit\/kombucha\/#breadcrumb\",\"itemListElement\":[{\"@type\":\"ListItem\",\"position\":1,\"name\":\"Accueil\",\"item\":\"https:\/\/gebnout.fr\/\"},{\"@type\":\"ListItem\",\"position\":2,\"name\":\"Boutique\",\"item\":\"https:\/\/gebnout.fr\/index.php\/boutique\/\"},{\"@type\":\"ListItem\",\"position\":3,\"name\":\"Kombucha\"}]},{\"@type\":\"WebSite\",\"@id\":\"https:\/\/gebnout.fr\/#website\",\"url\":\"https:\/\/gebnout.fr\/\",\"name\":\"Geb Nout\",\"description\":\"Passeur de v\u00e9g\u00e9taux\",\"publisher\":{\"@id\":\"https:\/\/gebnout.fr\/#organization\"},\"potentialAction\":[{\"@type\":\"SearchAction\",\"target\":{\"@type\":\"EntryPoint\",\"urlTemplate\":\"https:\/\/gebnout.fr\/?s={search_term_string}\"},\"query-input\":\"required name=search_term_string\"}],\"inLanguage\":\"fr-FR\"},{\"@type\":\"Organization\",\"@id\":\"https:\/\/gebnout.fr\/#organization\",\"name\":\"Geb Nout\",\"url\":\"https:\/\/gebnout.fr\/\",\"logo\":{\"@type\":\"ImageObject\",\"inLanguage\":\"fr-FR\",\"@id\":\"https:\/\/gebnout.fr\/#\/schema\/logo\/image\/\",\"url\":\"https:\/\/i0.wp.com\/gebnout.fr\/wp-content\/uploads\/2023\/04\/bourgeon-cassis-e1708104877110.png?fit=100%2C114&ssl=1\",\"contentUrl\":\"https:\/\/i0.wp.com\/gebnout.fr\/wp-content\/uploads\/2023\/04\/bourgeon-cassis-e1708104877110.png?fit=100%2C114&ssl=1\",\"width\":100,\"height\":114,\"caption\":\"Geb Nout\"},\"image\":{\"@id\":\"https:\/\/gebnout.fr\/#\/schema\/logo\/image\/\"}}]}<\/script>\n<!-- \/ Yoast SEO plugin. -->","yoast_head_json":{"title":"Kombucha aux plantes","description":"Boisson lactoferment\u00e9e, \u00e0 base de th\u00e9, plantes et une faible dose de sucre. P\u00e9tillante, d\u00e9salt\u00e9rante et \u00e0 l\u2019ar\u00f4me d\u00e9licat de plantes.","robots":{"index":"index","follow":"follow","max-snippet":"max-snippet:-1","max-image-preview":"max-image-preview:large","max-video-preview":"max-video-preview:-1"},"canonical":"https:\/\/gebnout.fr\/index.php\/produit\/kombucha\/","og_locale":"fr_FR","og_type":"article","og_title":"Kombucha aux plantes","og_description":"Boisson lactoferment\u00e9e, \u00e0 base de th\u00e9, plantes et une faible dose de sucre. P\u00e9tillante, d\u00e9salt\u00e9rante et \u00e0 l\u2019ar\u00f4me d\u00e9licat de plantes.","og_url":"https:\/\/gebnout.fr\/index.php\/produit\/kombucha\/","og_site_name":"Geb Nout","article_modified_time":"2023-10-28T12:50:30+00:00","og_image":[{"width":1424,"height":2560,"url":"https:\/\/gebnout.fr\/wp-content\/uploads\/2021\/10\/kombucha-scaled.jpg","type":"image\/jpeg"}],"twitter_card":"summary_large_image","schema":{"@context":"https:\/\/schema.org","@graph":[{"@type":"WebPage","@id":"https:\/\/gebnout.fr\/index.php\/produit\/kombucha\/","url":"https:\/\/gebnout.fr\/index.php\/produit\/kombucha\/","name":"Kombucha aux plantes","isPartOf":{"@id":"https:\/\/gebnout.fr\/#website"},"primaryImageOfPage":{"@id":"https:\/\/gebnout.fr\/index.php\/produit\/kombucha\/#primaryimage"},"image":{"@id":"https:\/\/gebnout.fr\/index.php\/produit\/kombucha\/#primaryimage"},"thumbnailUrl":"https:\/\/i0.wp.com\/gebnout.fr\/wp-content\/uploads\/2021\/10\/kombucha-scaled.jpg?fit=1424%2C2560&ssl=1","datePublished":"2021-10-22T11:22:48+00:00","dateModified":"2023-10-28T12:50:30+00:00","description":"Boisson lactoferment\u00e9e, \u00e0 base de th\u00e9, plantes et une faible dose de sucre. P\u00e9tillante, d\u00e9salt\u00e9rante et \u00e0 l\u2019ar\u00f4me d\u00e9licat de plantes.","breadcrumb":{"@id":"https:\/\/gebnout.fr\/index.php\/produit\/kombucha\/#breadcrumb"},"inLanguage":"fr-FR","potentialAction":[{"@type":"ReadAction","target":["https:\/\/gebnout.fr\/index.php\/produit\/kombucha\/"]}]},{"@type":"ImageObject","inLanguage":"fr-FR","@id":"https:\/\/gebnout.fr\/index.php\/produit\/kombucha\/#primaryimage","url":"https:\/\/i0.wp.com\/gebnout.fr\/wp-content\/uploads\/2021\/10\/kombucha-scaled.jpg?fit=1424%2C2560&ssl=1","contentUrl":"https:\/\/i0.wp.com\/gebnout.fr\/wp-content\/uploads\/2021\/10\/kombucha-scaled.jpg?fit=1424%2C2560&ssl=1","width":1424,"height":2560},{"@type":"BreadcrumbList","@id":"https:\/\/gebnout.fr\/index.php\/produit\/kombucha\/#breadcrumb","itemListElement":[{"@type":"ListItem","position":1,"name":"Accueil","item":"https:\/\/gebnout.fr\/"},{"@type":"ListItem","position":2,"name":"Boutique","item":"https:\/\/gebnout.fr\/index.php\/boutique\/"},{"@type":"ListItem","position":3,"name":"Kombucha"}]},{"@type":"WebSite","@id":"https:\/\/gebnout.fr\/#website","url":"https:\/\/gebnout.fr\/","name":"Geb Nout","description":"Passeur de v\u00e9g\u00e9taux","publisher":{"@id":"https:\/\/gebnout.fr\/#organization"},"potentialAction":[{"@type":"SearchAction","target":{"@type":"EntryPoint","urlTemplate":"https:\/\/gebnout.fr\/?s={search_term_string}"},"query-input":"required name=search_term_string"}],"inLanguage":"fr-FR"},{"@type":"Organization","@id":"https:\/\/gebnout.fr\/#organization","name":"Geb Nout","url":"https:\/\/gebnout.fr\/","logo":{"@type":"ImageObject","inLanguage":"fr-FR","@id":"https:\/\/gebnout.fr\/#\/schema\/logo\/image\/","url":"https:\/\/i0.wp.com\/gebnout.fr\/wp-content\/uploads\/2023\/04\/bourgeon-cassis-e1708104877110.png?fit=100%2C114&ssl=1","contentUrl":"https:\/\/i0.wp.com\/gebnout.fr\/wp-content\/uploads\/2023\/04\/bourgeon-cassis-e1708104877110.png?fit=100%2C114&ssl=1","width":100,"height":114,"caption":"Geb Nout"},"image":{"@id":"https:\/\/gebnout.fr\/#\/schema\/logo\/image\/"}}]}},"jetpack_sharing_enabled":true,"_links":{"self":[{"href":"https:\/\/gebnout.fr\/index.php\/wp-json\/wp\/v2\/product\/2938"}],"collection":[{"href":"https:\/\/gebnout.fr\/index.php\/wp-json\/wp\/v2\/product"}],"about":[{"href":"https:\/\/gebnout.fr\/index.php\/wp-json\/wp\/v2\/types\/product"}],"replies":[{"embeddable":true,"href":"https:\/\/gebnout.fr\/index.php\/wp-json\/wp\/v2\/comments?post=2938"}],"version-history":[{"count":5,"href":"https:\/\/gebnout.fr\/index.php\/wp-json\/wp\/v2\/product\/2938\/revisions"}],"predecessor-version":[{"id":8754,"href":"https:\/\/gebnout.fr\/index.php\/wp-json\/wp\/v2\/product\/2938\/revisions\/8754"}],"wp:featuredmedia":[{"embeddable":true,"href":"https:\/\/gebnout.fr\/index.php\/wp-json\/wp\/v2\/media\/2799"}],"wp:attachment":[{"href":"https:\/\/gebnout.fr\/index.php\/wp-json\/wp\/v2\/media?parent=2938"}],"wp:term":[{"taxonomy":"product_cat","embeddable":true,"href":"https:\/\/gebnout.fr\/index.php\/wp-json\/wp\/v2\/product_cat?post=2938"},{"taxonomy":"product_tag","embeddable":true,"href":"https:\/\/gebnout.fr\/index.php\/wp-json\/wp\/v2\/product_tag?post=2938"}],"curies":[{"name":"wp","href":"https:\/\/api.w.org\/{rel}","templated":true}]}}