{"id":2998,"date":"2021-10-28T17:08:06","date_gmt":"2021-10-28T15:08:06","guid":{"rendered":"https:\/\/racines.ovh\/?post_type=product&#038;p=2998"},"modified":"2023-10-11T15:19:08","modified_gmt":"2023-10-11T13:19:08","slug":"baume-lissage-pencapa","status":"publish","type":"product","link":"https:\/\/gebnout.fr\/index.php\/produit\/baume-lissage-pencapa\/","title":{"rendered":"Baume lissage PENCAPA"},"content":{"rendered":"<p>Les\u00a0<strong>baumes<\/strong>\u00a0ont toujours exist\u00e9 pour accompagner notre quotidien.<\/p>\n<p>Le soin avec ces baumes est facile, efficace et respectueux de notre corps.<\/p>\n<p>Nos baumes sont 100%\u00a0<strong>naturels<\/strong>, \u00e0 base de mac\u00e9rations solaires dans de l&#8217;huile d&#8217;olive ou de colza ou de tournesol, de plantes issues de nos cueillettes et de cire d&#8217;abeille.<\/p>\n<p>La peau, v\u00e9ritable interface entre int\u00e9rieur et ext\u00e9rieur, est sans cesse bouscul\u00e9e par le monde qui nous entoure. Offrez-lui la douceur des\u00a0plantes.<\/p>\n","protected":false},"excerpt":{"rendered":"<p><strong>Baume contenance 50 ml<\/strong><\/p>\n<p>Soin lissage visage, tr\u00e8s nourrissant apaise les rougeurs et les rides. L&#8217;effet tenseur de la p\u00e2querette \u00e9tant connu depuis toujours &#8230;<\/p>\n<p><em>Nos baumes sont naturels \u00e0 la cire d&#8217;abeille et mac\u00e9ration solaire de plantes<\/em><\/p>\n<p>inci:<\/p>\n<p class=\"p1\"><span class=\"s1\"><em>I<\/em><\/span><span class=\"s2\"><em>ngr\u00e9dients\u00a0: Olea europaea fruit oil, Cera alba, Viola tricolor extract, Bellis perenis extract, Daucus carota sativa root extract,\u00a0<\/em><\/span><span class=\"s3\">Allerg\u00e8nes<\/span><span class=\"s2\">\u00a0<em>: geraniol, limonene, linalool<\/em><\/span><\/p>\n","protected":false},"featured_media":2772,"comment_status":"open","ping_status":"closed","template":"","meta":{"neve_meta_sidebar":"","neve_meta_container":"contained","neve_meta_enable_content_width":"off","neve_meta_content_width":100,"neve_meta_title_alignment":"","neve_meta_author_avatar":"","neve_post_elements_order":"","neve_meta_disable_header":"","neve_meta_disable_footer":"","neve_meta_disable_title":"","_ti_tpc_template_sync":false,"_ti_tpc_template_id":""},"product_cat":[39],"product_tag":[],"yoast_head":"<!-- This site is optimized with the Yoast SEO plugin v22.6 - https:\/\/yoast.com\/wordpress\/plugins\/seo\/ -->\n<title>baume-lissage-pencapa<\/title>\n<meta name=\"description\" content=\"Soin lissage visage, tr\u00e8s nourrissant apaise les rougeurs et les rides. L&#039;effet tenseur de la p\u00e2querette \u00e9tant connu depuis toujours ...\" \/>\n<meta name=\"robots\" content=\"index, follow, max-snippet:-1, max-image-preview:large, max-video-preview:-1\" \/>\n<link rel=\"canonical\" href=\"https:\/\/gebnout.fr\/index.php\/produit\/baume-lissage-pencapa\/\" \/>\n<meta property=\"og:locale\" content=\"fr_FR\" \/>\n<meta property=\"og:type\" content=\"article\" \/>\n<meta property=\"og:title\" content=\"baume-lissage-pencapa\" \/>\n<meta property=\"og:description\" content=\"Soin lissage visage, tr\u00e8s nourrissant apaise les rougeurs et les rides. L&#039;effet tenseur de la p\u00e2querette \u00e9tant connu depuis toujours ...\" \/>\n<meta property=\"og:url\" content=\"https:\/\/gebnout.fr\/index.php\/produit\/baume-lissage-pencapa\/\" \/>\n<meta property=\"og:site_name\" content=\"Geb Nout\" \/>\n<meta property=\"article:modified_time\" content=\"2023-10-11T13:19:08+00:00\" \/>\n<meta property=\"og:image\" content=\"https:\/\/gebnout.fr\/wp-content\/uploads\/2021\/09\/baumes-scaled.jpg\" \/>\n\t<meta property=\"og:image:width\" content=\"1440\" \/>\n\t<meta property=\"og:image:height\" content=\"2560\" \/>\n\t<meta property=\"og:image:type\" content=\"image\/jpeg\" \/>\n<meta name=\"twitter:card\" content=\"summary_large_image\" \/>\n<meta name=\"twitter:label1\" content=\"Dur\u00e9e de lecture estim\u00e9e\" \/>\n\t<meta name=\"twitter:data1\" content=\"1 minute\" \/>\n<script type=\"application\/ld+json\" class=\"yoast-schema-graph\">{\"@context\":\"https:\/\/schema.org\",\"@graph\":[{\"@type\":\"WebPage\",\"@id\":\"https:\/\/gebnout.fr\/index.php\/produit\/baume-lissage-pencapa\/\",\"url\":\"https:\/\/gebnout.fr\/index.php\/produit\/baume-lissage-pencapa\/\",\"name\":\"baume-lissage-pencapa\",\"isPartOf\":{\"@id\":\"https:\/\/gebnout.fr\/#website\"},\"primaryImageOfPage\":{\"@id\":\"https:\/\/gebnout.fr\/index.php\/produit\/baume-lissage-pencapa\/#primaryimage\"},\"image\":{\"@id\":\"https:\/\/gebnout.fr\/index.php\/produit\/baume-lissage-pencapa\/#primaryimage\"},\"thumbnailUrl\":\"https:\/\/i0.wp.com\/gebnout.fr\/wp-content\/uploads\/2021\/09\/baumes-scaled.jpg?fit=1440%2C2560&ssl=1\",\"datePublished\":\"2021-10-28T15:08:06+00:00\",\"dateModified\":\"2023-10-11T13:19:08+00:00\",\"description\":\"Soin lissage visage, tr\u00e8s nourrissant apaise les rougeurs et les rides. L'effet tenseur de la p\u00e2querette \u00e9tant connu depuis toujours ...\",\"breadcrumb\":{\"@id\":\"https:\/\/gebnout.fr\/index.php\/produit\/baume-lissage-pencapa\/#breadcrumb\"},\"inLanguage\":\"fr-FR\",\"potentialAction\":[{\"@type\":\"ReadAction\",\"target\":[\"https:\/\/gebnout.fr\/index.php\/produit\/baume-lissage-pencapa\/\"]}]},{\"@type\":\"ImageObject\",\"inLanguage\":\"fr-FR\",\"@id\":\"https:\/\/gebnout.fr\/index.php\/produit\/baume-lissage-pencapa\/#primaryimage\",\"url\":\"https:\/\/i0.wp.com\/gebnout.fr\/wp-content\/uploads\/2021\/09\/baumes-scaled.jpg?fit=1440%2C2560&ssl=1\",\"contentUrl\":\"https:\/\/i0.wp.com\/gebnout.fr\/wp-content\/uploads\/2021\/09\/baumes-scaled.jpg?fit=1440%2C2560&ssl=1\",\"width\":1440,\"height\":2560},{\"@type\":\"BreadcrumbList\",\"@id\":\"https:\/\/gebnout.fr\/index.php\/produit\/baume-lissage-pencapa\/#breadcrumb\",\"itemListElement\":[{\"@type\":\"ListItem\",\"position\":1,\"name\":\"Accueil\",\"item\":\"https:\/\/gebnout.fr\/\"},{\"@type\":\"ListItem\",\"position\":2,\"name\":\"Boutique\",\"item\":\"https:\/\/gebnout.fr\/index.php\/boutique\/\"},{\"@type\":\"ListItem\",\"position\":3,\"name\":\"Baume lissage PENCAPA\"}]},{\"@type\":\"WebSite\",\"@id\":\"https:\/\/gebnout.fr\/#website\",\"url\":\"https:\/\/gebnout.fr\/\",\"name\":\"Geb Nout\",\"description\":\"Passeur de v\u00e9g\u00e9taux\",\"publisher\":{\"@id\":\"https:\/\/gebnout.fr\/#organization\"},\"potentialAction\":[{\"@type\":\"SearchAction\",\"target\":{\"@type\":\"EntryPoint\",\"urlTemplate\":\"https:\/\/gebnout.fr\/?s={search_term_string}\"},\"query-input\":\"required name=search_term_string\"}],\"inLanguage\":\"fr-FR\"},{\"@type\":\"Organization\",\"@id\":\"https:\/\/gebnout.fr\/#organization\",\"name\":\"Geb Nout\",\"url\":\"https:\/\/gebnout.fr\/\",\"logo\":{\"@type\":\"ImageObject\",\"inLanguage\":\"fr-FR\",\"@id\":\"https:\/\/gebnout.fr\/#\/schema\/logo\/image\/\",\"url\":\"https:\/\/i0.wp.com\/gebnout.fr\/wp-content\/uploads\/2023\/04\/bourgeon-cassis-e1708104877110.png?fit=100%2C114&ssl=1\",\"contentUrl\":\"https:\/\/i0.wp.com\/gebnout.fr\/wp-content\/uploads\/2023\/04\/bourgeon-cassis-e1708104877110.png?fit=100%2C114&ssl=1\",\"width\":100,\"height\":114,\"caption\":\"Geb Nout\"},\"image\":{\"@id\":\"https:\/\/gebnout.fr\/#\/schema\/logo\/image\/\"}}]}<\/script>\n<!-- \/ Yoast SEO plugin. -->","yoast_head_json":{"title":"baume-lissage-pencapa","description":"Soin lissage visage, tr\u00e8s nourrissant apaise les rougeurs et les rides. L'effet tenseur de la p\u00e2querette \u00e9tant connu depuis toujours ...","robots":{"index":"index","follow":"follow","max-snippet":"max-snippet:-1","max-image-preview":"max-image-preview:large","max-video-preview":"max-video-preview:-1"},"canonical":"https:\/\/gebnout.fr\/index.php\/produit\/baume-lissage-pencapa\/","og_locale":"fr_FR","og_type":"article","og_title":"baume-lissage-pencapa","og_description":"Soin lissage visage, tr\u00e8s nourrissant apaise les rougeurs et les rides. L'effet tenseur de la p\u00e2querette \u00e9tant connu depuis toujours ...","og_url":"https:\/\/gebnout.fr\/index.php\/produit\/baume-lissage-pencapa\/","og_site_name":"Geb Nout","article_modified_time":"2023-10-11T13:19:08+00:00","og_image":[{"width":1440,"height":2560,"url":"https:\/\/gebnout.fr\/wp-content\/uploads\/2021\/09\/baumes-scaled.jpg","type":"image\/jpeg"}],"twitter_card":"summary_large_image","twitter_misc":{"Dur\u00e9e de lecture estim\u00e9e":"1 minute"},"schema":{"@context":"https:\/\/schema.org","@graph":[{"@type":"WebPage","@id":"https:\/\/gebnout.fr\/index.php\/produit\/baume-lissage-pencapa\/","url":"https:\/\/gebnout.fr\/index.php\/produit\/baume-lissage-pencapa\/","name":"baume-lissage-pencapa","isPartOf":{"@id":"https:\/\/gebnout.fr\/#website"},"primaryImageOfPage":{"@id":"https:\/\/gebnout.fr\/index.php\/produit\/baume-lissage-pencapa\/#primaryimage"},"image":{"@id":"https:\/\/gebnout.fr\/index.php\/produit\/baume-lissage-pencapa\/#primaryimage"},"thumbnailUrl":"https:\/\/i0.wp.com\/gebnout.fr\/wp-content\/uploads\/2021\/09\/baumes-scaled.jpg?fit=1440%2C2560&ssl=1","datePublished":"2021-10-28T15:08:06+00:00","dateModified":"2023-10-11T13:19:08+00:00","description":"Soin lissage visage, tr\u00e8s nourrissant apaise les rougeurs et les rides. L'effet tenseur de la p\u00e2querette \u00e9tant connu depuis toujours ...","breadcrumb":{"@id":"https:\/\/gebnout.fr\/index.php\/produit\/baume-lissage-pencapa\/#breadcrumb"},"inLanguage":"fr-FR","potentialAction":[{"@type":"ReadAction","target":["https:\/\/gebnout.fr\/index.php\/produit\/baume-lissage-pencapa\/"]}]},{"@type":"ImageObject","inLanguage":"fr-FR","@id":"https:\/\/gebnout.fr\/index.php\/produit\/baume-lissage-pencapa\/#primaryimage","url":"https:\/\/i0.wp.com\/gebnout.fr\/wp-content\/uploads\/2021\/09\/baumes-scaled.jpg?fit=1440%2C2560&ssl=1","contentUrl":"https:\/\/i0.wp.com\/gebnout.fr\/wp-content\/uploads\/2021\/09\/baumes-scaled.jpg?fit=1440%2C2560&ssl=1","width":1440,"height":2560},{"@type":"BreadcrumbList","@id":"https:\/\/gebnout.fr\/index.php\/produit\/baume-lissage-pencapa\/#breadcrumb","itemListElement":[{"@type":"ListItem","position":1,"name":"Accueil","item":"https:\/\/gebnout.fr\/"},{"@type":"ListItem","position":2,"name":"Boutique","item":"https:\/\/gebnout.fr\/index.php\/boutique\/"},{"@type":"ListItem","position":3,"name":"Baume lissage PENCAPA"}]},{"@type":"WebSite","@id":"https:\/\/gebnout.fr\/#website","url":"https:\/\/gebnout.fr\/","name":"Geb Nout","description":"Passeur de v\u00e9g\u00e9taux","publisher":{"@id":"https:\/\/gebnout.fr\/#organization"},"potentialAction":[{"@type":"SearchAction","target":{"@type":"EntryPoint","urlTemplate":"https:\/\/gebnout.fr\/?s={search_term_string}"},"query-input":"required name=search_term_string"}],"inLanguage":"fr-FR"},{"@type":"Organization","@id":"https:\/\/gebnout.fr\/#organization","name":"Geb Nout","url":"https:\/\/gebnout.fr\/","logo":{"@type":"ImageObject","inLanguage":"fr-FR","@id":"https:\/\/gebnout.fr\/#\/schema\/logo\/image\/","url":"https:\/\/i0.wp.com\/gebnout.fr\/wp-content\/uploads\/2023\/04\/bourgeon-cassis-e1708104877110.png?fit=100%2C114&ssl=1","contentUrl":"https:\/\/i0.wp.com\/gebnout.fr\/wp-content\/uploads\/2023\/04\/bourgeon-cassis-e1708104877110.png?fit=100%2C114&ssl=1","width":100,"height":114,"caption":"Geb Nout"},"image":{"@id":"https:\/\/gebnout.fr\/#\/schema\/logo\/image\/"}}]}},"jetpack_sharing_enabled":true,"_links":{"self":[{"href":"https:\/\/gebnout.fr\/index.php\/wp-json\/wp\/v2\/product\/2998"}],"collection":[{"href":"https:\/\/gebnout.fr\/index.php\/wp-json\/wp\/v2\/product"}],"about":[{"href":"https:\/\/gebnout.fr\/index.php\/wp-json\/wp\/v2\/types\/product"}],"replies":[{"embeddable":true,"href":"https:\/\/gebnout.fr\/index.php\/wp-json\/wp\/v2\/comments?post=2998"}],"version-history":[{"count":1,"href":"https:\/\/gebnout.fr\/index.php\/wp-json\/wp\/v2\/product\/2998\/revisions"}],"predecessor-version":[{"id":3000,"href":"https:\/\/gebnout.fr\/index.php\/wp-json\/wp\/v2\/product\/2998\/revisions\/3000"}],"wp:featuredmedia":[{"embeddable":true,"href":"https:\/\/gebnout.fr\/index.php\/wp-json\/wp\/v2\/media\/2772"}],"wp:attachment":[{"href":"https:\/\/gebnout.fr\/index.php\/wp-json\/wp\/v2\/media?parent=2998"}],"wp:term":[{"taxonomy":"product_cat","embeddable":true,"href":"https:\/\/gebnout.fr\/index.php\/wp-json\/wp\/v2\/product_cat?post=2998"},{"taxonomy":"product_tag","embeddable":true,"href":"https:\/\/gebnout.fr\/index.php\/wp-json\/wp\/v2\/product_tag?post=2998"}],"curies":[{"name":"wp","href":"https:\/\/api.w.org\/{rel}","templated":true}]}}