{"id":3003,"date":"2021-10-28T17:38:33","date_gmt":"2021-10-28T15:38:33","guid":{"rendered":"https:\/\/racines.ovh\/?post_type=product&#038;p=3003"},"modified":"2024-02-12T11:22:26","modified_gmt":"2024-02-12T10:22:26","slug":"orble","status":"publish","type":"product","link":"https:\/\/gebnout.fr\/index.php\/produit\/orble\/","title":{"rendered":"Orbl\u00e9"},"content":{"rendered":"<p>Les\u00a0<strong>bl\u00e9s anciens<\/strong>\u00a0sont des v\u00e9g\u00e9taux \u00e0 part&#8230; L&#8217;<strong>Ortie<\/strong>\u00a0est sans doute une panac\u00e9e &#8230; Le Mariage de ces deux merveilles est un r\u00e9el bienfait pour notre physiologie et notre dynamisme.<\/p>\n<p>La SYNERGIE de CES DEUX PLANTES magnifiques constitue un r\u00e9el plus pour \u00eatre en relation avec une ALIMENTATION riche de sens en lien avec le\u00a0<strong>VIVANT<\/strong>\u00a0.<\/p>\n<p>Au quotidien cela nous permet d&#8217;avoir un m\u00e9lange ad\u00e9quat pour une alimentation SAINE.<\/p>\n<p><em>Les propri\u00e9t\u00e9s sont donn\u00e9es \u00e0 titre indicatif et en r\u00e9f\u00e9rence \u00e0 des auteurs reconnus .<\/em><br \/>\n<em>Ces propri\u00e9t\u00e9s sont donn\u00e9es de mani\u00e8re informative et ne sauraient en aucun cas constituer une\u00a0<\/em><em>information m\u00e9dicale, ni engager notre responsabilit\u00e9, cela ne dispense en aucun cas l\u2019avis d\u2019un\u00a0<\/em><em>th\u00e9rapeute qualifi\u00e9, indispensable dans l\u2019\u00e9tablissement d\u2019un diagnostique.<\/em><\/p>\n","protected":false},"excerpt":{"rendered":"<p><strong>Poids : 50 g<br \/>\n<\/strong><\/p>\n<p>Energie et synergie de micronutriments et de chlorophylle.<\/p>\n<p>Orbl\u00e9 est une association de feuilles de bl\u00e9 de vari\u00e9t\u00e9 ancienne, issues de nos multiplications de bl\u00e9s, et de jeunes poussse d&#8217;ortie sauvage cueillies sur nos terres, sur le plateau de La Chaise-Dieu \u00e0 1100m d&#8217;altitude. L&#8217;ortie est reconnu pour ses multiples vertus* : elle est consid\u00e9r\u00e9e comme une v\u00e9ritable\u00a0panac\u00e9e et permet de reconstituer un socle de base sain.<\/p>\n<p><em>A consommer en cure, une cuill\u00e8re \u00e0 deux par jour dans un fruit \u00e9cras\u00e9 ou un jus de l\u00e9gumes cru.<\/em><\/p>\n<p><em>*L&#8217;ortie contribue<br \/>\n&#8211; au dynamisme du corps et \u00e0 sa vitalit\u00e9<br \/>\n&#8211; \u00e0 l&#8217;\u00e9limination r\u00e9nale et au drainage de l&#8217;organisme<br \/>\n&#8211; \u00e0 la sant\u00e9 respiratoire<br \/>\n&#8211; \u00e0 la sant\u00e9 des veines en facilitant la circulation, notamment dans les jambes<br \/>\n&#8211; \u00e0 une peau saine, \u00e0 des os, ongles et cheveux sains<br \/>\n&#8211; \u00e0 l&#8217;entretien des articulations<br \/>\n&#8211; aux d\u00e9fenses naturelles du syst\u00e8me immunitaire<br \/>\n&#8211; \u00e0 un syst\u00e8me cardiovasculaire sain<br \/>\n&#8211; \u00e0 la cicatrisation des plaies<\/em><\/p>\n<p><em>Cf. all\u00e9gations sant\u00e9 du Syndicat des Simples<\/em><\/p>\n","protected":false},"featured_media":0,"comment_status":"open","ping_status":"closed","template":"","meta":{"neve_meta_sidebar":"","neve_meta_container":"contained","neve_meta_enable_content_width":"off","neve_meta_content_width":100,"neve_meta_title_alignment":"","neve_meta_author_avatar":"","neve_post_elements_order":"","neve_meta_disable_header":"","neve_meta_disable_footer":"","neve_meta_disable_title":"","_ti_tpc_template_sync":false,"_ti_tpc_template_id":""},"product_cat":[49],"product_tag":[],"yoast_head":"<!-- This site is optimized with the Yoast SEO plugin v22.6 - https:\/\/yoast.com\/wordpress\/plugins\/seo\/ -->\n<title>Orbl\u00e9<\/title>\n<meta name=\"description\" content=\"Orbl\u00e9 est une association de feuilles de bl\u00e9 de vari\u00e9t\u00e9 ancienne, et de jeunes pousse d&#039;ortie sauvage cueillies.\" \/>\n<meta name=\"robots\" content=\"index, follow, max-snippet:-1, max-image-preview:large, max-video-preview:-1\" \/>\n<link rel=\"canonical\" href=\"https:\/\/gebnout.fr\/index.php\/produit\/orble\/\" \/>\n<meta property=\"og:locale\" content=\"fr_FR\" \/>\n<meta property=\"og:type\" content=\"article\" \/>\n<meta property=\"og:title\" content=\"Orbl\u00e9\" \/>\n<meta property=\"og:description\" content=\"Orbl\u00e9 est une association de feuilles de bl\u00e9 de vari\u00e9t\u00e9 ancienne, et de jeunes pousse d&#039;ortie sauvage cueillies.\" \/>\n<meta property=\"og:url\" content=\"https:\/\/gebnout.fr\/index.php\/produit\/orble\/\" \/>\n<meta property=\"og:site_name\" content=\"Geb Nout\" \/>\n<meta property=\"article:modified_time\" content=\"2024-02-12T10:22:26+00:00\" \/>\n<meta name=\"twitter:card\" content=\"summary_large_image\" \/>\n<meta name=\"twitter:label1\" content=\"Dur\u00e9e de lecture estim\u00e9e\" \/>\n\t<meta name=\"twitter:data1\" content=\"1 minute\" \/>\n<script type=\"application\/ld+json\" class=\"yoast-schema-graph\">{\"@context\":\"https:\/\/schema.org\",\"@graph\":[{\"@type\":\"WebPage\",\"@id\":\"https:\/\/gebnout.fr\/index.php\/produit\/orble\/\",\"url\":\"https:\/\/gebnout.fr\/index.php\/produit\/orble\/\",\"name\":\"Orbl\u00e9\",\"isPartOf\":{\"@id\":\"https:\/\/gebnout.fr\/#website\"},\"datePublished\":\"2021-10-28T15:38:33+00:00\",\"dateModified\":\"2024-02-12T10:22:26+00:00\",\"description\":\"Orbl\u00e9 est une association de feuilles de bl\u00e9 de vari\u00e9t\u00e9 ancienne, et de jeunes pousse d'ortie sauvage cueillies.\",\"breadcrumb\":{\"@id\":\"https:\/\/gebnout.fr\/index.php\/produit\/orble\/#breadcrumb\"},\"inLanguage\":\"fr-FR\",\"potentialAction\":[{\"@type\":\"ReadAction\",\"target\":[\"https:\/\/gebnout.fr\/index.php\/produit\/orble\/\"]}]},{\"@type\":\"BreadcrumbList\",\"@id\":\"https:\/\/gebnout.fr\/index.php\/produit\/orble\/#breadcrumb\",\"itemListElement\":[{\"@type\":\"ListItem\",\"position\":1,\"name\":\"Accueil\",\"item\":\"https:\/\/gebnout.fr\/\"},{\"@type\":\"ListItem\",\"position\":2,\"name\":\"Boutique\",\"item\":\"https:\/\/gebnout.fr\/index.php\/boutique\/\"},{\"@type\":\"ListItem\",\"position\":3,\"name\":\"Orbl\u00e9\"}]},{\"@type\":\"WebSite\",\"@id\":\"https:\/\/gebnout.fr\/#website\",\"url\":\"https:\/\/gebnout.fr\/\",\"name\":\"Geb Nout\",\"description\":\"Passeur de v\u00e9g\u00e9taux\",\"publisher\":{\"@id\":\"https:\/\/gebnout.fr\/#organization\"},\"potentialAction\":[{\"@type\":\"SearchAction\",\"target\":{\"@type\":\"EntryPoint\",\"urlTemplate\":\"https:\/\/gebnout.fr\/?s={search_term_string}\"},\"query-input\":\"required name=search_term_string\"}],\"inLanguage\":\"fr-FR\"},{\"@type\":\"Organization\",\"@id\":\"https:\/\/gebnout.fr\/#organization\",\"name\":\"Geb Nout\",\"url\":\"https:\/\/gebnout.fr\/\",\"logo\":{\"@type\":\"ImageObject\",\"inLanguage\":\"fr-FR\",\"@id\":\"https:\/\/gebnout.fr\/#\/schema\/logo\/image\/\",\"url\":\"https:\/\/i0.wp.com\/gebnout.fr\/wp-content\/uploads\/2023\/04\/bourgeon-cassis-e1708104877110.png?fit=100%2C114&ssl=1\",\"contentUrl\":\"https:\/\/i0.wp.com\/gebnout.fr\/wp-content\/uploads\/2023\/04\/bourgeon-cassis-e1708104877110.png?fit=100%2C114&ssl=1\",\"width\":100,\"height\":114,\"caption\":\"Geb Nout\"},\"image\":{\"@id\":\"https:\/\/gebnout.fr\/#\/schema\/logo\/image\/\"}}]}<\/script>\n<!-- \/ Yoast SEO plugin. -->","yoast_head_json":{"title":"Orbl\u00e9","description":"Orbl\u00e9 est une association de feuilles de bl\u00e9 de vari\u00e9t\u00e9 ancienne, et de jeunes pousse d'ortie sauvage cueillies.","robots":{"index":"index","follow":"follow","max-snippet":"max-snippet:-1","max-image-preview":"max-image-preview:large","max-video-preview":"max-video-preview:-1"},"canonical":"https:\/\/gebnout.fr\/index.php\/produit\/orble\/","og_locale":"fr_FR","og_type":"article","og_title":"Orbl\u00e9","og_description":"Orbl\u00e9 est une association de feuilles de bl\u00e9 de vari\u00e9t\u00e9 ancienne, et de jeunes pousse d'ortie sauvage cueillies.","og_url":"https:\/\/gebnout.fr\/index.php\/produit\/orble\/","og_site_name":"Geb Nout","article_modified_time":"2024-02-12T10:22:26+00:00","twitter_card":"summary_large_image","twitter_misc":{"Dur\u00e9e de lecture estim\u00e9e":"1 minute"},"schema":{"@context":"https:\/\/schema.org","@graph":[{"@type":"WebPage","@id":"https:\/\/gebnout.fr\/index.php\/produit\/orble\/","url":"https:\/\/gebnout.fr\/index.php\/produit\/orble\/","name":"Orbl\u00e9","isPartOf":{"@id":"https:\/\/gebnout.fr\/#website"},"datePublished":"2021-10-28T15:38:33+00:00","dateModified":"2024-02-12T10:22:26+00:00","description":"Orbl\u00e9 est une association de feuilles de bl\u00e9 de vari\u00e9t\u00e9 ancienne, et de jeunes pousse d'ortie sauvage cueillies.","breadcrumb":{"@id":"https:\/\/gebnout.fr\/index.php\/produit\/orble\/#breadcrumb"},"inLanguage":"fr-FR","potentialAction":[{"@type":"ReadAction","target":["https:\/\/gebnout.fr\/index.php\/produit\/orble\/"]}]},{"@type":"BreadcrumbList","@id":"https:\/\/gebnout.fr\/index.php\/produit\/orble\/#breadcrumb","itemListElement":[{"@type":"ListItem","position":1,"name":"Accueil","item":"https:\/\/gebnout.fr\/"},{"@type":"ListItem","position":2,"name":"Boutique","item":"https:\/\/gebnout.fr\/index.php\/boutique\/"},{"@type":"ListItem","position":3,"name":"Orbl\u00e9"}]},{"@type":"WebSite","@id":"https:\/\/gebnout.fr\/#website","url":"https:\/\/gebnout.fr\/","name":"Geb Nout","description":"Passeur de v\u00e9g\u00e9taux","publisher":{"@id":"https:\/\/gebnout.fr\/#organization"},"potentialAction":[{"@type":"SearchAction","target":{"@type":"EntryPoint","urlTemplate":"https:\/\/gebnout.fr\/?s={search_term_string}"},"query-input":"required name=search_term_string"}],"inLanguage":"fr-FR"},{"@type":"Organization","@id":"https:\/\/gebnout.fr\/#organization","name":"Geb Nout","url":"https:\/\/gebnout.fr\/","logo":{"@type":"ImageObject","inLanguage":"fr-FR","@id":"https:\/\/gebnout.fr\/#\/schema\/logo\/image\/","url":"https:\/\/i0.wp.com\/gebnout.fr\/wp-content\/uploads\/2023\/04\/bourgeon-cassis-e1708104877110.png?fit=100%2C114&ssl=1","contentUrl":"https:\/\/i0.wp.com\/gebnout.fr\/wp-content\/uploads\/2023\/04\/bourgeon-cassis-e1708104877110.png?fit=100%2C114&ssl=1","width":100,"height":114,"caption":"Geb Nout"},"image":{"@id":"https:\/\/gebnout.fr\/#\/schema\/logo\/image\/"}}]}},"jetpack_sharing_enabled":true,"_links":{"self":[{"href":"https:\/\/gebnout.fr\/index.php\/wp-json\/wp\/v2\/product\/3003"}],"collection":[{"href":"https:\/\/gebnout.fr\/index.php\/wp-json\/wp\/v2\/product"}],"about":[{"href":"https:\/\/gebnout.fr\/index.php\/wp-json\/wp\/v2\/types\/product"}],"replies":[{"embeddable":true,"href":"https:\/\/gebnout.fr\/index.php\/wp-json\/wp\/v2\/comments?post=3003"}],"version-history":[{"count":1,"href":"https:\/\/gebnout.fr\/index.php\/wp-json\/wp\/v2\/product\/3003\/revisions"}],"predecessor-version":[{"id":3004,"href":"https:\/\/gebnout.fr\/index.php\/wp-json\/wp\/v2\/product\/3003\/revisions\/3004"}],"wp:attachment":[{"href":"https:\/\/gebnout.fr\/index.php\/wp-json\/wp\/v2\/media?parent=3003"}],"wp:term":[{"taxonomy":"product_cat","embeddable":true,"href":"https:\/\/gebnout.fr\/index.php\/wp-json\/wp\/v2\/product_cat?post=3003"},{"taxonomy":"product_tag","embeddable":true,"href":"https:\/\/gebnout.fr\/index.php\/wp-json\/wp\/v2\/product_tag?post=3003"}],"curies":[{"name":"wp","href":"https:\/\/api.w.org\/{rel}","templated":true}]}}