{"id":3007,"date":"2021-10-28T18:05:09","date_gmt":"2021-10-28T16:05:09","guid":{"rendered":"https:\/\/racines.ovh\/?post_type=product&#038;p=3007"},"modified":"2023-01-09T09:52:49","modified_gmt":"2023-01-09T08:52:49","slug":"elixgem-complexe-circulation","status":"publish","type":"product","link":"https:\/\/gebnout.fr\/index.php\/produit\/elixgem-complexe-circulation\/","title":{"rendered":"Elixgem complexe CIRCULATION"},"content":{"rendered":"<p><em>Nous vous proposons\u00a0<strong>ELIXGEM<\/strong>, une gamme de compl\u00e9ments alimentaires dilu\u00e9s et dynamis\u00e9s, inspir\u00e9e de la gemmoth\u00e9rapie et de la phytoembryoth\u00e9rapie de Pol Henry. Ces \u00e9lixirs sont enrichis d&#8217;une information vibratoire.<\/em><\/p>\n<p><em>Nous vous proposons des flacons en verre teint\u00e9e de 30 ml.<\/em><\/p>\n<p><em>La qualit\u00e9 est au centre de nos pr\u00e9occupations. Pour cette raison nous utilisons\u00a0<\/em><em>dans l&#8217;\u00e9laboration de nos\u00a0<\/em><strong><em>ELIXGEMs<\/em><\/strong><em>\u00a0une eau de source dynamis\u00e9e, un alcool de raisin en biodynamie et\u00a0<\/em><em>du<\/em><em>\u00a0sirop d&#8217;agave d&#8217;origine biologique.<\/em><\/p>\n<p>A la cueillette, z\u00e9ro temps d&#8217;attente. Les bourgeons sont cueillis, pes\u00e9s et mis en mac\u00e9ration directement dans les flacons contenant la base d&#8217;extraction, que nous emmenons sur le lieu de cueillette.<\/p>\n<p>Ces mac\u00e9rats m\u00e8res de bourgeons sont dynamis\u00e9s manuellement chaque jour pendant 3 \u00e0 4 semaines avant d&#8217;\u00eatre extraits, dilu\u00e9s au 1\/10 et \u00e0 nouveau dynamis\u00e9s.<\/p>\n<p><strong>Nos ELIXGEMs complexes<\/strong>, sont faciles d&#8217;emploi avec un tropisme majeur. Les noms des ELIXGEMs vous guideront facilement vers celui qu&#8217;il vous faut selon vos soucis du moment.<\/p>\n<p><strong>La composition de chaque ELIXGEM complexe peut \u00e9voluer selon les ann\u00e9es de r\u00e9colte et les p\u00e9riodes de l&#8217;ann\u00e9e.<\/strong><\/p>\n<p><em>Nous nous trouvons dans l&#8217;obligation de retirer les indications et les rayons d&#8217;action pourtant connus et reconnus cit\u00e9s par des auteurs qui \u00e9ditent et vendent librement des ouvrages relatifs \u00e0 ces recherches, selon la l\u00e9gislation fran\u00e7aise.<\/em><\/p>\n<p><em><a href=\"https:\/\/www.syndicat-simples.org\/wp-content\/uploads\/2019\/10\/AS-EnAttente_22042014_triees_simples.pdf\">La liste des all\u00e9gations de sant\u00e9 en attente<\/a>\u00a0met en avant les propri\u00e9t\u00e9s que nous avons le droit de communiquer sur notre site commercial. Pour toute question compl\u00e9mentaire, n&#8217;h\u00e9sitez pas \u00e0 nous appeler.<\/em><\/p>\n","protected":false},"excerpt":{"rendered":"<p><strong>Quantit\u00e9 : 30ml<\/strong><\/p>\n<p><strong>chataigner\/noisetier\/ortie<\/strong><\/p>\n<p>Soulage les maux de t\u00eate, action d\u00e9purative. Le ch\u00e2taignier et l\u2019ortie soutiennent la circulation. Le noisetier contribue \u00e0 r\u00e9duire l\u2019inflammation des parois vasculaires.\u00a0Cf :\u00a0<a href=\"https:\/\/www.syndicat-simples.org\/wp-content\/uploads\/2019\/10\/AS-EnAttente_22042014_triees_simples.pdf\">all\u00e9gations de sant\u00e9 en attente<\/a>.<\/p>\n<p>Mode d&#8217;utilisation : prendre 20 gttes dans un demi verre d&#8217;eau 1 \u00e0 2 fois\/jour<\/p>\n<p><em>Tenir \u00e0 l&#8217;abri de la lumi\u00e8re. Ceci n&#8217;est pas un m\u00e9dicament. Tenir hors de port\u00e9e des enfants. Ne peut se substituer \u00e0 un r\u00e9gime alimentaire vari\u00e9 et \u00e9quilibr\u00e9. Ne pas d\u00e9passer la dose journali\u00e9re.<\/em><\/p>\n","protected":false},"featured_media":2812,"comment_status":"open","ping_status":"closed","template":"","meta":{"neve_meta_sidebar":"","neve_meta_container":"contained","neve_meta_enable_content_width":"off","neve_meta_content_width":100,"neve_meta_title_alignment":"","neve_meta_author_avatar":"","neve_post_elements_order":"","neve_meta_disable_header":"","neve_meta_disable_footer":"","neve_meta_disable_title":"","_ti_tpc_template_sync":false,"_ti_tpc_template_id":""},"product_cat":[40],"product_tag":[],"yoast_head":"<!-- This site is optimized with the Yoast SEO plugin v22.6 - https:\/\/yoast.com\/wordpress\/plugins\/seo\/ -->\n<title>Elixgem complexe CIRCULATION<\/title>\n<meta name=\"description\" content=\"ELIXGEM, une gamme de compl\u00e9ments alimentaires dilu\u00e9s et dynamis\u00e9s, inspir\u00e9e de la gemmoth\u00e9rapie et de la phytoembryoth\u00e9rapie de Pol Henry.\" \/>\n<meta name=\"robots\" content=\"index, follow, max-snippet:-1, max-image-preview:large, max-video-preview:-1\" \/>\n<link rel=\"canonical\" href=\"https:\/\/gebnout.fr\/index.php\/produit\/elixgem-complexe-circulation\/\" \/>\n<meta property=\"og:locale\" content=\"fr_FR\" \/>\n<meta property=\"og:type\" content=\"article\" \/>\n<meta property=\"og:title\" content=\"Elixgem complexe CIRCULATION\" \/>\n<meta property=\"og:description\" content=\"ELIXGEM, une gamme de compl\u00e9ments alimentaires dilu\u00e9s et dynamis\u00e9s, inspir\u00e9e de la gemmoth\u00e9rapie et de la phytoembryoth\u00e9rapie de Pol Henry.\" \/>\n<meta property=\"og:url\" content=\"https:\/\/gebnout.fr\/index.php\/produit\/elixgem-complexe-circulation\/\" \/>\n<meta property=\"og:site_name\" content=\"Geb Nout\" \/>\n<meta property=\"article:modified_time\" content=\"2023-01-09T08:52:49+00:00\" \/>\n<meta property=\"og:image\" content=\"https:\/\/gebnout.fr\/wp-content\/uploads\/2021\/10\/gemmo-complexe-circulation-scaled.jpg\" \/>\n\t<meta property=\"og:image:width\" content=\"1564\" \/>\n\t<meta property=\"og:image:height\" content=\"2560\" \/>\n\t<meta property=\"og:image:type\" content=\"image\/jpeg\" \/>\n<meta name=\"twitter:card\" content=\"summary_large_image\" \/>\n<meta name=\"twitter:label1\" content=\"Dur\u00e9e de lecture estim\u00e9e\" \/>\n\t<meta name=\"twitter:data1\" content=\"1 minute\" \/>\n<script type=\"application\/ld+json\" class=\"yoast-schema-graph\">{\"@context\":\"https:\/\/schema.org\",\"@graph\":[{\"@type\":\"WebPage\",\"@id\":\"https:\/\/gebnout.fr\/index.php\/produit\/elixgem-complexe-circulation\/\",\"url\":\"https:\/\/gebnout.fr\/index.php\/produit\/elixgem-complexe-circulation\/\",\"name\":\"Elixgem complexe CIRCULATION\",\"isPartOf\":{\"@id\":\"https:\/\/gebnout.fr\/#website\"},\"primaryImageOfPage\":{\"@id\":\"https:\/\/gebnout.fr\/index.php\/produit\/elixgem-complexe-circulation\/#primaryimage\"},\"image\":{\"@id\":\"https:\/\/gebnout.fr\/index.php\/produit\/elixgem-complexe-circulation\/#primaryimage\"},\"thumbnailUrl\":\"https:\/\/i0.wp.com\/gebnout.fr\/wp-content\/uploads\/2021\/10\/gemmo-complexe-circulation-scaled.jpg?fit=1564%2C2560&ssl=1\",\"datePublished\":\"2021-10-28T16:05:09+00:00\",\"dateModified\":\"2023-01-09T08:52:49+00:00\",\"description\":\"ELIXGEM, une gamme de compl\u00e9ments alimentaires dilu\u00e9s et dynamis\u00e9s, inspir\u00e9e de la gemmoth\u00e9rapie et de la phytoembryoth\u00e9rapie de Pol Henry.\",\"breadcrumb\":{\"@id\":\"https:\/\/gebnout.fr\/index.php\/produit\/elixgem-complexe-circulation\/#breadcrumb\"},\"inLanguage\":\"fr-FR\",\"potentialAction\":[{\"@type\":\"ReadAction\",\"target\":[\"https:\/\/gebnout.fr\/index.php\/produit\/elixgem-complexe-circulation\/\"]}]},{\"@type\":\"ImageObject\",\"inLanguage\":\"fr-FR\",\"@id\":\"https:\/\/gebnout.fr\/index.php\/produit\/elixgem-complexe-circulation\/#primaryimage\",\"url\":\"https:\/\/i0.wp.com\/gebnout.fr\/wp-content\/uploads\/2021\/10\/gemmo-complexe-circulation-scaled.jpg?fit=1564%2C2560&ssl=1\",\"contentUrl\":\"https:\/\/i0.wp.com\/gebnout.fr\/wp-content\/uploads\/2021\/10\/gemmo-complexe-circulation-scaled.jpg?fit=1564%2C2560&ssl=1\",\"width\":1564,\"height\":2560},{\"@type\":\"BreadcrumbList\",\"@id\":\"https:\/\/gebnout.fr\/index.php\/produit\/elixgem-complexe-circulation\/#breadcrumb\",\"itemListElement\":[{\"@type\":\"ListItem\",\"position\":1,\"name\":\"Accueil\",\"item\":\"https:\/\/gebnout.fr\/\"},{\"@type\":\"ListItem\",\"position\":2,\"name\":\"Boutique\",\"item\":\"https:\/\/gebnout.fr\/index.php\/boutique\/\"},{\"@type\":\"ListItem\",\"position\":3,\"name\":\"Elixgem complexe CIRCULATION\"}]},{\"@type\":\"WebSite\",\"@id\":\"https:\/\/gebnout.fr\/#website\",\"url\":\"https:\/\/gebnout.fr\/\",\"name\":\"Geb Nout\",\"description\":\"Passeur de v\u00e9g\u00e9taux\",\"publisher\":{\"@id\":\"https:\/\/gebnout.fr\/#organization\"},\"potentialAction\":[{\"@type\":\"SearchAction\",\"target\":{\"@type\":\"EntryPoint\",\"urlTemplate\":\"https:\/\/gebnout.fr\/?s={search_term_string}\"},\"query-input\":\"required name=search_term_string\"}],\"inLanguage\":\"fr-FR\"},{\"@type\":\"Organization\",\"@id\":\"https:\/\/gebnout.fr\/#organization\",\"name\":\"Geb Nout\",\"url\":\"https:\/\/gebnout.fr\/\",\"logo\":{\"@type\":\"ImageObject\",\"inLanguage\":\"fr-FR\",\"@id\":\"https:\/\/gebnout.fr\/#\/schema\/logo\/image\/\",\"url\":\"https:\/\/i0.wp.com\/gebnout.fr\/wp-content\/uploads\/2023\/04\/bourgeon-cassis-e1708104877110.png?fit=100%2C114&ssl=1\",\"contentUrl\":\"https:\/\/i0.wp.com\/gebnout.fr\/wp-content\/uploads\/2023\/04\/bourgeon-cassis-e1708104877110.png?fit=100%2C114&ssl=1\",\"width\":100,\"height\":114,\"caption\":\"Geb Nout\"},\"image\":{\"@id\":\"https:\/\/gebnout.fr\/#\/schema\/logo\/image\/\"}}]}<\/script>\n<!-- \/ Yoast SEO plugin. -->","yoast_head_json":{"title":"Elixgem complexe CIRCULATION","description":"ELIXGEM, une gamme de compl\u00e9ments alimentaires dilu\u00e9s et dynamis\u00e9s, inspir\u00e9e de la gemmoth\u00e9rapie et de la phytoembryoth\u00e9rapie de Pol Henry.","robots":{"index":"index","follow":"follow","max-snippet":"max-snippet:-1","max-image-preview":"max-image-preview:large","max-video-preview":"max-video-preview:-1"},"canonical":"https:\/\/gebnout.fr\/index.php\/produit\/elixgem-complexe-circulation\/","og_locale":"fr_FR","og_type":"article","og_title":"Elixgem complexe CIRCULATION","og_description":"ELIXGEM, une gamme de compl\u00e9ments alimentaires dilu\u00e9s et dynamis\u00e9s, inspir\u00e9e de la gemmoth\u00e9rapie et de la phytoembryoth\u00e9rapie de Pol Henry.","og_url":"https:\/\/gebnout.fr\/index.php\/produit\/elixgem-complexe-circulation\/","og_site_name":"Geb Nout","article_modified_time":"2023-01-09T08:52:49+00:00","og_image":[{"width":1564,"height":2560,"url":"https:\/\/gebnout.fr\/wp-content\/uploads\/2021\/10\/gemmo-complexe-circulation-scaled.jpg","type":"image\/jpeg"}],"twitter_card":"summary_large_image","twitter_misc":{"Dur\u00e9e de lecture estim\u00e9e":"1 minute"},"schema":{"@context":"https:\/\/schema.org","@graph":[{"@type":"WebPage","@id":"https:\/\/gebnout.fr\/index.php\/produit\/elixgem-complexe-circulation\/","url":"https:\/\/gebnout.fr\/index.php\/produit\/elixgem-complexe-circulation\/","name":"Elixgem complexe CIRCULATION","isPartOf":{"@id":"https:\/\/gebnout.fr\/#website"},"primaryImageOfPage":{"@id":"https:\/\/gebnout.fr\/index.php\/produit\/elixgem-complexe-circulation\/#primaryimage"},"image":{"@id":"https:\/\/gebnout.fr\/index.php\/produit\/elixgem-complexe-circulation\/#primaryimage"},"thumbnailUrl":"https:\/\/i0.wp.com\/gebnout.fr\/wp-content\/uploads\/2021\/10\/gemmo-complexe-circulation-scaled.jpg?fit=1564%2C2560&ssl=1","datePublished":"2021-10-28T16:05:09+00:00","dateModified":"2023-01-09T08:52:49+00:00","description":"ELIXGEM, une gamme de compl\u00e9ments alimentaires dilu\u00e9s et dynamis\u00e9s, inspir\u00e9e de la gemmoth\u00e9rapie et de la phytoembryoth\u00e9rapie de Pol Henry.","breadcrumb":{"@id":"https:\/\/gebnout.fr\/index.php\/produit\/elixgem-complexe-circulation\/#breadcrumb"},"inLanguage":"fr-FR","potentialAction":[{"@type":"ReadAction","target":["https:\/\/gebnout.fr\/index.php\/produit\/elixgem-complexe-circulation\/"]}]},{"@type":"ImageObject","inLanguage":"fr-FR","@id":"https:\/\/gebnout.fr\/index.php\/produit\/elixgem-complexe-circulation\/#primaryimage","url":"https:\/\/i0.wp.com\/gebnout.fr\/wp-content\/uploads\/2021\/10\/gemmo-complexe-circulation-scaled.jpg?fit=1564%2C2560&ssl=1","contentUrl":"https:\/\/i0.wp.com\/gebnout.fr\/wp-content\/uploads\/2021\/10\/gemmo-complexe-circulation-scaled.jpg?fit=1564%2C2560&ssl=1","width":1564,"height":2560},{"@type":"BreadcrumbList","@id":"https:\/\/gebnout.fr\/index.php\/produit\/elixgem-complexe-circulation\/#breadcrumb","itemListElement":[{"@type":"ListItem","position":1,"name":"Accueil","item":"https:\/\/gebnout.fr\/"},{"@type":"ListItem","position":2,"name":"Boutique","item":"https:\/\/gebnout.fr\/index.php\/boutique\/"},{"@type":"ListItem","position":3,"name":"Elixgem complexe CIRCULATION"}]},{"@type":"WebSite","@id":"https:\/\/gebnout.fr\/#website","url":"https:\/\/gebnout.fr\/","name":"Geb Nout","description":"Passeur de v\u00e9g\u00e9taux","publisher":{"@id":"https:\/\/gebnout.fr\/#organization"},"potentialAction":[{"@type":"SearchAction","target":{"@type":"EntryPoint","urlTemplate":"https:\/\/gebnout.fr\/?s={search_term_string}"},"query-input":"required name=search_term_string"}],"inLanguage":"fr-FR"},{"@type":"Organization","@id":"https:\/\/gebnout.fr\/#organization","name":"Geb Nout","url":"https:\/\/gebnout.fr\/","logo":{"@type":"ImageObject","inLanguage":"fr-FR","@id":"https:\/\/gebnout.fr\/#\/schema\/logo\/image\/","url":"https:\/\/i0.wp.com\/gebnout.fr\/wp-content\/uploads\/2023\/04\/bourgeon-cassis-e1708104877110.png?fit=100%2C114&ssl=1","contentUrl":"https:\/\/i0.wp.com\/gebnout.fr\/wp-content\/uploads\/2023\/04\/bourgeon-cassis-e1708104877110.png?fit=100%2C114&ssl=1","width":100,"height":114,"caption":"Geb Nout"},"image":{"@id":"https:\/\/gebnout.fr\/#\/schema\/logo\/image\/"}}]}},"jetpack_sharing_enabled":true,"_links":{"self":[{"href":"https:\/\/gebnout.fr\/index.php\/wp-json\/wp\/v2\/product\/3007"}],"collection":[{"href":"https:\/\/gebnout.fr\/index.php\/wp-json\/wp\/v2\/product"}],"about":[{"href":"https:\/\/gebnout.fr\/index.php\/wp-json\/wp\/v2\/types\/product"}],"replies":[{"embeddable":true,"href":"https:\/\/gebnout.fr\/index.php\/wp-json\/wp\/v2\/comments?post=3007"}],"version-history":[{"count":4,"href":"https:\/\/gebnout.fr\/index.php\/wp-json\/wp\/v2\/product\/3007\/revisions"}],"predecessor-version":[{"id":4200,"href":"https:\/\/gebnout.fr\/index.php\/wp-json\/wp\/v2\/product\/3007\/revisions\/4200"}],"wp:featuredmedia":[{"embeddable":true,"href":"https:\/\/gebnout.fr\/index.php\/wp-json\/wp\/v2\/media\/2812"}],"wp:attachment":[{"href":"https:\/\/gebnout.fr\/index.php\/wp-json\/wp\/v2\/media?parent=3007"}],"wp:term":[{"taxonomy":"product_cat","embeddable":true,"href":"https:\/\/gebnout.fr\/index.php\/wp-json\/wp\/v2\/product_cat?post=3007"},{"taxonomy":"product_tag","embeddable":true,"href":"https:\/\/gebnout.fr\/index.php\/wp-json\/wp\/v2\/product_tag?post=3007"}],"curies":[{"name":"wp","href":"https:\/\/api.w.org\/{rel}","templated":true}]}}