{"id":3059,"date":"2021-10-28T19:30:03","date_gmt":"2021-10-28T17:30:03","guid":{"rendered":"https:\/\/racines.ovh\/?post_type=product&#038;p=3059"},"modified":"2023-10-28T15:21:17","modified_gmt":"2023-10-28T13:21:17","slug":"hydrolat-confort-vitalite","status":"publish","type":"product","link":"https:\/\/gebnout.fr\/index.php\/produit\/hydrolat-confort-vitalite\/","title":{"rendered":"hydrolat Confort VITALIT\u00c9"},"content":{"rendered":"<p>De tout temps les plantes accompagnent l&#8217;homme pour l&#8217;assister au quotidien.<\/p>\n<p>Les\u00a0<strong>hydrolats<\/strong>\u00a0sont un moyen simple d&#8217;avoir acc\u00e8s aux saveurs et bienfaits des plantes.<\/p>\n<p>Issus de nos cultures et de nos distillations par vapeur d&#8217;eau.<\/p>\n<p>&nbsp;<\/p>\n<p><strong>Nos hydrolats complexes pr\u00e9paration pour boisson<\/strong>, sont faciles d&#8217;emploi avec un tropisme majeur, vous trouverez plus facilement selon vos soucis du moment.<\/p>\n<p><strong>La composition de chaque hydrolat complexe peut \u00e9voluer selon les ann\u00e9es de r\u00e9colte et les p\u00e9riodes de l&#8217;ann\u00e9e.<\/strong><\/p>\n<p><em>A titre indicatif, conseil d&#8217;utilisation moyenne pour un adulte 1 c \u00e0 c dans un verre d&#8217;eau 1 \u00e0 2 fois par jour.<\/em><\/p>\n<p><em>Les propri\u00e9t\u00e9s sont donn\u00e9es \u00e0 titre indicatif et en r\u00e9f\u00e9rence \u00e0 des auteurs reconnus .<\/em><br \/>\n<em>Ces propri\u00e9t\u00e9s sont donn\u00e9es de mani\u00e8re informative et ne sauraient en aucun cas constituer une<\/em><br \/>\n<em>information m\u00e9dicale, ni engager notre responsabilit\u00e9, cela ne dispense en aucun cas l\u2019avis d\u2019un<\/em><br \/>\n<em>th\u00e9rapeute qualifi\u00e9, indispensable dans l\u2019\u00e9tablissement d\u2019un diagnostique.<\/em><\/p>\n","protected":false},"excerpt":{"rendered":"<p><strong>Quantit\u00e9 : 200ml<\/strong><\/p>\n<p>Thym off\/hysope\/sauge off\/origan\/ortie\/lavande\/pin<\/p>\n<p>Afin de retrouver un dynamisme joyeux<\/p>\n","protected":false},"featured_media":2818,"comment_status":"open","ping_status":"closed","template":"","meta":{"neve_meta_sidebar":"","neve_meta_container":"contained","neve_meta_enable_content_width":"off","neve_meta_content_width":100,"neve_meta_title_alignment":"","neve_meta_author_avatar":"","neve_post_elements_order":"","neve_meta_disable_header":"","neve_meta_disable_footer":"","neve_meta_disable_title":"","_ti_tpc_template_sync":false,"_ti_tpc_template_id":""},"product_cat":[41],"product_tag":[],"yoast_head":"<!-- This site is optimized with the Yoast SEO plugin v22.6 - https:\/\/yoast.com\/wordpress\/plugins\/seo\/ -->\n<title>hydrolat Confort VITALIT\u00c9<\/title>\n<meta name=\"description\" content=\"Les hydrolats sont un moyen simple d&#039;avoir acc\u00e8s aux saveurs et bienfaits des plantes. Issus de nos cultures et de nos distillations.\" \/>\n<meta name=\"robots\" content=\"index, follow, max-snippet:-1, max-image-preview:large, max-video-preview:-1\" \/>\n<link rel=\"canonical\" href=\"https:\/\/gebnout.fr\/index.php\/produit\/hydrolat-confort-vitalite\/\" \/>\n<meta property=\"og:locale\" content=\"fr_FR\" \/>\n<meta property=\"og:type\" content=\"article\" \/>\n<meta property=\"og:title\" content=\"hydrolat Confort VITALIT\u00c9\" \/>\n<meta property=\"og:description\" content=\"Les hydrolats sont un moyen simple d&#039;avoir acc\u00e8s aux saveurs et bienfaits des plantes. Issus de nos cultures et de nos distillations.\" \/>\n<meta property=\"og:url\" content=\"https:\/\/gebnout.fr\/index.php\/produit\/hydrolat-confort-vitalite\/\" \/>\n<meta property=\"og:site_name\" content=\"Geb Nout\" \/>\n<meta property=\"article:modified_time\" content=\"2023-10-28T13:21:17+00:00\" \/>\n<meta property=\"og:image\" content=\"https:\/\/gebnout.fr\/wp-content\/uploads\/2021\/10\/hydrolat-complexe-vitalite-scaled.jpg\" \/>\n\t<meta property=\"og:image:width\" content=\"1603\" \/>\n\t<meta property=\"og:image:height\" content=\"2560\" \/>\n\t<meta property=\"og:image:type\" content=\"image\/jpeg\" \/>\n<meta name=\"twitter:card\" content=\"summary_large_image\" \/>\n<meta name=\"twitter:label1\" content=\"Dur\u00e9e de lecture estim\u00e9e\" \/>\n\t<meta name=\"twitter:data1\" content=\"1 minute\" \/>\n<script type=\"application\/ld+json\" class=\"yoast-schema-graph\">{\"@context\":\"https:\/\/schema.org\",\"@graph\":[{\"@type\":\"WebPage\",\"@id\":\"https:\/\/gebnout.fr\/index.php\/produit\/hydrolat-confort-vitalite\/\",\"url\":\"https:\/\/gebnout.fr\/index.php\/produit\/hydrolat-confort-vitalite\/\",\"name\":\"hydrolat Confort VITALIT\u00c9\",\"isPartOf\":{\"@id\":\"https:\/\/gebnout.fr\/#website\"},\"primaryImageOfPage\":{\"@id\":\"https:\/\/gebnout.fr\/index.php\/produit\/hydrolat-confort-vitalite\/#primaryimage\"},\"image\":{\"@id\":\"https:\/\/gebnout.fr\/index.php\/produit\/hydrolat-confort-vitalite\/#primaryimage\"},\"thumbnailUrl\":\"https:\/\/i0.wp.com\/gebnout.fr\/wp-content\/uploads\/2021\/10\/hydrolat-complexe-vitalite-scaled.jpg?fit=1603%2C2560&ssl=1\",\"datePublished\":\"2021-10-28T17:30:03+00:00\",\"dateModified\":\"2023-10-28T13:21:17+00:00\",\"description\":\"Les hydrolats sont un moyen simple d'avoir acc\u00e8s aux saveurs et bienfaits des plantes. Issus de nos cultures et de nos distillations.\",\"breadcrumb\":{\"@id\":\"https:\/\/gebnout.fr\/index.php\/produit\/hydrolat-confort-vitalite\/#breadcrumb\"},\"inLanguage\":\"fr-FR\",\"potentialAction\":[{\"@type\":\"ReadAction\",\"target\":[\"https:\/\/gebnout.fr\/index.php\/produit\/hydrolat-confort-vitalite\/\"]}]},{\"@type\":\"ImageObject\",\"inLanguage\":\"fr-FR\",\"@id\":\"https:\/\/gebnout.fr\/index.php\/produit\/hydrolat-confort-vitalite\/#primaryimage\",\"url\":\"https:\/\/i0.wp.com\/gebnout.fr\/wp-content\/uploads\/2021\/10\/hydrolat-complexe-vitalite-scaled.jpg?fit=1603%2C2560&ssl=1\",\"contentUrl\":\"https:\/\/i0.wp.com\/gebnout.fr\/wp-content\/uploads\/2021\/10\/hydrolat-complexe-vitalite-scaled.jpg?fit=1603%2C2560&ssl=1\",\"width\":1603,\"height\":2560},{\"@type\":\"BreadcrumbList\",\"@id\":\"https:\/\/gebnout.fr\/index.php\/produit\/hydrolat-confort-vitalite\/#breadcrumb\",\"itemListElement\":[{\"@type\":\"ListItem\",\"position\":1,\"name\":\"Accueil\",\"item\":\"https:\/\/gebnout.fr\/\"},{\"@type\":\"ListItem\",\"position\":2,\"name\":\"Boutique\",\"item\":\"https:\/\/gebnout.fr\/index.php\/boutique\/\"},{\"@type\":\"ListItem\",\"position\":3,\"name\":\"hydrolat Confort VITALIT\u00c9\"}]},{\"@type\":\"WebSite\",\"@id\":\"https:\/\/gebnout.fr\/#website\",\"url\":\"https:\/\/gebnout.fr\/\",\"name\":\"Geb Nout\",\"description\":\"Passeur de v\u00e9g\u00e9taux\",\"publisher\":{\"@id\":\"https:\/\/gebnout.fr\/#organization\"},\"potentialAction\":[{\"@type\":\"SearchAction\",\"target\":{\"@type\":\"EntryPoint\",\"urlTemplate\":\"https:\/\/gebnout.fr\/?s={search_term_string}\"},\"query-input\":\"required name=search_term_string\"}],\"inLanguage\":\"fr-FR\"},{\"@type\":\"Organization\",\"@id\":\"https:\/\/gebnout.fr\/#organization\",\"name\":\"Geb Nout\",\"url\":\"https:\/\/gebnout.fr\/\",\"logo\":{\"@type\":\"ImageObject\",\"inLanguage\":\"fr-FR\",\"@id\":\"https:\/\/gebnout.fr\/#\/schema\/logo\/image\/\",\"url\":\"https:\/\/i0.wp.com\/gebnout.fr\/wp-content\/uploads\/2023\/04\/bourgeon-cassis-e1708104877110.png?fit=100%2C114&ssl=1\",\"contentUrl\":\"https:\/\/i0.wp.com\/gebnout.fr\/wp-content\/uploads\/2023\/04\/bourgeon-cassis-e1708104877110.png?fit=100%2C114&ssl=1\",\"width\":100,\"height\":114,\"caption\":\"Geb Nout\"},\"image\":{\"@id\":\"https:\/\/gebnout.fr\/#\/schema\/logo\/image\/\"}}]}<\/script>\n<!-- \/ Yoast SEO plugin. -->","yoast_head_json":{"title":"hydrolat Confort VITALIT\u00c9","description":"Les hydrolats sont un moyen simple d'avoir acc\u00e8s aux saveurs et bienfaits des plantes. Issus de nos cultures et de nos distillations.","robots":{"index":"index","follow":"follow","max-snippet":"max-snippet:-1","max-image-preview":"max-image-preview:large","max-video-preview":"max-video-preview:-1"},"canonical":"https:\/\/gebnout.fr\/index.php\/produit\/hydrolat-confort-vitalite\/","og_locale":"fr_FR","og_type":"article","og_title":"hydrolat Confort VITALIT\u00c9","og_description":"Les hydrolats sont un moyen simple d'avoir acc\u00e8s aux saveurs et bienfaits des plantes. Issus de nos cultures et de nos distillations.","og_url":"https:\/\/gebnout.fr\/index.php\/produit\/hydrolat-confort-vitalite\/","og_site_name":"Geb Nout","article_modified_time":"2023-10-28T13:21:17+00:00","og_image":[{"width":1603,"height":2560,"url":"https:\/\/gebnout.fr\/wp-content\/uploads\/2021\/10\/hydrolat-complexe-vitalite-scaled.jpg","type":"image\/jpeg"}],"twitter_card":"summary_large_image","twitter_misc":{"Dur\u00e9e de lecture estim\u00e9e":"1 minute"},"schema":{"@context":"https:\/\/schema.org","@graph":[{"@type":"WebPage","@id":"https:\/\/gebnout.fr\/index.php\/produit\/hydrolat-confort-vitalite\/","url":"https:\/\/gebnout.fr\/index.php\/produit\/hydrolat-confort-vitalite\/","name":"hydrolat Confort VITALIT\u00c9","isPartOf":{"@id":"https:\/\/gebnout.fr\/#website"},"primaryImageOfPage":{"@id":"https:\/\/gebnout.fr\/index.php\/produit\/hydrolat-confort-vitalite\/#primaryimage"},"image":{"@id":"https:\/\/gebnout.fr\/index.php\/produit\/hydrolat-confort-vitalite\/#primaryimage"},"thumbnailUrl":"https:\/\/i0.wp.com\/gebnout.fr\/wp-content\/uploads\/2021\/10\/hydrolat-complexe-vitalite-scaled.jpg?fit=1603%2C2560&ssl=1","datePublished":"2021-10-28T17:30:03+00:00","dateModified":"2023-10-28T13:21:17+00:00","description":"Les hydrolats sont un moyen simple d'avoir acc\u00e8s aux saveurs et bienfaits des plantes. Issus de nos cultures et de nos distillations.","breadcrumb":{"@id":"https:\/\/gebnout.fr\/index.php\/produit\/hydrolat-confort-vitalite\/#breadcrumb"},"inLanguage":"fr-FR","potentialAction":[{"@type":"ReadAction","target":["https:\/\/gebnout.fr\/index.php\/produit\/hydrolat-confort-vitalite\/"]}]},{"@type":"ImageObject","inLanguage":"fr-FR","@id":"https:\/\/gebnout.fr\/index.php\/produit\/hydrolat-confort-vitalite\/#primaryimage","url":"https:\/\/i0.wp.com\/gebnout.fr\/wp-content\/uploads\/2021\/10\/hydrolat-complexe-vitalite-scaled.jpg?fit=1603%2C2560&ssl=1","contentUrl":"https:\/\/i0.wp.com\/gebnout.fr\/wp-content\/uploads\/2021\/10\/hydrolat-complexe-vitalite-scaled.jpg?fit=1603%2C2560&ssl=1","width":1603,"height":2560},{"@type":"BreadcrumbList","@id":"https:\/\/gebnout.fr\/index.php\/produit\/hydrolat-confort-vitalite\/#breadcrumb","itemListElement":[{"@type":"ListItem","position":1,"name":"Accueil","item":"https:\/\/gebnout.fr\/"},{"@type":"ListItem","position":2,"name":"Boutique","item":"https:\/\/gebnout.fr\/index.php\/boutique\/"},{"@type":"ListItem","position":3,"name":"hydrolat Confort VITALIT\u00c9"}]},{"@type":"WebSite","@id":"https:\/\/gebnout.fr\/#website","url":"https:\/\/gebnout.fr\/","name":"Geb Nout","description":"Passeur de v\u00e9g\u00e9taux","publisher":{"@id":"https:\/\/gebnout.fr\/#organization"},"potentialAction":[{"@type":"SearchAction","target":{"@type":"EntryPoint","urlTemplate":"https:\/\/gebnout.fr\/?s={search_term_string}"},"query-input":"required name=search_term_string"}],"inLanguage":"fr-FR"},{"@type":"Organization","@id":"https:\/\/gebnout.fr\/#organization","name":"Geb Nout","url":"https:\/\/gebnout.fr\/","logo":{"@type":"ImageObject","inLanguage":"fr-FR","@id":"https:\/\/gebnout.fr\/#\/schema\/logo\/image\/","url":"https:\/\/i0.wp.com\/gebnout.fr\/wp-content\/uploads\/2023\/04\/bourgeon-cassis-e1708104877110.png?fit=100%2C114&ssl=1","contentUrl":"https:\/\/i0.wp.com\/gebnout.fr\/wp-content\/uploads\/2023\/04\/bourgeon-cassis-e1708104877110.png?fit=100%2C114&ssl=1","width":100,"height":114,"caption":"Geb Nout"},"image":{"@id":"https:\/\/gebnout.fr\/#\/schema\/logo\/image\/"}}]}},"jetpack_sharing_enabled":true,"_links":{"self":[{"href":"https:\/\/gebnout.fr\/index.php\/wp-json\/wp\/v2\/product\/3059"}],"collection":[{"href":"https:\/\/gebnout.fr\/index.php\/wp-json\/wp\/v2\/product"}],"about":[{"href":"https:\/\/gebnout.fr\/index.php\/wp-json\/wp\/v2\/types\/product"}],"replies":[{"embeddable":true,"href":"https:\/\/gebnout.fr\/index.php\/wp-json\/wp\/v2\/comments?post=3059"}],"version-history":[{"count":3,"href":"https:\/\/gebnout.fr\/index.php\/wp-json\/wp\/v2\/product\/3059\/revisions"}],"predecessor-version":[{"id":5539,"href":"https:\/\/gebnout.fr\/index.php\/wp-json\/wp\/v2\/product\/3059\/revisions\/5539"}],"wp:featuredmedia":[{"embeddable":true,"href":"https:\/\/gebnout.fr\/index.php\/wp-json\/wp\/v2\/media\/2818"}],"wp:attachment":[{"href":"https:\/\/gebnout.fr\/index.php\/wp-json\/wp\/v2\/media?parent=3059"}],"wp:term":[{"taxonomy":"product_cat","embeddable":true,"href":"https:\/\/gebnout.fr\/index.php\/wp-json\/wp\/v2\/product_cat?post=3059"},{"taxonomy":"product_tag","embeddable":true,"href":"https:\/\/gebnout.fr\/index.php\/wp-json\/wp\/v2\/product_tag?post=3059"}],"curies":[{"name":"wp","href":"https:\/\/api.w.org\/{rel}","templated":true}]}}