{"id":3079,"date":"2021-10-29T10:43:40","date_gmt":"2021-10-29T08:43:40","guid":{"rendered":"https:\/\/racines.ovh\/?post_type=product&#038;p=3079"},"modified":"2023-01-09T10:00:42","modified_gmt":"2023-01-09T09:00:42","slug":"elixir-feminitude-nouvelle-formule","status":"publish","type":"product","link":"https:\/\/gebnout.fr\/index.php\/produit\/elixir-feminitude-nouvelle-formule\/","title":{"rendered":"Elixir F\u00e9minitude (nouvelle formule)"},"content":{"rendered":"<p>Les\u00a0<strong>\u00e9lixirs floraux<\/strong>\u00a0sont un moyen simple d&#8217;\u00e9volution. Nos \u00e9lixirs sont sans alcool .<\/p>\n<p><em>Les propri\u00e9t\u00e9s sont donn\u00e9es \u00e0 titre indicatifs et en r\u00e9f\u00e9rence \u00e0 des auteurs reconnus .<\/em><br \/>\n<em>Ces propri\u00e9t\u00e9s sont donn\u00e9es de mani\u00e8re informative et ne sauraient en aucun cas constituer une<\/em><br \/>\n<em>information m\u00e9dicale, ni engager notre responsabilit\u00e9, cela ne dispense en aucun cas l\u2019avis d\u2019un<\/em><br \/>\n<em>th\u00e9rapeute qualifi\u00e9, indispensable dans l\u2019\u00e9tablissement d\u2019un diagnostique.<\/em><\/p>\n","protected":false},"excerpt":{"rendered":"<p><strong>Quantit\u00e9 : 30ml<\/strong><\/p>\n<p>Nous aide \u00e0 passer les \u00e9tapes de notre f\u00e9minin, de la pubert\u00e9 \u00e0 la m\u00e9nopause.<br \/>\nAxe n\u00b0 1 pubert\u00e9 : Mauve &#8211; Violette &#8211; Coquelicot<br \/>\nAxe n\u00b0 2 grossesse : Alchemille- Tilleul- Capucine<br \/>\nAxe n\u00b0 3 m\u00e9nopause : Framboisier- Achill\u00e9e &#8211; Nigelle<\/p>\n<p>A chaque \u00e9tape de notre vie de femme : pour nous aider autant sur un plan psychique que les d\u00e9sagr\u00e9ments<br \/>\nphysiques que l\u2019on rencontre.<\/p>\n","protected":false},"featured_media":3065,"comment_status":"open","ping_status":"closed","template":"","meta":{"neve_meta_sidebar":"","neve_meta_container":"contained","neve_meta_enable_content_width":"off","neve_meta_content_width":100,"neve_meta_title_alignment":"","neve_meta_author_avatar":"","neve_post_elements_order":"","neve_meta_disable_header":"","neve_meta_disable_footer":"","neve_meta_disable_title":"","_ti_tpc_template_sync":false,"_ti_tpc_template_id":""},"product_cat":[50],"product_tag":[],"yoast_head":"<!-- This site is optimized with the Yoast SEO plugin v22.6 - https:\/\/yoast.com\/wordpress\/plugins\/seo\/ -->\n<title>elixir-F\u00e9minitude (nouvelle formule)<\/title>\n<meta name=\"description\" content=\"Les\u00a0\u00e9lixirs floraux de Gebnout\u00a0sont un moyen simple d&#039;\u00e9volution. Nos \u00e9lixirs sont sans alcool. B\u00e9n\u00e9ficiez des vertus des plantes\" \/>\n<meta name=\"robots\" content=\"index, follow, max-snippet:-1, max-image-preview:large, max-video-preview:-1\" \/>\n<link rel=\"canonical\" href=\"https:\/\/gebnout.fr\/index.php\/produit\/elixir-feminitude-nouvelle-formule\/\" \/>\n<meta property=\"og:locale\" content=\"fr_FR\" \/>\n<meta property=\"og:type\" content=\"article\" \/>\n<meta property=\"og:title\" content=\"elixir-F\u00e9minitude (nouvelle formule)\" \/>\n<meta property=\"og:description\" content=\"Les\u00a0\u00e9lixirs floraux de Gebnout\u00a0sont un moyen simple d&#039;\u00e9volution. Nos \u00e9lixirs sont sans alcool. B\u00e9n\u00e9ficiez des vertus des plantes\" \/>\n<meta property=\"og:url\" content=\"https:\/\/gebnout.fr\/index.php\/produit\/elixir-feminitude-nouvelle-formule\/\" \/>\n<meta property=\"og:site_name\" content=\"Geb Nout\" \/>\n<meta property=\"article:modified_time\" content=\"2023-01-09T09:00:42+00:00\" \/>\n<meta property=\"og:image\" content=\"https:\/\/gebnout.fr\/wp-content\/uploads\/2021\/10\/carotte-sauvage-scaled.jpg\" \/>\n\t<meta property=\"og:image:width\" content=\"1920\" \/>\n\t<meta property=\"og:image:height\" content=\"2560\" \/>\n\t<meta property=\"og:image:type\" content=\"image\/jpeg\" \/>\n<meta name=\"twitter:card\" content=\"summary_large_image\" \/>\n<meta name=\"twitter:label1\" content=\"Dur\u00e9e de lecture estim\u00e9e\" \/>\n\t<meta name=\"twitter:data1\" content=\"1 minute\" \/>\n<script type=\"application\/ld+json\" class=\"yoast-schema-graph\">{\"@context\":\"https:\/\/schema.org\",\"@graph\":[{\"@type\":\"WebPage\",\"@id\":\"https:\/\/gebnout.fr\/index.php\/produit\/elixir-feminitude-nouvelle-formule\/\",\"url\":\"https:\/\/gebnout.fr\/index.php\/produit\/elixir-feminitude-nouvelle-formule\/\",\"name\":\"elixir-F\u00e9minitude (nouvelle formule)\",\"isPartOf\":{\"@id\":\"https:\/\/gebnout.fr\/#website\"},\"primaryImageOfPage\":{\"@id\":\"https:\/\/gebnout.fr\/index.php\/produit\/elixir-feminitude-nouvelle-formule\/#primaryimage\"},\"image\":{\"@id\":\"https:\/\/gebnout.fr\/index.php\/produit\/elixir-feminitude-nouvelle-formule\/#primaryimage\"},\"thumbnailUrl\":\"https:\/\/i0.wp.com\/gebnout.fr\/wp-content\/uploads\/2021\/10\/carotte-sauvage-scaled.jpg?fit=1920%2C2560&ssl=1\",\"datePublished\":\"2021-10-29T08:43:40+00:00\",\"dateModified\":\"2023-01-09T09:00:42+00:00\",\"description\":\"Les\u00a0\u00e9lixirs floraux de Gebnout\u00a0sont un moyen simple d'\u00e9volution. Nos \u00e9lixirs sont sans alcool. B\u00e9n\u00e9ficiez des vertus des plantes\",\"breadcrumb\":{\"@id\":\"https:\/\/gebnout.fr\/index.php\/produit\/elixir-feminitude-nouvelle-formule\/#breadcrumb\"},\"inLanguage\":\"fr-FR\",\"potentialAction\":[{\"@type\":\"ReadAction\",\"target\":[\"https:\/\/gebnout.fr\/index.php\/produit\/elixir-feminitude-nouvelle-formule\/\"]}]},{\"@type\":\"ImageObject\",\"inLanguage\":\"fr-FR\",\"@id\":\"https:\/\/gebnout.fr\/index.php\/produit\/elixir-feminitude-nouvelle-formule\/#primaryimage\",\"url\":\"https:\/\/i0.wp.com\/gebnout.fr\/wp-content\/uploads\/2021\/10\/carotte-sauvage-scaled.jpg?fit=1920%2C2560&ssl=1\",\"contentUrl\":\"https:\/\/i0.wp.com\/gebnout.fr\/wp-content\/uploads\/2021\/10\/carotte-sauvage-scaled.jpg?fit=1920%2C2560&ssl=1\",\"width\":1920,\"height\":2560},{\"@type\":\"BreadcrumbList\",\"@id\":\"https:\/\/gebnout.fr\/index.php\/produit\/elixir-feminitude-nouvelle-formule\/#breadcrumb\",\"itemListElement\":[{\"@type\":\"ListItem\",\"position\":1,\"name\":\"Accueil\",\"item\":\"https:\/\/gebnout.fr\/\"},{\"@type\":\"ListItem\",\"position\":2,\"name\":\"Boutique\",\"item\":\"https:\/\/gebnout.fr\/index.php\/boutique\/\"},{\"@type\":\"ListItem\",\"position\":3,\"name\":\"Elixir F\u00e9minitude (nouvelle formule)\"}]},{\"@type\":\"WebSite\",\"@id\":\"https:\/\/gebnout.fr\/#website\",\"url\":\"https:\/\/gebnout.fr\/\",\"name\":\"Geb Nout\",\"description\":\"Passeur de v\u00e9g\u00e9taux\",\"publisher\":{\"@id\":\"https:\/\/gebnout.fr\/#organization\"},\"potentialAction\":[{\"@type\":\"SearchAction\",\"target\":{\"@type\":\"EntryPoint\",\"urlTemplate\":\"https:\/\/gebnout.fr\/?s={search_term_string}\"},\"query-input\":\"required name=search_term_string\"}],\"inLanguage\":\"fr-FR\"},{\"@type\":\"Organization\",\"@id\":\"https:\/\/gebnout.fr\/#organization\",\"name\":\"Geb Nout\",\"url\":\"https:\/\/gebnout.fr\/\",\"logo\":{\"@type\":\"ImageObject\",\"inLanguage\":\"fr-FR\",\"@id\":\"https:\/\/gebnout.fr\/#\/schema\/logo\/image\/\",\"url\":\"https:\/\/i0.wp.com\/gebnout.fr\/wp-content\/uploads\/2023\/04\/bourgeon-cassis-e1708104877110.png?fit=100%2C114&ssl=1\",\"contentUrl\":\"https:\/\/i0.wp.com\/gebnout.fr\/wp-content\/uploads\/2023\/04\/bourgeon-cassis-e1708104877110.png?fit=100%2C114&ssl=1\",\"width\":100,\"height\":114,\"caption\":\"Geb Nout\"},\"image\":{\"@id\":\"https:\/\/gebnout.fr\/#\/schema\/logo\/image\/\"}}]}<\/script>\n<!-- \/ Yoast SEO plugin. -->","yoast_head_json":{"title":"elixir-F\u00e9minitude (nouvelle formule)","description":"Les\u00a0\u00e9lixirs floraux de Gebnout\u00a0sont un moyen simple d'\u00e9volution. Nos \u00e9lixirs sont sans alcool. B\u00e9n\u00e9ficiez des vertus des plantes","robots":{"index":"index","follow":"follow","max-snippet":"max-snippet:-1","max-image-preview":"max-image-preview:large","max-video-preview":"max-video-preview:-1"},"canonical":"https:\/\/gebnout.fr\/index.php\/produit\/elixir-feminitude-nouvelle-formule\/","og_locale":"fr_FR","og_type":"article","og_title":"elixir-F\u00e9minitude (nouvelle formule)","og_description":"Les\u00a0\u00e9lixirs floraux de Gebnout\u00a0sont un moyen simple d'\u00e9volution. Nos \u00e9lixirs sont sans alcool. B\u00e9n\u00e9ficiez des vertus des plantes","og_url":"https:\/\/gebnout.fr\/index.php\/produit\/elixir-feminitude-nouvelle-formule\/","og_site_name":"Geb Nout","article_modified_time":"2023-01-09T09:00:42+00:00","og_image":[{"width":1920,"height":2560,"url":"https:\/\/gebnout.fr\/wp-content\/uploads\/2021\/10\/carotte-sauvage-scaled.jpg","type":"image\/jpeg"}],"twitter_card":"summary_large_image","twitter_misc":{"Dur\u00e9e de lecture estim\u00e9e":"1 minute"},"schema":{"@context":"https:\/\/schema.org","@graph":[{"@type":"WebPage","@id":"https:\/\/gebnout.fr\/index.php\/produit\/elixir-feminitude-nouvelle-formule\/","url":"https:\/\/gebnout.fr\/index.php\/produit\/elixir-feminitude-nouvelle-formule\/","name":"elixir-F\u00e9minitude (nouvelle formule)","isPartOf":{"@id":"https:\/\/gebnout.fr\/#website"},"primaryImageOfPage":{"@id":"https:\/\/gebnout.fr\/index.php\/produit\/elixir-feminitude-nouvelle-formule\/#primaryimage"},"image":{"@id":"https:\/\/gebnout.fr\/index.php\/produit\/elixir-feminitude-nouvelle-formule\/#primaryimage"},"thumbnailUrl":"https:\/\/i0.wp.com\/gebnout.fr\/wp-content\/uploads\/2021\/10\/carotte-sauvage-scaled.jpg?fit=1920%2C2560&ssl=1","datePublished":"2021-10-29T08:43:40+00:00","dateModified":"2023-01-09T09:00:42+00:00","description":"Les\u00a0\u00e9lixirs floraux de Gebnout\u00a0sont un moyen simple d'\u00e9volution. Nos \u00e9lixirs sont sans alcool. B\u00e9n\u00e9ficiez des vertus des plantes","breadcrumb":{"@id":"https:\/\/gebnout.fr\/index.php\/produit\/elixir-feminitude-nouvelle-formule\/#breadcrumb"},"inLanguage":"fr-FR","potentialAction":[{"@type":"ReadAction","target":["https:\/\/gebnout.fr\/index.php\/produit\/elixir-feminitude-nouvelle-formule\/"]}]},{"@type":"ImageObject","inLanguage":"fr-FR","@id":"https:\/\/gebnout.fr\/index.php\/produit\/elixir-feminitude-nouvelle-formule\/#primaryimage","url":"https:\/\/i0.wp.com\/gebnout.fr\/wp-content\/uploads\/2021\/10\/carotte-sauvage-scaled.jpg?fit=1920%2C2560&ssl=1","contentUrl":"https:\/\/i0.wp.com\/gebnout.fr\/wp-content\/uploads\/2021\/10\/carotte-sauvage-scaled.jpg?fit=1920%2C2560&ssl=1","width":1920,"height":2560},{"@type":"BreadcrumbList","@id":"https:\/\/gebnout.fr\/index.php\/produit\/elixir-feminitude-nouvelle-formule\/#breadcrumb","itemListElement":[{"@type":"ListItem","position":1,"name":"Accueil","item":"https:\/\/gebnout.fr\/"},{"@type":"ListItem","position":2,"name":"Boutique","item":"https:\/\/gebnout.fr\/index.php\/boutique\/"},{"@type":"ListItem","position":3,"name":"Elixir F\u00e9minitude (nouvelle formule)"}]},{"@type":"WebSite","@id":"https:\/\/gebnout.fr\/#website","url":"https:\/\/gebnout.fr\/","name":"Geb Nout","description":"Passeur de v\u00e9g\u00e9taux","publisher":{"@id":"https:\/\/gebnout.fr\/#organization"},"potentialAction":[{"@type":"SearchAction","target":{"@type":"EntryPoint","urlTemplate":"https:\/\/gebnout.fr\/?s={search_term_string}"},"query-input":"required name=search_term_string"}],"inLanguage":"fr-FR"},{"@type":"Organization","@id":"https:\/\/gebnout.fr\/#organization","name":"Geb Nout","url":"https:\/\/gebnout.fr\/","logo":{"@type":"ImageObject","inLanguage":"fr-FR","@id":"https:\/\/gebnout.fr\/#\/schema\/logo\/image\/","url":"https:\/\/i0.wp.com\/gebnout.fr\/wp-content\/uploads\/2023\/04\/bourgeon-cassis-e1708104877110.png?fit=100%2C114&ssl=1","contentUrl":"https:\/\/i0.wp.com\/gebnout.fr\/wp-content\/uploads\/2023\/04\/bourgeon-cassis-e1708104877110.png?fit=100%2C114&ssl=1","width":100,"height":114,"caption":"Geb Nout"},"image":{"@id":"https:\/\/gebnout.fr\/#\/schema\/logo\/image\/"}}]}},"jetpack_sharing_enabled":true,"_links":{"self":[{"href":"https:\/\/gebnout.fr\/index.php\/wp-json\/wp\/v2\/product\/3079"}],"collection":[{"href":"https:\/\/gebnout.fr\/index.php\/wp-json\/wp\/v2\/product"}],"about":[{"href":"https:\/\/gebnout.fr\/index.php\/wp-json\/wp\/v2\/types\/product"}],"replies":[{"embeddable":true,"href":"https:\/\/gebnout.fr\/index.php\/wp-json\/wp\/v2\/comments?post=3079"}],"version-history":[{"count":1,"href":"https:\/\/gebnout.fr\/index.php\/wp-json\/wp\/v2\/product\/3079\/revisions"}],"predecessor-version":[{"id":3080,"href":"https:\/\/gebnout.fr\/index.php\/wp-json\/wp\/v2\/product\/3079\/revisions\/3080"}],"wp:featuredmedia":[{"embeddable":true,"href":"https:\/\/gebnout.fr\/index.php\/wp-json\/wp\/v2\/media\/3065"}],"wp:attachment":[{"href":"https:\/\/gebnout.fr\/index.php\/wp-json\/wp\/v2\/media?parent=3079"}],"wp:term":[{"taxonomy":"product_cat","embeddable":true,"href":"https:\/\/gebnout.fr\/index.php\/wp-json\/wp\/v2\/product_cat?post=3079"},{"taxonomy":"product_tag","embeddable":true,"href":"https:\/\/gebnout.fr\/index.php\/wp-json\/wp\/v2\/product_tag?post=3079"}],"curies":[{"name":"wp","href":"https:\/\/api.w.org\/{rel}","templated":true}]}}