{"id":4683,"date":"2021-12-20T16:02:24","date_gmt":"2021-12-20T15:02:24","guid":{"rendered":"https:\/\/racines.ovh\/?post_type=product&#038;p=4683"},"modified":"2024-02-22T20:02:10","modified_gmt":"2024-02-22T19:02:10","slug":"orble-2","status":"publish","type":"product","link":"https:\/\/gebnout.fr\/index.php\/produit\/orble-2\/","title":{"rendered":"Orbl\u00e9"},"content":{"rendered":"","protected":false},"excerpt":{"rendered":"<p><strong>Poids net : 50g<br \/>\n<\/strong><\/p>\n<p>Energie et synergie de micronutriments et de chlorophylle.<\/p>\n<p>Orbl\u00e9 est une association de feuilles de bl\u00e9 de vari\u00e9t\u00e9 ancienne, issues de nos multiplications de bl\u00e9s, et de jeunes poussses d&#8217;ortie sauvage cueillies sur nos terres, sur le plateau de La Chaise-Dieu \u00e0 1100m d&#8217;altitude. L&#8217;ortie est reconnu pour ses multiples vertus* : elle est consid\u00e9r\u00e9e comme une v\u00e9ritable panac\u00e9e et permet de reconstituer un socle de base sain.<\/p>\n<p>Le Mariage de ces deux merveilles est un r\u00e9el bienfait pour notre physiologie et notre dynamisme.<\/p>\n<p>La SYNERGIE de CES DEUX PLANTES magnifiques constitue un r\u00e9el plus pour \u00eatre en relation avec une ALIMENTATION riche de sens en lien avec le <strong>VIVANT<\/strong> .<\/p>\n<p><em>A consommer en cure, une cuill\u00e8re \u00e0 deux par jour dans un fruit \u00e9cras\u00e9 ou un jus de l\u00e9gumes cru.<\/em><\/p>\n<p><em>*L&#8217;ortie contribue<br \/>\n&#8211; au dynamisme du corps et \u00e0 sa vitalit\u00e9<br \/>\n&#8211; \u00e0 l&#8217;\u00e9limination r\u00e9nale et au drainage de l&#8217;organisme<br \/>\n&#8211; \u00e0 la sant\u00e9 respiratoire<br \/>\n&#8211; \u00e0 la sant\u00e9 des veines en facilitant la circulation, notamment dans les jambes<br \/>\n&#8211; \u00e0 une peau saine, \u00e0 des os, ongles et cheveux sains<br \/>\n&#8211; \u00e0 l&#8217;entretien des articulations<br \/>\n&#8211; aux d\u00e9fenses naturelles du syst\u00e8me immunitaire<br \/>\n&#8211; \u00e0 un syst\u00e8me cardiovasculaire sain<br \/>\n&#8211; \u00e0 la cicatrisation des plaies<\/em><\/p>\n<p><em>Cf. all\u00e9gations sant\u00e9 du Syndicat des Simples<\/em><\/p>\n","protected":false},"featured_media":4693,"comment_status":"open","ping_status":"closed","template":"","meta":{"neve_meta_sidebar":"","neve_meta_container":"","neve_meta_enable_content_width":"off","neve_meta_content_width":100,"neve_meta_title_alignment":"","neve_meta_author_avatar":"","neve_post_elements_order":"","neve_meta_disable_header":"","neve_meta_disable_footer":"","neve_meta_disable_title":"","_ti_tpc_template_sync":false,"_ti_tpc_template_id":""},"product_cat":[42],"product_tag":[],"yoast_head":"<!-- This site is optimized with the Yoast SEO plugin v22.6 - https:\/\/yoast.com\/wordpress\/plugins\/seo\/ -->\n<title>Orbl\u00e9 - compl\u00e9ment alimentaire<\/title>\n<meta name=\"description\" content=\"Poudre d&#039;ortie sauvage et jeunes pousses de bl\u00e9 anciens. Energie et synergie de micronutriments et de chlorophylle pour un soutien quotidien.\" \/>\n<meta name=\"robots\" content=\"index, follow, max-snippet:-1, max-image-preview:large, max-video-preview:-1\" \/>\n<link rel=\"canonical\" href=\"https:\/\/gebnout.fr\/index.php\/produit\/orble-2\/\" \/>\n<meta property=\"og:locale\" content=\"fr_FR\" \/>\n<meta property=\"og:type\" content=\"article\" \/>\n<meta property=\"og:title\" content=\"Orbl\u00e9 - compl\u00e9ment alimentaire\" \/>\n<meta property=\"og:description\" content=\"Poudre d&#039;ortie sauvage et jeunes pousses de bl\u00e9 anciens. Energie et synergie de micronutriments et de chlorophylle pour un soutien quotidien.\" \/>\n<meta property=\"og:url\" content=\"https:\/\/gebnout.fr\/index.php\/produit\/orble-2\/\" \/>\n<meta property=\"og:site_name\" content=\"Geb Nout\" \/>\n<meta property=\"article:modified_time\" content=\"2024-02-22T19:02:10+00:00\" \/>\n<meta property=\"og:image\" content=\"https:\/\/gebnout.fr\/wp-content\/uploads\/2021\/12\/orble-scaled.jpg\" \/>\n\t<meta property=\"og:image:width\" content=\"1708\" \/>\n\t<meta property=\"og:image:height\" content=\"2560\" \/>\n\t<meta property=\"og:image:type\" content=\"image\/jpeg\" \/>\n<meta name=\"twitter:card\" content=\"summary_large_image\" \/>\n<script type=\"application\/ld+json\" class=\"yoast-schema-graph\">{\"@context\":\"https:\/\/schema.org\",\"@graph\":[{\"@type\":\"WebPage\",\"@id\":\"https:\/\/gebnout.fr\/index.php\/produit\/orble-2\/\",\"url\":\"https:\/\/gebnout.fr\/index.php\/produit\/orble-2\/\",\"name\":\"Orbl\u00e9 - compl\u00e9ment alimentaire\",\"isPartOf\":{\"@id\":\"https:\/\/gebnout.fr\/#website\"},\"primaryImageOfPage\":{\"@id\":\"https:\/\/gebnout.fr\/index.php\/produit\/orble-2\/#primaryimage\"},\"image\":{\"@id\":\"https:\/\/gebnout.fr\/index.php\/produit\/orble-2\/#primaryimage\"},\"thumbnailUrl\":\"https:\/\/i0.wp.com\/gebnout.fr\/wp-content\/uploads\/2021\/12\/orble-scaled.jpg?fit=1708%2C2560&ssl=1\",\"datePublished\":\"2021-12-20T15:02:24+00:00\",\"dateModified\":\"2024-02-22T19:02:10+00:00\",\"description\":\"Poudre d'ortie sauvage et jeunes pousses de bl\u00e9 anciens. Energie et synergie de micronutriments et de chlorophylle pour un soutien quotidien.\",\"breadcrumb\":{\"@id\":\"https:\/\/gebnout.fr\/index.php\/produit\/orble-2\/#breadcrumb\"},\"inLanguage\":\"fr-FR\",\"potentialAction\":[{\"@type\":\"ReadAction\",\"target\":[\"https:\/\/gebnout.fr\/index.php\/produit\/orble-2\/\"]}]},{\"@type\":\"ImageObject\",\"inLanguage\":\"fr-FR\",\"@id\":\"https:\/\/gebnout.fr\/index.php\/produit\/orble-2\/#primaryimage\",\"url\":\"https:\/\/i0.wp.com\/gebnout.fr\/wp-content\/uploads\/2021\/12\/orble-scaled.jpg?fit=1708%2C2560&ssl=1\",\"contentUrl\":\"https:\/\/i0.wp.com\/gebnout.fr\/wp-content\/uploads\/2021\/12\/orble-scaled.jpg?fit=1708%2C2560&ssl=1\",\"width\":1708,\"height\":2560},{\"@type\":\"BreadcrumbList\",\"@id\":\"https:\/\/gebnout.fr\/index.php\/produit\/orble-2\/#breadcrumb\",\"itemListElement\":[{\"@type\":\"ListItem\",\"position\":1,\"name\":\"Accueil\",\"item\":\"https:\/\/gebnout.fr\/\"},{\"@type\":\"ListItem\",\"position\":2,\"name\":\"Boutique\",\"item\":\"https:\/\/gebnout.fr\/index.php\/boutique\/\"},{\"@type\":\"ListItem\",\"position\":3,\"name\":\"Orbl\u00e9\"}]},{\"@type\":\"WebSite\",\"@id\":\"https:\/\/gebnout.fr\/#website\",\"url\":\"https:\/\/gebnout.fr\/\",\"name\":\"Geb Nout\",\"description\":\"Passeur de v\u00e9g\u00e9taux\",\"publisher\":{\"@id\":\"https:\/\/gebnout.fr\/#organization\"},\"potentialAction\":[{\"@type\":\"SearchAction\",\"target\":{\"@type\":\"EntryPoint\",\"urlTemplate\":\"https:\/\/gebnout.fr\/?s={search_term_string}\"},\"query-input\":\"required name=search_term_string\"}],\"inLanguage\":\"fr-FR\"},{\"@type\":\"Organization\",\"@id\":\"https:\/\/gebnout.fr\/#organization\",\"name\":\"Geb Nout\",\"url\":\"https:\/\/gebnout.fr\/\",\"logo\":{\"@type\":\"ImageObject\",\"inLanguage\":\"fr-FR\",\"@id\":\"https:\/\/gebnout.fr\/#\/schema\/logo\/image\/\",\"url\":\"https:\/\/i0.wp.com\/gebnout.fr\/wp-content\/uploads\/2023\/04\/bourgeon-cassis-e1708104877110.png?fit=100%2C114&ssl=1\",\"contentUrl\":\"https:\/\/i0.wp.com\/gebnout.fr\/wp-content\/uploads\/2023\/04\/bourgeon-cassis-e1708104877110.png?fit=100%2C114&ssl=1\",\"width\":100,\"height\":114,\"caption\":\"Geb Nout\"},\"image\":{\"@id\":\"https:\/\/gebnout.fr\/#\/schema\/logo\/image\/\"}}]}<\/script>\n<!-- \/ Yoast SEO plugin. -->","yoast_head_json":{"title":"Orbl\u00e9 - compl\u00e9ment alimentaire","description":"Poudre d'ortie sauvage et jeunes pousses de bl\u00e9 anciens. Energie et synergie de micronutriments et de chlorophylle pour un soutien quotidien.","robots":{"index":"index","follow":"follow","max-snippet":"max-snippet:-1","max-image-preview":"max-image-preview:large","max-video-preview":"max-video-preview:-1"},"canonical":"https:\/\/gebnout.fr\/index.php\/produit\/orble-2\/","og_locale":"fr_FR","og_type":"article","og_title":"Orbl\u00e9 - compl\u00e9ment alimentaire","og_description":"Poudre d'ortie sauvage et jeunes pousses de bl\u00e9 anciens. Energie et synergie de micronutriments et de chlorophylle pour un soutien quotidien.","og_url":"https:\/\/gebnout.fr\/index.php\/produit\/orble-2\/","og_site_name":"Geb Nout","article_modified_time":"2024-02-22T19:02:10+00:00","og_image":[{"width":1708,"height":2560,"url":"https:\/\/gebnout.fr\/wp-content\/uploads\/2021\/12\/orble-scaled.jpg","type":"image\/jpeg"}],"twitter_card":"summary_large_image","schema":{"@context":"https:\/\/schema.org","@graph":[{"@type":"WebPage","@id":"https:\/\/gebnout.fr\/index.php\/produit\/orble-2\/","url":"https:\/\/gebnout.fr\/index.php\/produit\/orble-2\/","name":"Orbl\u00e9 - compl\u00e9ment alimentaire","isPartOf":{"@id":"https:\/\/gebnout.fr\/#website"},"primaryImageOfPage":{"@id":"https:\/\/gebnout.fr\/index.php\/produit\/orble-2\/#primaryimage"},"image":{"@id":"https:\/\/gebnout.fr\/index.php\/produit\/orble-2\/#primaryimage"},"thumbnailUrl":"https:\/\/i0.wp.com\/gebnout.fr\/wp-content\/uploads\/2021\/12\/orble-scaled.jpg?fit=1708%2C2560&ssl=1","datePublished":"2021-12-20T15:02:24+00:00","dateModified":"2024-02-22T19:02:10+00:00","description":"Poudre d'ortie sauvage et jeunes pousses de bl\u00e9 anciens. Energie et synergie de micronutriments et de chlorophylle pour un soutien quotidien.","breadcrumb":{"@id":"https:\/\/gebnout.fr\/index.php\/produit\/orble-2\/#breadcrumb"},"inLanguage":"fr-FR","potentialAction":[{"@type":"ReadAction","target":["https:\/\/gebnout.fr\/index.php\/produit\/orble-2\/"]}]},{"@type":"ImageObject","inLanguage":"fr-FR","@id":"https:\/\/gebnout.fr\/index.php\/produit\/orble-2\/#primaryimage","url":"https:\/\/i0.wp.com\/gebnout.fr\/wp-content\/uploads\/2021\/12\/orble-scaled.jpg?fit=1708%2C2560&ssl=1","contentUrl":"https:\/\/i0.wp.com\/gebnout.fr\/wp-content\/uploads\/2021\/12\/orble-scaled.jpg?fit=1708%2C2560&ssl=1","width":1708,"height":2560},{"@type":"BreadcrumbList","@id":"https:\/\/gebnout.fr\/index.php\/produit\/orble-2\/#breadcrumb","itemListElement":[{"@type":"ListItem","position":1,"name":"Accueil","item":"https:\/\/gebnout.fr\/"},{"@type":"ListItem","position":2,"name":"Boutique","item":"https:\/\/gebnout.fr\/index.php\/boutique\/"},{"@type":"ListItem","position":3,"name":"Orbl\u00e9"}]},{"@type":"WebSite","@id":"https:\/\/gebnout.fr\/#website","url":"https:\/\/gebnout.fr\/","name":"Geb Nout","description":"Passeur de v\u00e9g\u00e9taux","publisher":{"@id":"https:\/\/gebnout.fr\/#organization"},"potentialAction":[{"@type":"SearchAction","target":{"@type":"EntryPoint","urlTemplate":"https:\/\/gebnout.fr\/?s={search_term_string}"},"query-input":"required name=search_term_string"}],"inLanguage":"fr-FR"},{"@type":"Organization","@id":"https:\/\/gebnout.fr\/#organization","name":"Geb Nout","url":"https:\/\/gebnout.fr\/","logo":{"@type":"ImageObject","inLanguage":"fr-FR","@id":"https:\/\/gebnout.fr\/#\/schema\/logo\/image\/","url":"https:\/\/i0.wp.com\/gebnout.fr\/wp-content\/uploads\/2023\/04\/bourgeon-cassis-e1708104877110.png?fit=100%2C114&ssl=1","contentUrl":"https:\/\/i0.wp.com\/gebnout.fr\/wp-content\/uploads\/2023\/04\/bourgeon-cassis-e1708104877110.png?fit=100%2C114&ssl=1","width":100,"height":114,"caption":"Geb Nout"},"image":{"@id":"https:\/\/gebnout.fr\/#\/schema\/logo\/image\/"}}]}},"jetpack_sharing_enabled":true,"_links":{"self":[{"href":"https:\/\/gebnout.fr\/index.php\/wp-json\/wp\/v2\/product\/4683"}],"collection":[{"href":"https:\/\/gebnout.fr\/index.php\/wp-json\/wp\/v2\/product"}],"about":[{"href":"https:\/\/gebnout.fr\/index.php\/wp-json\/wp\/v2\/types\/product"}],"replies":[{"embeddable":true,"href":"https:\/\/gebnout.fr\/index.php\/wp-json\/wp\/v2\/comments?post=4683"}],"version-history":[{"count":1,"href":"https:\/\/gebnout.fr\/index.php\/wp-json\/wp\/v2\/product\/4683\/revisions"}],"predecessor-version":[{"id":4684,"href":"https:\/\/gebnout.fr\/index.php\/wp-json\/wp\/v2\/product\/4683\/revisions\/4684"}],"wp:featuredmedia":[{"embeddable":true,"href":"https:\/\/gebnout.fr\/index.php\/wp-json\/wp\/v2\/media\/4693"}],"wp:attachment":[{"href":"https:\/\/gebnout.fr\/index.php\/wp-json\/wp\/v2\/media?parent=4683"}],"wp:term":[{"taxonomy":"product_cat","embeddable":true,"href":"https:\/\/gebnout.fr\/index.php\/wp-json\/wp\/v2\/product_cat?post=4683"},{"taxonomy":"product_tag","embeddable":true,"href":"https:\/\/gebnout.fr\/index.php\/wp-json\/wp\/v2\/product_tag?post=4683"}],"curies":[{"name":"wp","href":"https:\/\/api.w.org\/{rel}","templated":true}]}}