{"id":4930,"date":"2021-12-21T18:27:54","date_gmt":"2021-12-21T17:27:54","guid":{"rendered":"https:\/\/racines.ovh\/?post_type=product&#038;p=4930"},"modified":"2023-01-09T10:07:21","modified_gmt":"2023-01-09T09:07:21","slug":"elixir-aubepine","status":"publish","type":"product","link":"https:\/\/gebnout.fr\/index.php\/produit\/elixir-aubepine\/","title":{"rendered":"Elixir Aub\u00e9pine"},"content":{"rendered":"<p>Les <strong>\u00e9lixirs floraux<\/strong> sont un moyen simple d&#8217;\u00e9volution. Nos \u00e9lixirs sont sans alcool.<\/p>\n<p><em>Les propri\u00e9t\u00e9s sont donn\u00e9es \u00e0 titre indicatifs et en r\u00e9f\u00e9rence \u00e0 des auteurs reconnus .<\/em><br \/>\n<em>Ces propri\u00e9t\u00e9s sont donn\u00e9es de mani\u00e8re informative et ne sauraient en aucun cas constituer une <\/em><em>information m\u00e9dicale, ni engager notre responsabilit\u00e9, cela ne dispense en aucun cas l\u2019avis d\u2019un <\/em><em>th\u00e9rapeute qualifi\u00e9, indispensable dans l\u2019\u00e9tablissement d\u2019un diagnostic.<\/em><\/p>\n<p>&nbsp;<\/p>\n","protected":false},"excerpt":{"rendered":"<p><strong>Quantit\u00e9 : 30ml<\/strong><\/p>\n<p><strong><span class=\"s1\">AUBEPINE &#8211; eau de source inform\u00e9e par la plante<br \/>\n<\/span><\/strong><\/p>\n<p>Arbre de pacification int\u00e9rieur, la Paix de l&#8217;esprit par la paix du coeur. Am\u00e8ne \u00e0 la concentration, \u00e0 se recentrer dans l&#8217;ouverture du coeur.<\/p>\n<p><em>Tenir \u00e0 l&#8217;abri de la lumi\u00e8re. Ceci n&#8217;est pas un m\u00e9dicament. Tenir hors de port\u00e9e des enfants. Ne peut se substituer \u00e0 un r\u00e9gime alimentaire vari\u00e9 et \u00e9quilibr\u00e9.<br \/>\n<\/em><\/p>\n","protected":false},"featured_media":61,"comment_status":"open","ping_status":"closed","template":"","meta":{"neve_meta_sidebar":"","neve_meta_container":"contained","neve_meta_enable_content_width":"off","neve_meta_content_width":100,"neve_meta_title_alignment":"","neve_meta_author_avatar":"","neve_post_elements_order":"","neve_meta_disable_header":"","neve_meta_disable_footer":"","neve_meta_disable_title":"","_ti_tpc_template_sync":false,"_ti_tpc_template_id":""},"product_cat":[56],"product_tag":[],"yoast_head":"<!-- This site is optimized with the Yoast SEO plugin v22.6 - https:\/\/yoast.com\/wordpress\/plugins\/seo\/ -->\n<title>Elixir Floral Aub\u00e9pine<\/title>\n<meta name=\"description\" content=\"ELIXIR FLORAL - un moyen simple d&#039;\u00e9volution par une eau inform\u00e9e par la plante. Qualit\u00e9 vibratoire de plantes vivant en altitude.\" \/>\n<meta name=\"robots\" content=\"index, follow, max-snippet:-1, max-image-preview:large, max-video-preview:-1\" \/>\n<link rel=\"canonical\" href=\"https:\/\/gebnout.fr\/index.php\/produit\/elixir-aubepine\/\" \/>\n<meta property=\"og:locale\" content=\"fr_FR\" \/>\n<meta property=\"og:type\" content=\"article\" \/>\n<meta property=\"og:title\" content=\"Elixir Floral Aub\u00e9pine\" \/>\n<meta property=\"og:description\" content=\"ELIXIR FLORAL - un moyen simple d&#039;\u00e9volution par une eau inform\u00e9e par la plante. Qualit\u00e9 vibratoire de plantes vivant en altitude.\" \/>\n<meta property=\"og:url\" content=\"https:\/\/gebnout.fr\/index.php\/produit\/elixir-aubepine\/\" \/>\n<meta property=\"og:site_name\" content=\"Geb Nout\" \/>\n<meta property=\"article:modified_time\" content=\"2023-01-09T09:07:21+00:00\" \/>\n<meta property=\"og:image\" content=\"https:\/\/gebnout.fr\/wp-content\/uploads\/2017\/12\/aubepine.jpg\" \/>\n\t<meta property=\"og:image:width\" content=\"640\" \/>\n\t<meta property=\"og:image:height\" content=\"427\" \/>\n\t<meta property=\"og:image:type\" content=\"image\/jpeg\" \/>\n<meta name=\"twitter:card\" content=\"summary_large_image\" \/>\n<meta name=\"twitter:label1\" content=\"Dur\u00e9e de lecture estim\u00e9e\" \/>\n\t<meta name=\"twitter:data1\" content=\"1 minute\" \/>\n<script type=\"application\/ld+json\" class=\"yoast-schema-graph\">{\"@context\":\"https:\/\/schema.org\",\"@graph\":[{\"@type\":\"WebPage\",\"@id\":\"https:\/\/gebnout.fr\/index.php\/produit\/elixir-aubepine\/\",\"url\":\"https:\/\/gebnout.fr\/index.php\/produit\/elixir-aubepine\/\",\"name\":\"Elixir Floral Aub\u00e9pine\",\"isPartOf\":{\"@id\":\"https:\/\/gebnout.fr\/#website\"},\"primaryImageOfPage\":{\"@id\":\"https:\/\/gebnout.fr\/index.php\/produit\/elixir-aubepine\/#primaryimage\"},\"image\":{\"@id\":\"https:\/\/gebnout.fr\/index.php\/produit\/elixir-aubepine\/#primaryimage\"},\"thumbnailUrl\":\"https:\/\/i0.wp.com\/gebnout.fr\/wp-content\/uploads\/2017\/12\/aubepine.jpg?fit=640%2C427&ssl=1\",\"datePublished\":\"2021-12-21T17:27:54+00:00\",\"dateModified\":\"2023-01-09T09:07:21+00:00\",\"description\":\"ELIXIR FLORAL - un moyen simple d'\u00e9volution par une eau inform\u00e9e par la plante. Qualit\u00e9 vibratoire de plantes vivant en altitude.\",\"breadcrumb\":{\"@id\":\"https:\/\/gebnout.fr\/index.php\/produit\/elixir-aubepine\/#breadcrumb\"},\"inLanguage\":\"fr-FR\",\"potentialAction\":[{\"@type\":\"ReadAction\",\"target\":[\"https:\/\/gebnout.fr\/index.php\/produit\/elixir-aubepine\/\"]}]},{\"@type\":\"ImageObject\",\"inLanguage\":\"fr-FR\",\"@id\":\"https:\/\/gebnout.fr\/index.php\/produit\/elixir-aubepine\/#primaryimage\",\"url\":\"https:\/\/i0.wp.com\/gebnout.fr\/wp-content\/uploads\/2017\/12\/aubepine.jpg?fit=640%2C427&ssl=1\",\"contentUrl\":\"https:\/\/i0.wp.com\/gebnout.fr\/wp-content\/uploads\/2017\/12\/aubepine.jpg?fit=640%2C427&ssl=1\",\"width\":640,\"height\":427},{\"@type\":\"BreadcrumbList\",\"@id\":\"https:\/\/gebnout.fr\/index.php\/produit\/elixir-aubepine\/#breadcrumb\",\"itemListElement\":[{\"@type\":\"ListItem\",\"position\":1,\"name\":\"Accueil\",\"item\":\"https:\/\/gebnout.fr\/\"},{\"@type\":\"ListItem\",\"position\":2,\"name\":\"Boutique\",\"item\":\"https:\/\/gebnout.fr\/index.php\/boutique\/\"},{\"@type\":\"ListItem\",\"position\":3,\"name\":\"Elixir Aub\u00e9pine\"}]},{\"@type\":\"WebSite\",\"@id\":\"https:\/\/gebnout.fr\/#website\",\"url\":\"https:\/\/gebnout.fr\/\",\"name\":\"Geb Nout\",\"description\":\"Passeur de v\u00e9g\u00e9taux\",\"publisher\":{\"@id\":\"https:\/\/gebnout.fr\/#organization\"},\"potentialAction\":[{\"@type\":\"SearchAction\",\"target\":{\"@type\":\"EntryPoint\",\"urlTemplate\":\"https:\/\/gebnout.fr\/?s={search_term_string}\"},\"query-input\":\"required name=search_term_string\"}],\"inLanguage\":\"fr-FR\"},{\"@type\":\"Organization\",\"@id\":\"https:\/\/gebnout.fr\/#organization\",\"name\":\"Geb Nout\",\"url\":\"https:\/\/gebnout.fr\/\",\"logo\":{\"@type\":\"ImageObject\",\"inLanguage\":\"fr-FR\",\"@id\":\"https:\/\/gebnout.fr\/#\/schema\/logo\/image\/\",\"url\":\"https:\/\/i0.wp.com\/gebnout.fr\/wp-content\/uploads\/2023\/04\/bourgeon-cassis-e1708104877110.png?fit=100%2C114&ssl=1\",\"contentUrl\":\"https:\/\/i0.wp.com\/gebnout.fr\/wp-content\/uploads\/2023\/04\/bourgeon-cassis-e1708104877110.png?fit=100%2C114&ssl=1\",\"width\":100,\"height\":114,\"caption\":\"Geb Nout\"},\"image\":{\"@id\":\"https:\/\/gebnout.fr\/#\/schema\/logo\/image\/\"}}]}<\/script>\n<!-- \/ Yoast SEO plugin. -->","yoast_head_json":{"title":"Elixir Floral Aub\u00e9pine","description":"ELIXIR FLORAL - un moyen simple d'\u00e9volution par une eau inform\u00e9e par la plante. Qualit\u00e9 vibratoire de plantes vivant en altitude.","robots":{"index":"index","follow":"follow","max-snippet":"max-snippet:-1","max-image-preview":"max-image-preview:large","max-video-preview":"max-video-preview:-1"},"canonical":"https:\/\/gebnout.fr\/index.php\/produit\/elixir-aubepine\/","og_locale":"fr_FR","og_type":"article","og_title":"Elixir Floral Aub\u00e9pine","og_description":"ELIXIR FLORAL - un moyen simple d'\u00e9volution par une eau inform\u00e9e par la plante. Qualit\u00e9 vibratoire de plantes vivant en altitude.","og_url":"https:\/\/gebnout.fr\/index.php\/produit\/elixir-aubepine\/","og_site_name":"Geb Nout","article_modified_time":"2023-01-09T09:07:21+00:00","og_image":[{"width":640,"height":427,"url":"https:\/\/gebnout.fr\/wp-content\/uploads\/2017\/12\/aubepine.jpg","type":"image\/jpeg"}],"twitter_card":"summary_large_image","twitter_misc":{"Dur\u00e9e de lecture estim\u00e9e":"1 minute"},"schema":{"@context":"https:\/\/schema.org","@graph":[{"@type":"WebPage","@id":"https:\/\/gebnout.fr\/index.php\/produit\/elixir-aubepine\/","url":"https:\/\/gebnout.fr\/index.php\/produit\/elixir-aubepine\/","name":"Elixir Floral Aub\u00e9pine","isPartOf":{"@id":"https:\/\/gebnout.fr\/#website"},"primaryImageOfPage":{"@id":"https:\/\/gebnout.fr\/index.php\/produit\/elixir-aubepine\/#primaryimage"},"image":{"@id":"https:\/\/gebnout.fr\/index.php\/produit\/elixir-aubepine\/#primaryimage"},"thumbnailUrl":"https:\/\/i0.wp.com\/gebnout.fr\/wp-content\/uploads\/2017\/12\/aubepine.jpg?fit=640%2C427&ssl=1","datePublished":"2021-12-21T17:27:54+00:00","dateModified":"2023-01-09T09:07:21+00:00","description":"ELIXIR FLORAL - un moyen simple d'\u00e9volution par une eau inform\u00e9e par la plante. Qualit\u00e9 vibratoire de plantes vivant en altitude.","breadcrumb":{"@id":"https:\/\/gebnout.fr\/index.php\/produit\/elixir-aubepine\/#breadcrumb"},"inLanguage":"fr-FR","potentialAction":[{"@type":"ReadAction","target":["https:\/\/gebnout.fr\/index.php\/produit\/elixir-aubepine\/"]}]},{"@type":"ImageObject","inLanguage":"fr-FR","@id":"https:\/\/gebnout.fr\/index.php\/produit\/elixir-aubepine\/#primaryimage","url":"https:\/\/i0.wp.com\/gebnout.fr\/wp-content\/uploads\/2017\/12\/aubepine.jpg?fit=640%2C427&ssl=1","contentUrl":"https:\/\/i0.wp.com\/gebnout.fr\/wp-content\/uploads\/2017\/12\/aubepine.jpg?fit=640%2C427&ssl=1","width":640,"height":427},{"@type":"BreadcrumbList","@id":"https:\/\/gebnout.fr\/index.php\/produit\/elixir-aubepine\/#breadcrumb","itemListElement":[{"@type":"ListItem","position":1,"name":"Accueil","item":"https:\/\/gebnout.fr\/"},{"@type":"ListItem","position":2,"name":"Boutique","item":"https:\/\/gebnout.fr\/index.php\/boutique\/"},{"@type":"ListItem","position":3,"name":"Elixir Aub\u00e9pine"}]},{"@type":"WebSite","@id":"https:\/\/gebnout.fr\/#website","url":"https:\/\/gebnout.fr\/","name":"Geb Nout","description":"Passeur de v\u00e9g\u00e9taux","publisher":{"@id":"https:\/\/gebnout.fr\/#organization"},"potentialAction":[{"@type":"SearchAction","target":{"@type":"EntryPoint","urlTemplate":"https:\/\/gebnout.fr\/?s={search_term_string}"},"query-input":"required name=search_term_string"}],"inLanguage":"fr-FR"},{"@type":"Organization","@id":"https:\/\/gebnout.fr\/#organization","name":"Geb Nout","url":"https:\/\/gebnout.fr\/","logo":{"@type":"ImageObject","inLanguage":"fr-FR","@id":"https:\/\/gebnout.fr\/#\/schema\/logo\/image\/","url":"https:\/\/i0.wp.com\/gebnout.fr\/wp-content\/uploads\/2023\/04\/bourgeon-cassis-e1708104877110.png?fit=100%2C114&ssl=1","contentUrl":"https:\/\/i0.wp.com\/gebnout.fr\/wp-content\/uploads\/2023\/04\/bourgeon-cassis-e1708104877110.png?fit=100%2C114&ssl=1","width":100,"height":114,"caption":"Geb Nout"},"image":{"@id":"https:\/\/gebnout.fr\/#\/schema\/logo\/image\/"}}]}},"jetpack_sharing_enabled":true,"_links":{"self":[{"href":"https:\/\/gebnout.fr\/index.php\/wp-json\/wp\/v2\/product\/4930"}],"collection":[{"href":"https:\/\/gebnout.fr\/index.php\/wp-json\/wp\/v2\/product"}],"about":[{"href":"https:\/\/gebnout.fr\/index.php\/wp-json\/wp\/v2\/types\/product"}],"replies":[{"embeddable":true,"href":"https:\/\/gebnout.fr\/index.php\/wp-json\/wp\/v2\/comments?post=4930"}],"version-history":[{"count":2,"href":"https:\/\/gebnout.fr\/index.php\/wp-json\/wp\/v2\/product\/4930\/revisions"}],"predecessor-version":[{"id":4932,"href":"https:\/\/gebnout.fr\/index.php\/wp-json\/wp\/v2\/product\/4930\/revisions\/4932"}],"wp:featuredmedia":[{"embeddable":true,"href":"https:\/\/gebnout.fr\/index.php\/wp-json\/wp\/v2\/media\/61"}],"wp:attachment":[{"href":"https:\/\/gebnout.fr\/index.php\/wp-json\/wp\/v2\/media?parent=4930"}],"wp:term":[{"taxonomy":"product_cat","embeddable":true,"href":"https:\/\/gebnout.fr\/index.php\/wp-json\/wp\/v2\/product_cat?post=4930"},{"taxonomy":"product_tag","embeddable":true,"href":"https:\/\/gebnout.fr\/index.php\/wp-json\/wp\/v2\/product_tag?post=4930"}],"curies":[{"name":"wp","href":"https:\/\/api.w.org\/{rel}","templated":true}]}}