{"id":5061,"date":"2021-12-26T11:19:17","date_gmt":"2021-12-26T10:19:17","guid":{"rendered":"https:\/\/racines.ovh\/?post_type=product&#038;p=5061"},"modified":"2023-01-09T10:10:14","modified_gmt":"2023-01-09T09:10:14","slug":"hydrolat-bleuet","status":"publish","type":"product","link":"https:\/\/gebnout.fr\/index.php\/produit\/hydrolat-bleuet\/","title":{"rendered":"Hydrolat Bleuet"},"content":{"rendered":"<p>Extrait de plante obtenu par distillation : la plante, fra\u00eechement cueillie sur les terres de Geb-Nout, prend un bain de vapeur d\u2019eau. Cette vapeur est ensuite refroidie pour donner des eaux riches, charg\u00e9es en principes actifs et en mol\u00e9cules aromatiques : l\u2019hydrolat.<\/p>\n<p>Il contient ainsi les informations chimiques et vibratoires des plantes, et accompagne votre physiologie, psychologie et m\u00e9tabolisme avec subtilit\u00e9 et efficacit\u00e9.<\/p>\n<p>Tol\u00e9r\u00e9 par tout le monde, m\u00eame enfants et femmes enceintes.<\/p>\n<p>Utilis\u00e9 par voie orale et\/ou cutan\u00e9e :<br \/>\n&#8211; En cosm\u00e9tique, comme lotion nettoyante et tonifiante pour le visage. Rafra\u00eechissant, peut \u00eatre appliqu\u00e9 sur le corps et peut servir d&#8217;ingr\u00e9dients de base pour fabriquer des cosm\u00e9tiques \u00ab maison \u00bb.<br \/>\n&#8211; En cuisine, dans un plat, une boisson chaude ou froide pour les parfumer, ou pour personnaliser un cocktail.<br \/>\n&#8211; En soin interne, pour les humains, les animaux et les plantes. Utilisation simple. Par voie orale : entre 1 et 4 cuill\u00e8res \u00e0 caf\u00e9 par jour, purs ou \u00e0 diluer dans de l&#8217;eau.<\/p>\n<p><em>\u00c9tant donn\u00e9 la l\u00e9gislation fran\u00e7aise, nous nous trouvons dans l\u2019obligation de retirer les indications et les rayons d\u2019action pourtant connus et reconnus, cit\u00e9s par des auteurs qui \u00e9ditent et vendent librement des ouvrages relatifs aux plantes.<br \/>\n<\/em><\/p>\n<p><em><a href=\"https:\/\/www.syndicat-simples.org\/wp-content\/uploads\/2019\/10\/AS-EnAttente_22042014_triees_simples.pdf\">La liste des all\u00e9gations de sant\u00e9 en attente<\/a> met en avant les propri\u00e9t\u00e9s reconnues des plantes. Pour toute question compl\u00e9mentaire, n\u2019h\u00e9sitez pas \u00e0 nous appeler.<\/em><\/p>\n<p>&nbsp;<\/p>\n<p>&nbsp;<\/p>\n","protected":false},"excerpt":{"rendered":"<p><strong>Quantit\u00e9 : 200ml<\/strong><\/p>\n<p><strong><span class=\"s1\">BLEUET &#8211; eau de source inform\u00e9e par distillation de la plante<br \/>\n<\/span><\/strong><\/p>\n<p><em>Tenir \u00e0 l&#8217;abri de la lumi\u00e8re. Ceci n&#8217;est pas un m\u00e9dicament. Tenir hors de port\u00e9e des enfants. Ne peut se substituer \u00e0 un r\u00e9gime alimentaire vari\u00e9 et \u00e9quilibr\u00e9.<br \/>\n<\/em><\/p>\n","protected":false},"featured_media":0,"comment_status":"open","ping_status":"closed","template":"","meta":{"neve_meta_sidebar":"","neve_meta_container":"contained","neve_meta_enable_content_width":"off","neve_meta_content_width":100,"neve_meta_title_alignment":"","neve_meta_author_avatar":"","neve_post_elements_order":"","neve_meta_disable_header":"","neve_meta_disable_footer":"","neve_meta_disable_title":"","_ti_tpc_template_sync":false,"_ti_tpc_template_id":""},"product_cat":[59],"product_tag":[],"yoast_head":"<!-- This site is optimized with the Yoast SEO plugin v22.6 - https:\/\/yoast.com\/wordpress\/plugins\/seo\/ -->\n<title>Hydrolat Bleuet<\/title>\n<meta name=\"description\" content=\"HYDROLAT - un moyen simple d&#039;avoir acc\u00e8s aux plantes. Qualit\u00e9 vibratoire de plantes vivant en altitude, tol\u00e9r\u00e9 par tous.\" \/>\n<meta name=\"robots\" content=\"index, follow, max-snippet:-1, max-image-preview:large, max-video-preview:-1\" \/>\n<link rel=\"canonical\" href=\"https:\/\/gebnout.fr\/index.php\/produit\/hydrolat-bleuet\/\" \/>\n<meta property=\"og:locale\" content=\"fr_FR\" \/>\n<meta property=\"og:type\" content=\"article\" \/>\n<meta property=\"og:title\" content=\"Hydrolat Bleuet\" \/>\n<meta property=\"og:description\" content=\"HYDROLAT - un moyen simple d&#039;avoir acc\u00e8s aux plantes. Qualit\u00e9 vibratoire de plantes vivant en altitude, tol\u00e9r\u00e9 par tous.\" \/>\n<meta property=\"og:url\" content=\"https:\/\/gebnout.fr\/index.php\/produit\/hydrolat-bleuet\/\" \/>\n<meta property=\"og:site_name\" content=\"Geb Nout\" \/>\n<meta property=\"article:modified_time\" content=\"2023-01-09T09:10:14+00:00\" \/>\n<meta name=\"twitter:card\" content=\"summary_large_image\" \/>\n<meta name=\"twitter:label1\" content=\"Dur\u00e9e de lecture estim\u00e9e\" \/>\n\t<meta name=\"twitter:data1\" content=\"1 minute\" \/>\n<script type=\"application\/ld+json\" class=\"yoast-schema-graph\">{\"@context\":\"https:\/\/schema.org\",\"@graph\":[{\"@type\":\"WebPage\",\"@id\":\"https:\/\/gebnout.fr\/index.php\/produit\/hydrolat-bleuet\/\",\"url\":\"https:\/\/gebnout.fr\/index.php\/produit\/hydrolat-bleuet\/\",\"name\":\"Hydrolat Bleuet\",\"isPartOf\":{\"@id\":\"https:\/\/gebnout.fr\/#website\"},\"datePublished\":\"2021-12-26T10:19:17+00:00\",\"dateModified\":\"2023-01-09T09:10:14+00:00\",\"description\":\"HYDROLAT - un moyen simple d'avoir acc\u00e8s aux plantes. Qualit\u00e9 vibratoire de plantes vivant en altitude, tol\u00e9r\u00e9 par tous.\",\"breadcrumb\":{\"@id\":\"https:\/\/gebnout.fr\/index.php\/produit\/hydrolat-bleuet\/#breadcrumb\"},\"inLanguage\":\"fr-FR\",\"potentialAction\":[{\"@type\":\"ReadAction\",\"target\":[\"https:\/\/gebnout.fr\/index.php\/produit\/hydrolat-bleuet\/\"]}]},{\"@type\":\"BreadcrumbList\",\"@id\":\"https:\/\/gebnout.fr\/index.php\/produit\/hydrolat-bleuet\/#breadcrumb\",\"itemListElement\":[{\"@type\":\"ListItem\",\"position\":1,\"name\":\"Accueil\",\"item\":\"https:\/\/gebnout.fr\/\"},{\"@type\":\"ListItem\",\"position\":2,\"name\":\"Boutique\",\"item\":\"https:\/\/gebnout.fr\/index.php\/boutique\/\"},{\"@type\":\"ListItem\",\"position\":3,\"name\":\"Hydrolat Bleuet\"}]},{\"@type\":\"WebSite\",\"@id\":\"https:\/\/gebnout.fr\/#website\",\"url\":\"https:\/\/gebnout.fr\/\",\"name\":\"Geb Nout\",\"description\":\"Passeur de v\u00e9g\u00e9taux\",\"publisher\":{\"@id\":\"https:\/\/gebnout.fr\/#organization\"},\"potentialAction\":[{\"@type\":\"SearchAction\",\"target\":{\"@type\":\"EntryPoint\",\"urlTemplate\":\"https:\/\/gebnout.fr\/?s={search_term_string}\"},\"query-input\":\"required name=search_term_string\"}],\"inLanguage\":\"fr-FR\"},{\"@type\":\"Organization\",\"@id\":\"https:\/\/gebnout.fr\/#organization\",\"name\":\"Geb Nout\",\"url\":\"https:\/\/gebnout.fr\/\",\"logo\":{\"@type\":\"ImageObject\",\"inLanguage\":\"fr-FR\",\"@id\":\"https:\/\/gebnout.fr\/#\/schema\/logo\/image\/\",\"url\":\"https:\/\/i0.wp.com\/gebnout.fr\/wp-content\/uploads\/2023\/04\/bourgeon-cassis-e1708104877110.png?fit=100%2C114&ssl=1\",\"contentUrl\":\"https:\/\/i0.wp.com\/gebnout.fr\/wp-content\/uploads\/2023\/04\/bourgeon-cassis-e1708104877110.png?fit=100%2C114&ssl=1\",\"width\":100,\"height\":114,\"caption\":\"Geb Nout\"},\"image\":{\"@id\":\"https:\/\/gebnout.fr\/#\/schema\/logo\/image\/\"}}]}<\/script>\n<!-- \/ Yoast SEO plugin. -->","yoast_head_json":{"title":"Hydrolat Bleuet","description":"HYDROLAT - un moyen simple d'avoir acc\u00e8s aux plantes. Qualit\u00e9 vibratoire de plantes vivant en altitude, tol\u00e9r\u00e9 par tous.","robots":{"index":"index","follow":"follow","max-snippet":"max-snippet:-1","max-image-preview":"max-image-preview:large","max-video-preview":"max-video-preview:-1"},"canonical":"https:\/\/gebnout.fr\/index.php\/produit\/hydrolat-bleuet\/","og_locale":"fr_FR","og_type":"article","og_title":"Hydrolat Bleuet","og_description":"HYDROLAT - un moyen simple d'avoir acc\u00e8s aux plantes. Qualit\u00e9 vibratoire de plantes vivant en altitude, tol\u00e9r\u00e9 par tous.","og_url":"https:\/\/gebnout.fr\/index.php\/produit\/hydrolat-bleuet\/","og_site_name":"Geb Nout","article_modified_time":"2023-01-09T09:10:14+00:00","twitter_card":"summary_large_image","twitter_misc":{"Dur\u00e9e de lecture estim\u00e9e":"1 minute"},"schema":{"@context":"https:\/\/schema.org","@graph":[{"@type":"WebPage","@id":"https:\/\/gebnout.fr\/index.php\/produit\/hydrolat-bleuet\/","url":"https:\/\/gebnout.fr\/index.php\/produit\/hydrolat-bleuet\/","name":"Hydrolat Bleuet","isPartOf":{"@id":"https:\/\/gebnout.fr\/#website"},"datePublished":"2021-12-26T10:19:17+00:00","dateModified":"2023-01-09T09:10:14+00:00","description":"HYDROLAT - un moyen simple d'avoir acc\u00e8s aux plantes. Qualit\u00e9 vibratoire de plantes vivant en altitude, tol\u00e9r\u00e9 par tous.","breadcrumb":{"@id":"https:\/\/gebnout.fr\/index.php\/produit\/hydrolat-bleuet\/#breadcrumb"},"inLanguage":"fr-FR","potentialAction":[{"@type":"ReadAction","target":["https:\/\/gebnout.fr\/index.php\/produit\/hydrolat-bleuet\/"]}]},{"@type":"BreadcrumbList","@id":"https:\/\/gebnout.fr\/index.php\/produit\/hydrolat-bleuet\/#breadcrumb","itemListElement":[{"@type":"ListItem","position":1,"name":"Accueil","item":"https:\/\/gebnout.fr\/"},{"@type":"ListItem","position":2,"name":"Boutique","item":"https:\/\/gebnout.fr\/index.php\/boutique\/"},{"@type":"ListItem","position":3,"name":"Hydrolat Bleuet"}]},{"@type":"WebSite","@id":"https:\/\/gebnout.fr\/#website","url":"https:\/\/gebnout.fr\/","name":"Geb Nout","description":"Passeur de v\u00e9g\u00e9taux","publisher":{"@id":"https:\/\/gebnout.fr\/#organization"},"potentialAction":[{"@type":"SearchAction","target":{"@type":"EntryPoint","urlTemplate":"https:\/\/gebnout.fr\/?s={search_term_string}"},"query-input":"required name=search_term_string"}],"inLanguage":"fr-FR"},{"@type":"Organization","@id":"https:\/\/gebnout.fr\/#organization","name":"Geb Nout","url":"https:\/\/gebnout.fr\/","logo":{"@type":"ImageObject","inLanguage":"fr-FR","@id":"https:\/\/gebnout.fr\/#\/schema\/logo\/image\/","url":"https:\/\/i0.wp.com\/gebnout.fr\/wp-content\/uploads\/2023\/04\/bourgeon-cassis-e1708104877110.png?fit=100%2C114&ssl=1","contentUrl":"https:\/\/i0.wp.com\/gebnout.fr\/wp-content\/uploads\/2023\/04\/bourgeon-cassis-e1708104877110.png?fit=100%2C114&ssl=1","width":100,"height":114,"caption":"Geb Nout"},"image":{"@id":"https:\/\/gebnout.fr\/#\/schema\/logo\/image\/"}}]}},"jetpack_sharing_enabled":true,"_links":{"self":[{"href":"https:\/\/gebnout.fr\/index.php\/wp-json\/wp\/v2\/product\/5061"}],"collection":[{"href":"https:\/\/gebnout.fr\/index.php\/wp-json\/wp\/v2\/product"}],"about":[{"href":"https:\/\/gebnout.fr\/index.php\/wp-json\/wp\/v2\/types\/product"}],"replies":[{"embeddable":true,"href":"https:\/\/gebnout.fr\/index.php\/wp-json\/wp\/v2\/comments?post=5061"}],"version-history":[{"count":1,"href":"https:\/\/gebnout.fr\/index.php\/wp-json\/wp\/v2\/product\/5061\/revisions"}],"predecessor-version":[{"id":5062,"href":"https:\/\/gebnout.fr\/index.php\/wp-json\/wp\/v2\/product\/5061\/revisions\/5062"}],"wp:attachment":[{"href":"https:\/\/gebnout.fr\/index.php\/wp-json\/wp\/v2\/media?parent=5061"}],"wp:term":[{"taxonomy":"product_cat","embeddable":true,"href":"https:\/\/gebnout.fr\/index.php\/wp-json\/wp\/v2\/product_cat?post=5061"},{"taxonomy":"product_tag","embeddable":true,"href":"https:\/\/gebnout.fr\/index.php\/wp-json\/wp\/v2\/product_tag?post=5061"}],"curies":[{"name":"wp","href":"https:\/\/api.w.org\/{rel}","templated":true}]}}