{"id":6673,"date":"2022-06-02T11:10:52","date_gmt":"2022-06-02T09:10:52","guid":{"rendered":"https:\/\/gebnout.fr\/?post_type=product&#038;p=6673"},"modified":"2024-07-07T17:44:41","modified_gmt":"2024-07-07T15:44:41","slug":"apprentissage-dune-autonomie-daction","status":"publish","type":"product","link":"https:\/\/gebnout.fr\/index.php\/produit\/apprentissage-dune-autonomie-daction\/","title":{"rendered":"Apprentissage d&#8217;une autonomie d&#8217;action"},"content":{"rendered":"","protected":false},"excerpt":{"rendered":"<p>Le paiement de cette somme permet de finaliser votre inscription au stage.<\/p>\n<p>Lors du stage, il restera \u00e0 r\u00e9gler :<br \/>\n&#8211; l&#8217;adh\u00e9sion obligatoire \u00e0 Geb-Nout<br \/>\n&#8211; les frais p\u00e9dagogiques, frais d&#8217;inscription d\u00e9duits<br \/>\n&#8211; les frais d&#8217;h\u00e9bergement et de repas. Voir d\u00e9tails <b><a href=\"https:\/\/gebnout.fr\/index.php\/formation-modalites\/\">ici<\/a><\/b>.<\/p>\n<p>L&#8217;annulation est gratuite jusqu&#8217;\u00e0 un mois avant le stage.<br \/>\nEntre un mois et deux semaines avant le stage, 30% du montant des frais d&#8217;inscription est rembours\u00e9.<br \/>\n<i><span style=\"font-weight: 400;\">En cas d\u2019annulation due \u00e0 la situation sanitaire, la totalit\u00e9 du r\u00e8glement sera rembours\u00e9e.<\/span><\/i><\/p>\n<p>&nbsp;<\/p>\n","protected":false},"featured_media":6674,"comment_status":"open","ping_status":"closed","template":"","meta":{"neve_meta_sidebar":"","neve_meta_container":"","neve_meta_enable_content_width":"off","neve_meta_content_width":100,"neve_meta_title_alignment":"","neve_meta_author_avatar":"","neve_post_elements_order":"","neve_meta_disable_header":"","neve_meta_disable_footer":"","neve_meta_disable_title":"","_ti_tpc_template_sync":false,"_ti_tpc_template_id":""},"product_cat":[45],"product_tag":[],"yoast_head":"<!-- This site is optimized with the Yoast SEO plugin v22.6 - https:\/\/yoast.com\/wordpress\/plugins\/seo\/ -->\n<title>Apprentissage d&#039;une autonomie d&#039;action - Geb Nout<\/title>\n<meta name=\"description\" content=\"Venez sentir l&#039;\u00e9quilibre d\u00e9licat entre des m\u00e9thodes\/techniques de culture permacoles et un lien plus profond, plus instinctif avec le vivant.\" \/>\n<meta name=\"robots\" content=\"index, follow, max-snippet:-1, max-image-preview:large, max-video-preview:-1\" \/>\n<link rel=\"canonical\" href=\"https:\/\/gebnout.fr\/index.php\/produit\/apprentissage-dune-autonomie-daction\/\" \/>\n<meta property=\"og:locale\" content=\"fr_FR\" \/>\n<meta property=\"og:type\" content=\"article\" \/>\n<meta property=\"og:title\" content=\"Apprentissage d&#039;une autonomie d&#039;action - Geb Nout\" \/>\n<meta property=\"og:description\" content=\"Venez sentir l&#039;\u00e9quilibre d\u00e9licat entre des m\u00e9thodes\/techniques de culture permacoles et un lien plus profond, plus instinctif avec le vivant.\" \/>\n<meta property=\"og:url\" content=\"https:\/\/gebnout.fr\/index.php\/produit\/apprentissage-dune-autonomie-daction\/\" \/>\n<meta property=\"og:site_name\" content=\"Geb Nout\" \/>\n<meta property=\"article:modified_time\" content=\"2024-07-07T15:44:41+00:00\" \/>\n<meta property=\"og:image\" content=\"https:\/\/gebnout.fr\/wp-content\/uploads\/2022\/06\/17955611470689789-m.jpg\" \/>\n\t<meta property=\"og:image:width\" content=\"600\" \/>\n\t<meta property=\"og:image:height\" content=\"600\" \/>\n\t<meta property=\"og:image:type\" content=\"image\/jpeg\" \/>\n<meta name=\"twitter:card\" content=\"summary_large_image\" \/>\n<script type=\"application\/ld+json\" class=\"yoast-schema-graph\">{\"@context\":\"https:\/\/schema.org\",\"@graph\":[{\"@type\":\"WebPage\",\"@id\":\"https:\/\/gebnout.fr\/index.php\/produit\/apprentissage-dune-autonomie-daction\/\",\"url\":\"https:\/\/gebnout.fr\/index.php\/produit\/apprentissage-dune-autonomie-daction\/\",\"name\":\"Apprentissage d'une autonomie d'action - Geb Nout\",\"isPartOf\":{\"@id\":\"https:\/\/gebnout.fr\/#website\"},\"primaryImageOfPage\":{\"@id\":\"https:\/\/gebnout.fr\/index.php\/produit\/apprentissage-dune-autonomie-daction\/#primaryimage\"},\"image\":{\"@id\":\"https:\/\/gebnout.fr\/index.php\/produit\/apprentissage-dune-autonomie-daction\/#primaryimage\"},\"thumbnailUrl\":\"https:\/\/i0.wp.com\/gebnout.fr\/wp-content\/uploads\/2022\/06\/17955611470689789-m.jpg?fit=600%2C600&ssl=1\",\"datePublished\":\"2022-06-02T09:10:52+00:00\",\"dateModified\":\"2024-07-07T15:44:41+00:00\",\"description\":\"Venez sentir l'\u00e9quilibre d\u00e9licat entre des m\u00e9thodes\/techniques de culture permacoles et un lien plus profond, plus instinctif avec le vivant.\",\"breadcrumb\":{\"@id\":\"https:\/\/gebnout.fr\/index.php\/produit\/apprentissage-dune-autonomie-daction\/#breadcrumb\"},\"inLanguage\":\"fr-FR\",\"potentialAction\":[{\"@type\":\"ReadAction\",\"target\":[\"https:\/\/gebnout.fr\/index.php\/produit\/apprentissage-dune-autonomie-daction\/\"]}]},{\"@type\":\"ImageObject\",\"inLanguage\":\"fr-FR\",\"@id\":\"https:\/\/gebnout.fr\/index.php\/produit\/apprentissage-dune-autonomie-daction\/#primaryimage\",\"url\":\"https:\/\/i0.wp.com\/gebnout.fr\/wp-content\/uploads\/2022\/06\/17955611470689789-m.jpg?fit=600%2C600&ssl=1\",\"contentUrl\":\"https:\/\/i0.wp.com\/gebnout.fr\/wp-content\/uploads\/2022\/06\/17955611470689789-m.jpg?fit=600%2C600&ssl=1\",\"width\":600,\"height\":600},{\"@type\":\"BreadcrumbList\",\"@id\":\"https:\/\/gebnout.fr\/index.php\/produit\/apprentissage-dune-autonomie-daction\/#breadcrumb\",\"itemListElement\":[{\"@type\":\"ListItem\",\"position\":1,\"name\":\"Accueil\",\"item\":\"https:\/\/gebnout.fr\/\"},{\"@type\":\"ListItem\",\"position\":2,\"name\":\"Boutique\",\"item\":\"https:\/\/gebnout.fr\/index.php\/boutique\/\"},{\"@type\":\"ListItem\",\"position\":3,\"name\":\"Apprentissage d&#8217;une autonomie d&#8217;action\"}]},{\"@type\":\"WebSite\",\"@id\":\"https:\/\/gebnout.fr\/#website\",\"url\":\"https:\/\/gebnout.fr\/\",\"name\":\"Geb Nout\",\"description\":\"Passeur de v\u00e9g\u00e9taux\",\"publisher\":{\"@id\":\"https:\/\/gebnout.fr\/#organization\"},\"potentialAction\":[{\"@type\":\"SearchAction\",\"target\":{\"@type\":\"EntryPoint\",\"urlTemplate\":\"https:\/\/gebnout.fr\/?s={search_term_string}\"},\"query-input\":\"required name=search_term_string\"}],\"inLanguage\":\"fr-FR\"},{\"@type\":\"Organization\",\"@id\":\"https:\/\/gebnout.fr\/#organization\",\"name\":\"Geb Nout\",\"url\":\"https:\/\/gebnout.fr\/\",\"logo\":{\"@type\":\"ImageObject\",\"inLanguage\":\"fr-FR\",\"@id\":\"https:\/\/gebnout.fr\/#\/schema\/logo\/image\/\",\"url\":\"https:\/\/i0.wp.com\/gebnout.fr\/wp-content\/uploads\/2023\/04\/bourgeon-cassis-e1708104877110.png?fit=100%2C114&ssl=1\",\"contentUrl\":\"https:\/\/i0.wp.com\/gebnout.fr\/wp-content\/uploads\/2023\/04\/bourgeon-cassis-e1708104877110.png?fit=100%2C114&ssl=1\",\"width\":100,\"height\":114,\"caption\":\"Geb Nout\"},\"image\":{\"@id\":\"https:\/\/gebnout.fr\/#\/schema\/logo\/image\/\"}}]}<\/script>\n<!-- \/ Yoast SEO plugin. -->","yoast_head_json":{"title":"Apprentissage d'une autonomie d'action - Geb Nout","description":"Venez sentir l'\u00e9quilibre d\u00e9licat entre des m\u00e9thodes\/techniques de culture permacoles et un lien plus profond, plus instinctif avec le vivant.","robots":{"index":"index","follow":"follow","max-snippet":"max-snippet:-1","max-image-preview":"max-image-preview:large","max-video-preview":"max-video-preview:-1"},"canonical":"https:\/\/gebnout.fr\/index.php\/produit\/apprentissage-dune-autonomie-daction\/","og_locale":"fr_FR","og_type":"article","og_title":"Apprentissage d'une autonomie d'action - Geb Nout","og_description":"Venez sentir l'\u00e9quilibre d\u00e9licat entre des m\u00e9thodes\/techniques de culture permacoles et un lien plus profond, plus instinctif avec le vivant.","og_url":"https:\/\/gebnout.fr\/index.php\/produit\/apprentissage-dune-autonomie-daction\/","og_site_name":"Geb Nout","article_modified_time":"2024-07-07T15:44:41+00:00","og_image":[{"width":600,"height":600,"url":"https:\/\/gebnout.fr\/wp-content\/uploads\/2022\/06\/17955611470689789-m.jpg","type":"image\/jpeg"}],"twitter_card":"summary_large_image","schema":{"@context":"https:\/\/schema.org","@graph":[{"@type":"WebPage","@id":"https:\/\/gebnout.fr\/index.php\/produit\/apprentissage-dune-autonomie-daction\/","url":"https:\/\/gebnout.fr\/index.php\/produit\/apprentissage-dune-autonomie-daction\/","name":"Apprentissage d'une autonomie d'action - Geb Nout","isPartOf":{"@id":"https:\/\/gebnout.fr\/#website"},"primaryImageOfPage":{"@id":"https:\/\/gebnout.fr\/index.php\/produit\/apprentissage-dune-autonomie-daction\/#primaryimage"},"image":{"@id":"https:\/\/gebnout.fr\/index.php\/produit\/apprentissage-dune-autonomie-daction\/#primaryimage"},"thumbnailUrl":"https:\/\/i0.wp.com\/gebnout.fr\/wp-content\/uploads\/2022\/06\/17955611470689789-m.jpg?fit=600%2C600&ssl=1","datePublished":"2022-06-02T09:10:52+00:00","dateModified":"2024-07-07T15:44:41+00:00","description":"Venez sentir l'\u00e9quilibre d\u00e9licat entre des m\u00e9thodes\/techniques de culture permacoles et un lien plus profond, plus instinctif avec le vivant.","breadcrumb":{"@id":"https:\/\/gebnout.fr\/index.php\/produit\/apprentissage-dune-autonomie-daction\/#breadcrumb"},"inLanguage":"fr-FR","potentialAction":[{"@type":"ReadAction","target":["https:\/\/gebnout.fr\/index.php\/produit\/apprentissage-dune-autonomie-daction\/"]}]},{"@type":"ImageObject","inLanguage":"fr-FR","@id":"https:\/\/gebnout.fr\/index.php\/produit\/apprentissage-dune-autonomie-daction\/#primaryimage","url":"https:\/\/i0.wp.com\/gebnout.fr\/wp-content\/uploads\/2022\/06\/17955611470689789-m.jpg?fit=600%2C600&ssl=1","contentUrl":"https:\/\/i0.wp.com\/gebnout.fr\/wp-content\/uploads\/2022\/06\/17955611470689789-m.jpg?fit=600%2C600&ssl=1","width":600,"height":600},{"@type":"BreadcrumbList","@id":"https:\/\/gebnout.fr\/index.php\/produit\/apprentissage-dune-autonomie-daction\/#breadcrumb","itemListElement":[{"@type":"ListItem","position":1,"name":"Accueil","item":"https:\/\/gebnout.fr\/"},{"@type":"ListItem","position":2,"name":"Boutique","item":"https:\/\/gebnout.fr\/index.php\/boutique\/"},{"@type":"ListItem","position":3,"name":"Apprentissage d&#8217;une autonomie d&#8217;action"}]},{"@type":"WebSite","@id":"https:\/\/gebnout.fr\/#website","url":"https:\/\/gebnout.fr\/","name":"Geb Nout","description":"Passeur de v\u00e9g\u00e9taux","publisher":{"@id":"https:\/\/gebnout.fr\/#organization"},"potentialAction":[{"@type":"SearchAction","target":{"@type":"EntryPoint","urlTemplate":"https:\/\/gebnout.fr\/?s={search_term_string}"},"query-input":"required name=search_term_string"}],"inLanguage":"fr-FR"},{"@type":"Organization","@id":"https:\/\/gebnout.fr\/#organization","name":"Geb Nout","url":"https:\/\/gebnout.fr\/","logo":{"@type":"ImageObject","inLanguage":"fr-FR","@id":"https:\/\/gebnout.fr\/#\/schema\/logo\/image\/","url":"https:\/\/i0.wp.com\/gebnout.fr\/wp-content\/uploads\/2023\/04\/bourgeon-cassis-e1708104877110.png?fit=100%2C114&ssl=1","contentUrl":"https:\/\/i0.wp.com\/gebnout.fr\/wp-content\/uploads\/2023\/04\/bourgeon-cassis-e1708104877110.png?fit=100%2C114&ssl=1","width":100,"height":114,"caption":"Geb Nout"},"image":{"@id":"https:\/\/gebnout.fr\/#\/schema\/logo\/image\/"}}]}},"jetpack_sharing_enabled":true,"_links":{"self":[{"href":"https:\/\/gebnout.fr\/index.php\/wp-json\/wp\/v2\/product\/6673"}],"collection":[{"href":"https:\/\/gebnout.fr\/index.php\/wp-json\/wp\/v2\/product"}],"about":[{"href":"https:\/\/gebnout.fr\/index.php\/wp-json\/wp\/v2\/types\/product"}],"replies":[{"embeddable":true,"href":"https:\/\/gebnout.fr\/index.php\/wp-json\/wp\/v2\/comments?post=6673"}],"version-history":[{"count":1,"href":"https:\/\/gebnout.fr\/index.php\/wp-json\/wp\/v2\/product\/6673\/revisions"}],"predecessor-version":[{"id":6675,"href":"https:\/\/gebnout.fr\/index.php\/wp-json\/wp\/v2\/product\/6673\/revisions\/6675"}],"wp:featuredmedia":[{"embeddable":true,"href":"https:\/\/gebnout.fr\/index.php\/wp-json\/wp\/v2\/media\/6674"}],"wp:attachment":[{"href":"https:\/\/gebnout.fr\/index.php\/wp-json\/wp\/v2\/media?parent=6673"}],"wp:term":[{"taxonomy":"product_cat","embeddable":true,"href":"https:\/\/gebnout.fr\/index.php\/wp-json\/wp\/v2\/product_cat?post=6673"},{"taxonomy":"product_tag","embeddable":true,"href":"https:\/\/gebnout.fr\/index.php\/wp-json\/wp\/v2\/product_tag?post=6673"}],"curies":[{"name":"wp","href":"https:\/\/api.w.org\/{rel}","templated":true}]}}