{"id":8929,"date":"2023-01-09T10:19:04","date_gmt":"2023-01-09T09:19:04","guid":{"rendered":"https:\/\/gebnout.fr\/?post_type=product&#038;p=8929"},"modified":"2024-02-12T11:18:23","modified_gmt":"2024-02-12T10:18:23","slug":"farine-de-sorgho","status":"publish","type":"product","link":"https:\/\/gebnout.fr\/index.php\/produit\/farine-de-sorgho\/","title":{"rendered":"Farine de Sorgho"},"content":{"rendered":"<p>Id\u00e9e recette : P\u00e2te \u00e0 tarte \u00e0 la farine aux plantes<\/p>\n<p>Pour une tarte<\/p>\n<p>&#8211; 150 g de farine de sorgho<br \/>\n&#8211; 50 g de farine de bl\u00e9s<br \/>\n&#8211; 10 cl d\u2019huile d\u2019olive<br \/>\n&#8211; eau<br \/>\n&#8211; une pinc\u00e9e d\u2019\u00e9merveillement<\/p>\n<p>M\u00e9langez l\u2019huile et la farine. Ajouter de l\u2019eau petit \u00e0 petit jusqu\u2019\u00e0 obtenir une boule homog\u00e8ne. Etalez la p\u00e2te en vous servant d\u2019un rouleau \u00e0 p\u00e2tisserie p\u00e2te. Dressez la p\u00e2te dans un moule puis garnissez-la d\u2019un appareil \u0153ufs \/ lait v\u00e9g\u00e9tal \/ l\u00e9gumes selon la saison et vos envies.<\/p>\n<p>&nbsp;<\/p>\n","protected":false},"excerpt":{"rendered":"<p><strong>Poids net : 800g<\/strong><\/p>\n<p>Notre farine de Sorgho pur pass\u00e9e sur moulin \u00e0 meule de pierre.<\/p>\n<p>PR\u00c9PARATION pour r\u00e9aliser \u00e0 la maison vos biscuits, g\u00e2teaux, cr\u00eapes, p\u00e2tes \u00e0 tarte \u2026.<\/p>\n<p>Recettes au dos du paquet &#8211; une moyen de varier les plaisirs et bienfaits<\/p>\n<p>&nbsp;<\/p>\n","protected":false},"featured_media":2838,"comment_status":"open","ping_status":"closed","template":"","meta":{"neve_meta_sidebar":"","neve_meta_container":"contained","neve_meta_enable_content_width":"off","neve_meta_content_width":100,"neve_meta_title_alignment":"","neve_meta_author_avatar":"","neve_post_elements_order":"","neve_meta_disable_header":"","neve_meta_disable_footer":"","neve_meta_disable_title":"","_ti_tpc_template_sync":false,"_ti_tpc_template_id":""},"product_cat":[51],"product_tag":[],"yoast_head":"<!-- This site is optimized with the Yoast SEO plugin v22.6 - https:\/\/yoast.com\/wordpress\/plugins\/seo\/ -->\n<title>Farine Sorgho<\/title>\n<meta name=\"description\" content=\"Venez d\u00e9guster dans un lieu pr\u00e9serv\u00e9, un de nos produits : la farine de sorgho pass\u00e9e sur moulin \u00e0 meule de pierre, le bonheur en cuisine\" \/>\n<meta name=\"robots\" content=\"index, follow, max-snippet:-1, max-image-preview:large, max-video-preview:-1\" \/>\n<link rel=\"canonical\" href=\"https:\/\/gebnout.fr\/index.php\/produit\/farine-de-sorgho\/\" \/>\n<meta property=\"og:locale\" content=\"fr_FR\" \/>\n<meta property=\"og:type\" content=\"article\" \/>\n<meta property=\"og:title\" content=\"Farine Sorgho\" \/>\n<meta property=\"og:description\" content=\"Venez d\u00e9guster dans un lieu pr\u00e9serv\u00e9, un de nos produits : la farine de sorgho pass\u00e9e sur moulin \u00e0 meule de pierre, le bonheur en cuisine\" \/>\n<meta property=\"og:url\" content=\"https:\/\/gebnout.fr\/index.php\/produit\/farine-de-sorgho\/\" \/>\n<meta property=\"og:site_name\" content=\"Geb Nout\" \/>\n<meta property=\"article:modified_time\" content=\"2024-02-12T10:18:23+00:00\" \/>\n<meta property=\"og:image\" content=\"https:\/\/gebnout.fr\/wp-content\/uploads\/2021\/10\/farine-scaled.jpg\" \/>\n\t<meta property=\"og:image:width\" content=\"1440\" \/>\n\t<meta property=\"og:image:height\" content=\"2560\" \/>\n\t<meta property=\"og:image:type\" content=\"image\/jpeg\" \/>\n<meta name=\"twitter:card\" content=\"summary_large_image\" \/>\n<meta name=\"twitter:label1\" content=\"Dur\u00e9e de lecture estim\u00e9e\" \/>\n\t<meta name=\"twitter:data1\" content=\"1 minute\" \/>\n<script type=\"application\/ld+json\" class=\"yoast-schema-graph\">{\"@context\":\"https:\/\/schema.org\",\"@graph\":[{\"@type\":\"WebPage\",\"@id\":\"https:\/\/gebnout.fr\/index.php\/produit\/farine-de-sorgho\/\",\"url\":\"https:\/\/gebnout.fr\/index.php\/produit\/farine-de-sorgho\/\",\"name\":\"Farine Sorgho\",\"isPartOf\":{\"@id\":\"https:\/\/gebnout.fr\/#website\"},\"primaryImageOfPage\":{\"@id\":\"https:\/\/gebnout.fr\/index.php\/produit\/farine-de-sorgho\/#primaryimage\"},\"image\":{\"@id\":\"https:\/\/gebnout.fr\/index.php\/produit\/farine-de-sorgho\/#primaryimage\"},\"thumbnailUrl\":\"https:\/\/i0.wp.com\/gebnout.fr\/wp-content\/uploads\/2021\/10\/farine-scaled.jpg?fit=1440%2C2560&ssl=1\",\"datePublished\":\"2023-01-09T09:19:04+00:00\",\"dateModified\":\"2024-02-12T10:18:23+00:00\",\"description\":\"Venez d\u00e9guster dans un lieu pr\u00e9serv\u00e9, un de nos produits : la farine de sorgho pass\u00e9e sur moulin \u00e0 meule de pierre, le bonheur en cuisine\",\"breadcrumb\":{\"@id\":\"https:\/\/gebnout.fr\/index.php\/produit\/farine-de-sorgho\/#breadcrumb\"},\"inLanguage\":\"fr-FR\",\"potentialAction\":[{\"@type\":\"ReadAction\",\"target\":[\"https:\/\/gebnout.fr\/index.php\/produit\/farine-de-sorgho\/\"]}]},{\"@type\":\"ImageObject\",\"inLanguage\":\"fr-FR\",\"@id\":\"https:\/\/gebnout.fr\/index.php\/produit\/farine-de-sorgho\/#primaryimage\",\"url\":\"https:\/\/i0.wp.com\/gebnout.fr\/wp-content\/uploads\/2021\/10\/farine-scaled.jpg?fit=1440%2C2560&ssl=1\",\"contentUrl\":\"https:\/\/i0.wp.com\/gebnout.fr\/wp-content\/uploads\/2021\/10\/farine-scaled.jpg?fit=1440%2C2560&ssl=1\",\"width\":1440,\"height\":2560},{\"@type\":\"BreadcrumbList\",\"@id\":\"https:\/\/gebnout.fr\/index.php\/produit\/farine-de-sorgho\/#breadcrumb\",\"itemListElement\":[{\"@type\":\"ListItem\",\"position\":1,\"name\":\"Accueil\",\"item\":\"https:\/\/gebnout.fr\/\"},{\"@type\":\"ListItem\",\"position\":2,\"name\":\"Boutique\",\"item\":\"https:\/\/gebnout.fr\/index.php\/boutique\/\"},{\"@type\":\"ListItem\",\"position\":3,\"name\":\"Farine de Sorgho\"}]},{\"@type\":\"WebSite\",\"@id\":\"https:\/\/gebnout.fr\/#website\",\"url\":\"https:\/\/gebnout.fr\/\",\"name\":\"Geb Nout\",\"description\":\"Passeur de v\u00e9g\u00e9taux\",\"publisher\":{\"@id\":\"https:\/\/gebnout.fr\/#organization\"},\"potentialAction\":[{\"@type\":\"SearchAction\",\"target\":{\"@type\":\"EntryPoint\",\"urlTemplate\":\"https:\/\/gebnout.fr\/?s={search_term_string}\"},\"query-input\":\"required name=search_term_string\"}],\"inLanguage\":\"fr-FR\"},{\"@type\":\"Organization\",\"@id\":\"https:\/\/gebnout.fr\/#organization\",\"name\":\"Geb Nout\",\"url\":\"https:\/\/gebnout.fr\/\",\"logo\":{\"@type\":\"ImageObject\",\"inLanguage\":\"fr-FR\",\"@id\":\"https:\/\/gebnout.fr\/#\/schema\/logo\/image\/\",\"url\":\"https:\/\/i0.wp.com\/gebnout.fr\/wp-content\/uploads\/2023\/04\/bourgeon-cassis-e1708104877110.png?fit=100%2C114&ssl=1\",\"contentUrl\":\"https:\/\/i0.wp.com\/gebnout.fr\/wp-content\/uploads\/2023\/04\/bourgeon-cassis-e1708104877110.png?fit=100%2C114&ssl=1\",\"width\":100,\"height\":114,\"caption\":\"Geb Nout\"},\"image\":{\"@id\":\"https:\/\/gebnout.fr\/#\/schema\/logo\/image\/\"}}]}<\/script>\n<!-- \/ Yoast SEO plugin. -->","yoast_head_json":{"title":"Farine Sorgho","description":"Venez d\u00e9guster dans un lieu pr\u00e9serv\u00e9, un de nos produits : la farine de sorgho pass\u00e9e sur moulin \u00e0 meule de pierre, le bonheur en cuisine","robots":{"index":"index","follow":"follow","max-snippet":"max-snippet:-1","max-image-preview":"max-image-preview:large","max-video-preview":"max-video-preview:-1"},"canonical":"https:\/\/gebnout.fr\/index.php\/produit\/farine-de-sorgho\/","og_locale":"fr_FR","og_type":"article","og_title":"Farine Sorgho","og_description":"Venez d\u00e9guster dans un lieu pr\u00e9serv\u00e9, un de nos produits : la farine de sorgho pass\u00e9e sur moulin \u00e0 meule de pierre, le bonheur en cuisine","og_url":"https:\/\/gebnout.fr\/index.php\/produit\/farine-de-sorgho\/","og_site_name":"Geb Nout","article_modified_time":"2024-02-12T10:18:23+00:00","og_image":[{"width":1440,"height":2560,"url":"https:\/\/gebnout.fr\/wp-content\/uploads\/2021\/10\/farine-scaled.jpg","type":"image\/jpeg"}],"twitter_card":"summary_large_image","twitter_misc":{"Dur\u00e9e de lecture estim\u00e9e":"1 minute"},"schema":{"@context":"https:\/\/schema.org","@graph":[{"@type":"WebPage","@id":"https:\/\/gebnout.fr\/index.php\/produit\/farine-de-sorgho\/","url":"https:\/\/gebnout.fr\/index.php\/produit\/farine-de-sorgho\/","name":"Farine Sorgho","isPartOf":{"@id":"https:\/\/gebnout.fr\/#website"},"primaryImageOfPage":{"@id":"https:\/\/gebnout.fr\/index.php\/produit\/farine-de-sorgho\/#primaryimage"},"image":{"@id":"https:\/\/gebnout.fr\/index.php\/produit\/farine-de-sorgho\/#primaryimage"},"thumbnailUrl":"https:\/\/i0.wp.com\/gebnout.fr\/wp-content\/uploads\/2021\/10\/farine-scaled.jpg?fit=1440%2C2560&ssl=1","datePublished":"2023-01-09T09:19:04+00:00","dateModified":"2024-02-12T10:18:23+00:00","description":"Venez d\u00e9guster dans un lieu pr\u00e9serv\u00e9, un de nos produits : la farine de sorgho pass\u00e9e sur moulin \u00e0 meule de pierre, le bonheur en cuisine","breadcrumb":{"@id":"https:\/\/gebnout.fr\/index.php\/produit\/farine-de-sorgho\/#breadcrumb"},"inLanguage":"fr-FR","potentialAction":[{"@type":"ReadAction","target":["https:\/\/gebnout.fr\/index.php\/produit\/farine-de-sorgho\/"]}]},{"@type":"ImageObject","inLanguage":"fr-FR","@id":"https:\/\/gebnout.fr\/index.php\/produit\/farine-de-sorgho\/#primaryimage","url":"https:\/\/i0.wp.com\/gebnout.fr\/wp-content\/uploads\/2021\/10\/farine-scaled.jpg?fit=1440%2C2560&ssl=1","contentUrl":"https:\/\/i0.wp.com\/gebnout.fr\/wp-content\/uploads\/2021\/10\/farine-scaled.jpg?fit=1440%2C2560&ssl=1","width":1440,"height":2560},{"@type":"BreadcrumbList","@id":"https:\/\/gebnout.fr\/index.php\/produit\/farine-de-sorgho\/#breadcrumb","itemListElement":[{"@type":"ListItem","position":1,"name":"Accueil","item":"https:\/\/gebnout.fr\/"},{"@type":"ListItem","position":2,"name":"Boutique","item":"https:\/\/gebnout.fr\/index.php\/boutique\/"},{"@type":"ListItem","position":3,"name":"Farine de Sorgho"}]},{"@type":"WebSite","@id":"https:\/\/gebnout.fr\/#website","url":"https:\/\/gebnout.fr\/","name":"Geb Nout","description":"Passeur de v\u00e9g\u00e9taux","publisher":{"@id":"https:\/\/gebnout.fr\/#organization"},"potentialAction":[{"@type":"SearchAction","target":{"@type":"EntryPoint","urlTemplate":"https:\/\/gebnout.fr\/?s={search_term_string}"},"query-input":"required name=search_term_string"}],"inLanguage":"fr-FR"},{"@type":"Organization","@id":"https:\/\/gebnout.fr\/#organization","name":"Geb Nout","url":"https:\/\/gebnout.fr\/","logo":{"@type":"ImageObject","inLanguage":"fr-FR","@id":"https:\/\/gebnout.fr\/#\/schema\/logo\/image\/","url":"https:\/\/i0.wp.com\/gebnout.fr\/wp-content\/uploads\/2023\/04\/bourgeon-cassis-e1708104877110.png?fit=100%2C114&ssl=1","contentUrl":"https:\/\/i0.wp.com\/gebnout.fr\/wp-content\/uploads\/2023\/04\/bourgeon-cassis-e1708104877110.png?fit=100%2C114&ssl=1","width":100,"height":114,"caption":"Geb Nout"},"image":{"@id":"https:\/\/gebnout.fr\/#\/schema\/logo\/image\/"}}]}},"jetpack_sharing_enabled":true,"_links":{"self":[{"href":"https:\/\/gebnout.fr\/index.php\/wp-json\/wp\/v2\/product\/8929"}],"collection":[{"href":"https:\/\/gebnout.fr\/index.php\/wp-json\/wp\/v2\/product"}],"about":[{"href":"https:\/\/gebnout.fr\/index.php\/wp-json\/wp\/v2\/types\/product"}],"replies":[{"embeddable":true,"href":"https:\/\/gebnout.fr\/index.php\/wp-json\/wp\/v2\/comments?post=8929"}],"version-history":[{"count":1,"href":"https:\/\/gebnout.fr\/index.php\/wp-json\/wp\/v2\/product\/8929\/revisions"}],"predecessor-version":[{"id":8930,"href":"https:\/\/gebnout.fr\/index.php\/wp-json\/wp\/v2\/product\/8929\/revisions\/8930"}],"wp:featuredmedia":[{"embeddable":true,"href":"https:\/\/gebnout.fr\/index.php\/wp-json\/wp\/v2\/media\/2838"}],"wp:attachment":[{"href":"https:\/\/gebnout.fr\/index.php\/wp-json\/wp\/v2\/media?parent=8929"}],"wp:term":[{"taxonomy":"product_cat","embeddable":true,"href":"https:\/\/gebnout.fr\/index.php\/wp-json\/wp\/v2\/product_cat?post=8929"},{"taxonomy":"product_tag","embeddable":true,"href":"https:\/\/gebnout.fr\/index.php\/wp-json\/wp\/v2\/product_tag?post=8929"}],"curies":[{"name":"wp","href":"https:\/\/api.w.org\/{rel}","templated":true}]}}